{"id":9214,"date":"2025-12-03T13:55:17","date_gmt":"2025-12-03T13:55:17","guid":{"rendered":"https:\/\/dariusmusic.hu\/?post_type=product&#038;p=9214"},"modified":"2025-12-12T13:34:34","modified_gmt":"2025-12-12T13:34:34","slug":"ch_l_bazin-%e5%b0%8f%e6%8f%90%e7%90%b4%e7%90%b4%e5%bc%93-item-no-1","status":"publish","type":"product","link":"https:\/\/dariusmusic.hu\/zh-hant\/kulonleges-hangszer\/ch_l_bazin-%e5%b0%8f%e6%8f%90%e7%90%b4%e7%90%b4%e5%bc%93-item-no-1\/","title":{"rendered":"<b>Charles Louis BAZIN<\/b> <br>\u5c0f\u63d0\u7434\u7434\u5f13  (Item no. 1)"},"content":{"rendered":"<p>Fitting: Ebony\/nickel<\/p>\n<p>French bow, Lupot model<\/p>\n<p>Certificate: Jean-Francois Raffin (2022)<\/p>\n<p>Weight: 58,3 g<\/p>\n<p>Status:  Available<\/p>\n","protected":false},"excerpt":{"rendered":"<h2>Ch. L. BAZIN \u5c0f\u63d0\u7434\u7434\u5f13<\/h2>\n<p><em>\u5236\u9020\u4e8e\u5fb7\u56fd<\/em><\/p>\n<p>\u91cd\u91cf: 58,3\u514b<\/p>\n<p>&nbsp;<\/p>\n<p>\u72b6\u6001:\u00a0 <em><span style=\"color: #6a2f1b;\"><strong>\u53ef\u6536\u4e70<\/strong><\/span><\/em><\/p>\n","protected":false},"featured_media":9224,"template":"","meta":[],"product_brand":[],"product_cat":[226],"product_tag":[],"class_list":{"0":"post-9214","1":"product","2":"type-product","3":"status-publish","4":"has-post-thumbnail","6":"product_cat-3000e-tol-zh-hant-4","8":"first","9":"instock","10":"shipping-taxable","11":"product-type-simple"},"yoast_head":"<!-- This site is optimized with the Yoast SEO plugin v27.3 - https:\/\/yoast.com\/product\/yoast-seo-wordpress\/ -->\n<title>\u5927\u6d41\u58eb\u97f3\u4e50 | Ch. L. BAZIN \u5c0f\u63d0\u7434\u7434\u5f13<\/title>\n<meta name=\"description\" content=\"\u5927\u6d41\u58eb\u97f3\u4e50\u4e50\u5668\u5e97\u548c\u4fee\u7406\u5382 - \u7279\u6b8a\u4e50\u5668 - Charles-Louis BAZIN \u5c0f\u63d0\u7434\u7434\u5f13\u3002\u6b22\u8fce\u5728\u6211\u5e97\u89c2\u770b\uff01\" \/>\n<meta name=\"robots\" content=\"index, follow, max-snippet:-1, max-image-preview:large, max-video-preview:-1\" \/>\n<link rel=\"canonical\" href=\"https:\/\/dariusmusic.hu\/zh-hant\/kulonleges-hangszer\/ch_l_bazin-%e5%b0%8f%e6%8f%90%e7%90%b4%e7%90%b4%e5%bc%93-item-no-1\/\" \/>\n<meta property=\"og:locale\" content=\"zh_TW\" \/>\n<meta property=\"og:type\" content=\"article\" \/>\n<meta property=\"og:title\" content=\"\u5927\u6d41\u58eb\u97f3\u4e50 | Ch. L. BAZIN \u5c0f\u63d0\u7434\u7434\u5f13\" \/>\n<meta property=\"og:description\" content=\"\u5927\u6d41\u58eb\u97f3\u4e50\u4e50\u5668\u5e97\u548c\u4fee\u7406\u5382 - \u7279\u6b8a\u4e50\u5668 - Charles-Louis BAZIN \u5c0f\u63d0\u7434\u7434\u5f13\u3002\u6b22\u8fce\u5728\u6211\u5e97\u89c2\u770b\uff01\" \/>\n<meta property=\"og:url\" content=\"https:\/\/dariusmusic.hu\/zh-hant\/kulonleges-hangszer\/ch_l_bazin-%e5%b0%8f%e6%8f%90%e7%90%b4%e7%90%b4%e5%bc%93-item-no-1\/\" \/>\n<meta property=\"og:site_name\" content=\"Darius Music Hangszer\u00fczlet \u00e9s jav\u00edt\u00f3m\u0171hely\" \/>\n<meta property=\"article:modified_time\" content=\"2025-12-12T13:34:34+00:00\" \/>\n<meta property=\"og:image\" content=\"https:\/\/dariusmusic.hu\/wp-content\/uploads\/2025\/12\/DSC_3304-scaled.jpg\" \/>\n\t<meta property=\"og:image:width\" content=\"2560\" \/>\n\t<meta property=\"og:image:height\" content=\"1711\" \/>\n\t<meta property=\"og:image:type\" content=\"image\/jpeg\" \/>\n<meta name=\"twitter:card\" content=\"summary_large_image\" \/>\n<meta name=\"twitter:label1\" content=\"\u9810\u4f30\u95b1\u8b80\u6642\u9593\" \/>\n\t<meta name=\"twitter:data1\" content=\"1 \u5206\u9418\" \/>\n<script type=\"application\/ld+json\" class=\"yoast-schema-graph\">{\"@context\":\"https:\\\/\\\/schema.org\",\"@graph\":[{\"@type\":\"WebPage\",\"@id\":\"https:\\\/\\\/dariusmusic.hu\\\/zh-hant\\\/kulonleges-hangszer\\\/ch_l_bazin-%e5%b0%8f%e6%8f%90%e7%90%b4%e7%90%b4%e5%bc%93-item-no-1\\\/\",\"url\":\"https:\\\/\\\/dariusmusic.hu\\\/zh-hant\\\/kulonleges-hangszer\\\/ch_l_bazin-%e5%b0%8f%e6%8f%90%e7%90%b4%e7%90%b4%e5%bc%93-item-no-1\\\/\",\"name\":\"\u5927\u6d41\u58eb\u97f3\u4e50 | Ch. L. BAZIN \u5c0f\u63d0\u7434\u7434\u5f13\",\"isPartOf\":{\"@id\":\"https:\\\/\\\/dariusmusic.hu\\\/zh-hant\\\/#website\"},\"primaryImageOfPage\":{\"@id\":\"https:\\\/\\\/dariusmusic.hu\\\/zh-hant\\\/kulonleges-hangszer\\\/ch_l_bazin-%e5%b0%8f%e6%8f%90%e7%90%b4%e7%90%b4%e5%bc%93-item-no-1\\\/#primaryimage\"},\"image\":{\"@id\":\"https:\\\/\\\/dariusmusic.hu\\\/zh-hant\\\/kulonleges-hangszer\\\/ch_l_bazin-%e5%b0%8f%e6%8f%90%e7%90%b4%e7%90%b4%e5%bc%93-item-no-1\\\/#primaryimage\"},\"thumbnailUrl\":\"https:\\\/\\\/dariusmusic.hu\\\/wp-content\\\/uploads\\\/2025\\\/12\\\/DSC_3304-scaled.jpg\",\"datePublished\":\"2025-12-03T13:55:17+00:00\",\"dateModified\":\"2025-12-12T13:34:34+00:00\",\"description\":\"\u5927\u6d41\u58eb\u97f3\u4e50\u4e50\u5668\u5e97\u548c\u4fee\u7406\u5382 - \u7279\u6b8a\u4e50\u5668 - Charles-Louis BAZIN \u5c0f\u63d0\u7434\u7434\u5f13\u3002\u6b22\u8fce\u5728\u6211\u5e97\u89c2\u770b\uff01\",\"breadcrumb\":{\"@id\":\"https:\\\/\\\/dariusmusic.hu\\\/zh-hant\\\/kulonleges-hangszer\\\/ch_l_bazin-%e5%b0%8f%e6%8f%90%e7%90%b4%e7%90%b4%e5%bc%93-item-no-1\\\/#breadcrumb\"},\"inLanguage\":\"zh-TW\",\"potentialAction\":[{\"@type\":\"ReadAction\",\"target\":[\"https:\\\/\\\/dariusmusic.hu\\\/zh-hant\\\/kulonleges-hangszer\\\/ch_l_bazin-%e5%b0%8f%e6%8f%90%e7%90%b4%e7%90%b4%e5%bc%93-item-no-1\\\/\"]}]},{\"@type\":\"ImageObject\",\"inLanguage\":\"zh-TW\",\"@id\":\"https:\\\/\\\/dariusmusic.hu\\\/zh-hant\\\/kulonleges-hangszer\\\/ch_l_bazin-%e5%b0%8f%e6%8f%90%e7%90%b4%e7%90%b4%e5%bc%93-item-no-1\\\/#primaryimage\",\"url\":\"https:\\\/\\\/dariusmusic.hu\\\/wp-content\\\/uploads\\\/2025\\\/12\\\/DSC_3304-scaled.jpg\",\"contentUrl\":\"https:\\\/\\\/dariusmusic.hu\\\/wp-content\\\/uploads\\\/2025\\\/12\\\/DSC_3304-scaled.jpg\",\"width\":2560,\"height\":1711},{\"@type\":\"BreadcrumbList\",\"@id\":\"https:\\\/\\\/dariusmusic.hu\\\/zh-hant\\\/kulonleges-hangszer\\\/ch_l_bazin-%e5%b0%8f%e6%8f%90%e7%90%b4%e7%90%b4%e5%bc%93-item-no-1\\\/#breadcrumb\",\"itemListElement\":[{\"@type\":\"ListItem\",\"position\":1,\"name\":\"F\u0151oldal\",\"item\":\"https:\\\/\\\/dariusmusic.hu\\\/zh-hant\\\/\"},{\"@type\":\"ListItem\",\"position\":2,\"name\":\"\u00dczlet\",\"item\":\"https:\\\/\\\/dariusmusic.hu\\\/uzlet\\\/\"},{\"@type\":\"ListItem\",\"position\":3,\"name\":\"Charles Louis BAZIN \u5c0f\u63d0\u7434\u7434\u5f13 (Item no. 1)\"}]},{\"@type\":\"WebSite\",\"@id\":\"https:\\\/\\\/dariusmusic.hu\\\/zh-hant\\\/#website\",\"url\":\"https:\\\/\\\/dariusmusic.hu\\\/zh-hant\\\/\",\"name\":\"Darius Music Hangszer\u00fczlet \u00e9s jav\u00edt\u00f3m\u0171hely\",\"description\":\"Hangszer ad\u00e1s-v\u00e9tel \u00e9s hangszerjav\u00edt\u00e1s\",\"publisher\":{\"@id\":\"https:\\\/\\\/dariusmusic.hu\\\/zh-hant\\\/#organization\"},\"potentialAction\":[{\"@type\":\"SearchAction\",\"target\":{\"@type\":\"EntryPoint\",\"urlTemplate\":\"https:\\\/\\\/dariusmusic.hu\\\/zh-hant\\\/?s={search_term_string}\"},\"query-input\":{\"@type\":\"PropertyValueSpecification\",\"valueRequired\":true,\"valueName\":\"search_term_string\"}}],\"inLanguage\":\"zh-TW\"},{\"@type\":\"Organization\",\"@id\":\"https:\\\/\\\/dariusmusic.hu\\\/zh-hant\\\/#organization\",\"name\":\"Darius Music Hangszer\u00fczlet \u00e9s jav\u00edt\u00f3m\u0171hely\",\"url\":\"https:\\\/\\\/dariusmusic.hu\\\/zh-hant\\\/\",\"logo\":{\"@type\":\"ImageObject\",\"inLanguage\":\"zh-TW\",\"@id\":\"https:\\\/\\\/dariusmusic.hu\\\/zh-hant\\\/#\\\/schema\\\/logo\\\/image\\\/\",\"url\":\"https:\\\/\\\/dariusmusic.hu\\\/wp-content\\\/uploads\\\/2020\\\/08\\\/logo-01.png\",\"contentUrl\":\"https:\\\/\\\/dariusmusic.hu\\\/wp-content\\\/uploads\\\/2020\\\/08\\\/logo-01.png\",\"width\":1000,\"height\":777,\"caption\":\"Darius Music Hangszer\u00fczlet \u00e9s jav\u00edt\u00f3m\u0171hely\"},\"image\":{\"@id\":\"https:\\\/\\\/dariusmusic.hu\\\/zh-hant\\\/#\\\/schema\\\/logo\\\/image\\\/\"}}]}<\/script>\n<!-- \/ Yoast SEO plugin. -->","yoast_head_json":{"title":"\u5927\u6d41\u58eb\u97f3\u4e50 | Ch. L. BAZIN \u5c0f\u63d0\u7434\u7434\u5f13","description":"\u5927\u6d41\u58eb\u97f3\u4e50\u4e50\u5668\u5e97\u548c\u4fee\u7406\u5382 - \u7279\u6b8a\u4e50\u5668 - Charles-Louis BAZIN \u5c0f\u63d0\u7434\u7434\u5f13\u3002\u6b22\u8fce\u5728\u6211\u5e97\u89c2\u770b\uff01","robots":{"index":"index","follow":"follow","max-snippet":"max-snippet:-1","max-image-preview":"max-image-preview:large","max-video-preview":"max-video-preview:-1"},"canonical":"https:\/\/dariusmusic.hu\/zh-hant\/kulonleges-hangszer\/ch_l_bazin-%e5%b0%8f%e6%8f%90%e7%90%b4%e7%90%b4%e5%bc%93-item-no-1\/","og_locale":"zh_TW","og_type":"article","og_title":"\u5927\u6d41\u58eb\u97f3\u4e50 | Ch. L. BAZIN \u5c0f\u63d0\u7434\u7434\u5f13","og_description":"\u5927\u6d41\u58eb\u97f3\u4e50\u4e50\u5668\u5e97\u548c\u4fee\u7406\u5382 - \u7279\u6b8a\u4e50\u5668 - Charles-Louis BAZIN \u5c0f\u63d0\u7434\u7434\u5f13\u3002\u6b22\u8fce\u5728\u6211\u5e97\u89c2\u770b\uff01","og_url":"https:\/\/dariusmusic.hu\/zh-hant\/kulonleges-hangszer\/ch_l_bazin-%e5%b0%8f%e6%8f%90%e7%90%b4%e7%90%b4%e5%bc%93-item-no-1\/","og_site_name":"Darius Music Hangszer\u00fczlet \u00e9s jav\u00edt\u00f3m\u0171hely","article_modified_time":"2025-12-12T13:34:34+00:00","og_image":[{"width":2560,"height":1711,"url":"https:\/\/dariusmusic.hu\/wp-content\/uploads\/2025\/12\/DSC_3304-scaled.jpg","type":"image\/jpeg"}],"twitter_card":"summary_large_image","twitter_misc":{"\u9810\u4f30\u95b1\u8b80\u6642\u9593":"1 \u5206\u9418"},"schema":{"@context":"https:\/\/schema.org","@graph":[{"@type":"WebPage","@id":"https:\/\/dariusmusic.hu\/zh-hant\/kulonleges-hangszer\/ch_l_bazin-%e5%b0%8f%e6%8f%90%e7%90%b4%e7%90%b4%e5%bc%93-item-no-1\/","url":"https:\/\/dariusmusic.hu\/zh-hant\/kulonleges-hangszer\/ch_l_bazin-%e5%b0%8f%e6%8f%90%e7%90%b4%e7%90%b4%e5%bc%93-item-no-1\/","name":"\u5927\u6d41\u58eb\u97f3\u4e50 | Ch. L. BAZIN \u5c0f\u63d0\u7434\u7434\u5f13","isPartOf":{"@id":"https:\/\/dariusmusic.hu\/zh-hant\/#website"},"primaryImageOfPage":{"@id":"https:\/\/dariusmusic.hu\/zh-hant\/kulonleges-hangszer\/ch_l_bazin-%e5%b0%8f%e6%8f%90%e7%90%b4%e7%90%b4%e5%bc%93-item-no-1\/#primaryimage"},"image":{"@id":"https:\/\/dariusmusic.hu\/zh-hant\/kulonleges-hangszer\/ch_l_bazin-%e5%b0%8f%e6%8f%90%e7%90%b4%e7%90%b4%e5%bc%93-item-no-1\/#primaryimage"},"thumbnailUrl":"https:\/\/dariusmusic.hu\/wp-content\/uploads\/2025\/12\/DSC_3304-scaled.jpg","datePublished":"2025-12-03T13:55:17+00:00","dateModified":"2025-12-12T13:34:34+00:00","description":"\u5927\u6d41\u58eb\u97f3\u4e50\u4e50\u5668\u5e97\u548c\u4fee\u7406\u5382 - \u7279\u6b8a\u4e50\u5668 - Charles-Louis BAZIN \u5c0f\u63d0\u7434\u7434\u5f13\u3002\u6b22\u8fce\u5728\u6211\u5e97\u89c2\u770b\uff01","breadcrumb":{"@id":"https:\/\/dariusmusic.hu\/zh-hant\/kulonleges-hangszer\/ch_l_bazin-%e5%b0%8f%e6%8f%90%e7%90%b4%e7%90%b4%e5%bc%93-item-no-1\/#breadcrumb"},"inLanguage":"zh-TW","potentialAction":[{"@type":"ReadAction","target":["https:\/\/dariusmusic.hu\/zh-hant\/kulonleges-hangszer\/ch_l_bazin-%e5%b0%8f%e6%8f%90%e7%90%b4%e7%90%b4%e5%bc%93-item-no-1\/"]}]},{"@type":"ImageObject","inLanguage":"zh-TW","@id":"https:\/\/dariusmusic.hu\/zh-hant\/kulonleges-hangszer\/ch_l_bazin-%e5%b0%8f%e6%8f%90%e7%90%b4%e7%90%b4%e5%bc%93-item-no-1\/#primaryimage","url":"https:\/\/dariusmusic.hu\/wp-content\/uploads\/2025\/12\/DSC_3304-scaled.jpg","contentUrl":"https:\/\/dariusmusic.hu\/wp-content\/uploads\/2025\/12\/DSC_3304-scaled.jpg","width":2560,"height":1711},{"@type":"BreadcrumbList","@id":"https:\/\/dariusmusic.hu\/zh-hant\/kulonleges-hangszer\/ch_l_bazin-%e5%b0%8f%e6%8f%90%e7%90%b4%e7%90%b4%e5%bc%93-item-no-1\/#breadcrumb","itemListElement":[{"@type":"ListItem","position":1,"name":"F\u0151oldal","item":"https:\/\/dariusmusic.hu\/zh-hant\/"},{"@type":"ListItem","position":2,"name":"\u00dczlet","item":"https:\/\/dariusmusic.hu\/uzlet\/"},{"@type":"ListItem","position":3,"name":"Charles Louis BAZIN \u5c0f\u63d0\u7434\u7434\u5f13 (Item no. 1)"}]},{"@type":"WebSite","@id":"https:\/\/dariusmusic.hu\/zh-hant\/#website","url":"https:\/\/dariusmusic.hu\/zh-hant\/","name":"Darius Music Hangszer\u00fczlet \u00e9s jav\u00edt\u00f3m\u0171hely","description":"Hangszer ad\u00e1s-v\u00e9tel \u00e9s hangszerjav\u00edt\u00e1s","publisher":{"@id":"https:\/\/dariusmusic.hu\/zh-hant\/#organization"},"potentialAction":[{"@type":"SearchAction","target":{"@type":"EntryPoint","urlTemplate":"https:\/\/dariusmusic.hu\/zh-hant\/?s={search_term_string}"},"query-input":{"@type":"PropertyValueSpecification","valueRequired":true,"valueName":"search_term_string"}}],"inLanguage":"zh-TW"},{"@type":"Organization","@id":"https:\/\/dariusmusic.hu\/zh-hant\/#organization","name":"Darius Music Hangszer\u00fczlet \u00e9s jav\u00edt\u00f3m\u0171hely","url":"https:\/\/dariusmusic.hu\/zh-hant\/","logo":{"@type":"ImageObject","inLanguage":"zh-TW","@id":"https:\/\/dariusmusic.hu\/zh-hant\/#\/schema\/logo\/image\/","url":"https:\/\/dariusmusic.hu\/wp-content\/uploads\/2020\/08\/logo-01.png","contentUrl":"https:\/\/dariusmusic.hu\/wp-content\/uploads\/2020\/08\/logo-01.png","width":1000,"height":777,"caption":"Darius Music Hangszer\u00fczlet \u00e9s jav\u00edt\u00f3m\u0171hely"},"image":{"@id":"https:\/\/dariusmusic.hu\/zh-hant\/#\/schema\/logo\/image\/"}}]}},"_links":{"self":[{"href":"https:\/\/dariusmusic.hu\/zh-hant\/wp-json\/wp\/v2\/product\/9214","targetHints":{"allow":["GET"]}}],"collection":[{"href":"https:\/\/dariusmusic.hu\/zh-hant\/wp-json\/wp\/v2\/product"}],"about":[{"href":"https:\/\/dariusmusic.hu\/zh-hant\/wp-json\/wp\/v2\/types\/product"}],"wp:featuredmedia":[{"embeddable":true,"href":"https:\/\/dariusmusic.hu\/zh-hant\/wp-json\/wp\/v2\/media\/9224"}],"wp:attachment":[{"href":"https:\/\/dariusmusic.hu\/zh-hant\/wp-json\/wp\/v2\/media?parent=9214"}],"wp:term":[{"taxonomy":"product_brand","embeddable":true,"href":"https:\/\/dariusmusic.hu\/zh-hant\/wp-json\/wp\/v2\/product_brand?post=9214"},{"taxonomy":"product_cat","embeddable":true,"href":"https:\/\/dariusmusic.hu\/zh-hant\/wp-json\/wp\/v2\/product_cat?post=9214"},{"taxonomy":"product_tag","embeddable":true,"href":"https:\/\/dariusmusic.hu\/zh-hant\/wp-json\/wp\/v2\/product_tag?post=9214"}],"curies":[{"name":"wp","href":"https:\/\/api.w.org\/{rel}","templated":true}]}}