{"id":6952,"date":"2024-04-10T10:55:08","date_gmt":"2024-04-10T10:55:08","guid":{"rendered":"https:\/\/dariusmusic.hu\/?post_type=product&#038;p=6952"},"modified":"2024-04-10T13:08:17","modified_gmt":"2024-04-10T13:08:17","slug":"franz-albert-nurnberger-%e5%b0%8f%e6%8f%90%e7%90%b4%e7%90%b4%e5%bc%93-masolat","status":"publish","type":"product","link":"https:\/\/dariusmusic.hu\/zh-hant\/kulonleges-hangszer\/franz-albert-nurnberger-%e5%b0%8f%e6%8f%90%e7%90%b4%e7%90%b4%e5%bc%93-masolat\/","title":{"rendered":"<b>Albert N\u00dcRNBERGER <\/b> <br>\u5c0f\u63d0\u7434\u7434\u5f13  ( Item no. 7)"},"content":{"rendered":"<p><em>Markneukirchen, Carl Albert N\u00fcrnberger (1885-1971)<\/em><\/p>\n","protected":false},"excerpt":{"rendered":"<h2>Albert N\u00dcRNBERGER \u5c0f\u63d0\u7434\u7434\u5f13<\/h2>\n<p><em>\u5236\u9020\u4e8e\u5fb7\u56fd<\/em><\/p>\n<p>\u88c5\u9970: <strong>\u94f6\u5b50\/\u4e4c\u6728<\/strong><\/p>\n<p>\u5f62\u72b6: \u6b63\u65b9\u5f62<\/p>\n<p>\u91cd\u91cf: 63\u514b<\/p>\n<p>&nbsp;<\/p>\n<p>\u72b6\u6001:\u00a0 <em><span style=\"color: #6a2f1b;\"><strong>\u53ef\u6536\u4e70<\/strong><\/span><\/em><\/p>\n","protected":false},"featured_media":6954,"template":"","meta":[],"product_brand":[],"product_cat":[226],"product_tag":[],"class_list":{"0":"post-6952","1":"product","2":"type-product","3":"status-publish","4":"has-post-thumbnail","6":"product_cat-3000e-tol-zh-hant-4","8":"first","9":"instock","10":"shipping-taxable","11":"product-type-simple"},"yoast_head":"<!-- This site is optimized with the Yoast SEO plugin v27.3 - https:\/\/yoast.com\/product\/yoast-seo-wordpress\/ -->\n<title>\u5927\u6d41\u58eb\u97f3\u4e50 | Albert N\u00dcRNBERGER \u5c0f\u63d0\u7434\u7434\u5f13<\/title>\n<meta name=\"description\" content=\"\u5927\u6d41\u58eb\u97f3\u4e50\u4e50\u5668\u5e97\u548c\u4fee\u7406\u5382 - \u7279\u6b8a\u4e50\u5668 - Albert N\u00dcRNBERGER \u5c0f\u63d0\u7434\u7434\u5f13\u3002\u6b22\u8fce\u5728\u6211\u5e97\u89c2\u770b\uff01\" \/>\n<meta name=\"robots\" content=\"index, follow, max-snippet:-1, max-image-preview:large, max-video-preview:-1\" \/>\n<link rel=\"canonical\" href=\"https:\/\/dariusmusic.hu\/zh-hant\/kulonleges-hangszer\/franz-albert-nurnberger-%e5%b0%8f%e6%8f%90%e7%90%b4%e7%90%b4%e5%bc%93-masolat\/\" \/>\n<meta property=\"og:locale\" content=\"zh_TW\" \/>\n<meta property=\"og:type\" content=\"article\" \/>\n<meta property=\"og:title\" content=\"\u5927\u6d41\u58eb\u97f3\u4e50 | Albert N\u00dcRNBERGER \u5c0f\u63d0\u7434\u7434\u5f13\" \/>\n<meta property=\"og:description\" content=\"\u5927\u6d41\u58eb\u97f3\u4e50\u4e50\u5668\u5e97\u548c\u4fee\u7406\u5382 - \u7279\u6b8a\u4e50\u5668 - Albert N\u00dcRNBERGER \u5c0f\u63d0\u7434\u7434\u5f13\u3002\u6b22\u8fce\u5728\u6211\u5e97\u89c2\u770b\uff01\" \/>\n<meta property=\"og:url\" content=\"https:\/\/dariusmusic.hu\/zh-hant\/kulonleges-hangszer\/franz-albert-nurnberger-%e5%b0%8f%e6%8f%90%e7%90%b4%e7%90%b4%e5%bc%93-masolat\/\" \/>\n<meta property=\"og:site_name\" content=\"Darius Music Hangszer\u00fczlet \u00e9s jav\u00edt\u00f3m\u0171hely\" \/>\n<meta property=\"article:modified_time\" content=\"2024-04-10T13:08:17+00:00\" \/>\n<meta property=\"og:image\" content=\"https:\/\/dariusmusic.hu\/wp-content\/uploads\/2024\/04\/DSC_2724_00005-scaled.jpg\" \/>\n\t<meta property=\"og:image:width\" content=\"2560\" \/>\n\t<meta property=\"og:image:height\" content=\"1709\" \/>\n\t<meta property=\"og:image:type\" content=\"image\/jpeg\" \/>\n<meta name=\"twitter:card\" content=\"summary_large_image\" \/>\n<script type=\"application\/ld+json\" class=\"yoast-schema-graph\">{\"@context\":\"https:\\\/\\\/schema.org\",\"@graph\":[{\"@type\":\"WebPage\",\"@id\":\"https:\\\/\\\/dariusmusic.hu\\\/zh-hant\\\/kulonleges-hangszer\\\/franz-albert-nurnberger-%e5%b0%8f%e6%8f%90%e7%90%b4%e7%90%b4%e5%bc%93-masolat\\\/\",\"url\":\"https:\\\/\\\/dariusmusic.hu\\\/zh-hant\\\/kulonleges-hangszer\\\/franz-albert-nurnberger-%e5%b0%8f%e6%8f%90%e7%90%b4%e7%90%b4%e5%bc%93-masolat\\\/\",\"name\":\"\u5927\u6d41\u58eb\u97f3\u4e50 | Albert N\u00dcRNBERGER \u5c0f\u63d0\u7434\u7434\u5f13\",\"isPartOf\":{\"@id\":\"https:\\\/\\\/dariusmusic.hu\\\/zh-hant\\\/#website\"},\"primaryImageOfPage\":{\"@id\":\"https:\\\/\\\/dariusmusic.hu\\\/zh-hant\\\/kulonleges-hangszer\\\/franz-albert-nurnberger-%e5%b0%8f%e6%8f%90%e7%90%b4%e7%90%b4%e5%bc%93-masolat\\\/#primaryimage\"},\"image\":{\"@id\":\"https:\\\/\\\/dariusmusic.hu\\\/zh-hant\\\/kulonleges-hangszer\\\/franz-albert-nurnberger-%e5%b0%8f%e6%8f%90%e7%90%b4%e7%90%b4%e5%bc%93-masolat\\\/#primaryimage\"},\"thumbnailUrl\":\"https:\\\/\\\/dariusmusic.hu\\\/wp-content\\\/uploads\\\/2024\\\/04\\\/DSC_2724_00005-scaled.jpg\",\"datePublished\":\"2024-04-10T10:55:08+00:00\",\"dateModified\":\"2024-04-10T13:08:17+00:00\",\"description\":\"\u5927\u6d41\u58eb\u97f3\u4e50\u4e50\u5668\u5e97\u548c\u4fee\u7406\u5382 - \u7279\u6b8a\u4e50\u5668 - Albert N\u00dcRNBERGER \u5c0f\u63d0\u7434\u7434\u5f13\u3002\u6b22\u8fce\u5728\u6211\u5e97\u89c2\u770b\uff01\",\"breadcrumb\":{\"@id\":\"https:\\\/\\\/dariusmusic.hu\\\/zh-hant\\\/kulonleges-hangszer\\\/franz-albert-nurnberger-%e5%b0%8f%e6%8f%90%e7%90%b4%e7%90%b4%e5%bc%93-masolat\\\/#breadcrumb\"},\"inLanguage\":\"zh-TW\",\"potentialAction\":[{\"@type\":\"ReadAction\",\"target\":[\"https:\\\/\\\/dariusmusic.hu\\\/zh-hant\\\/kulonleges-hangszer\\\/franz-albert-nurnberger-%e5%b0%8f%e6%8f%90%e7%90%b4%e7%90%b4%e5%bc%93-masolat\\\/\"]}]},{\"@type\":\"ImageObject\",\"inLanguage\":\"zh-TW\",\"@id\":\"https:\\\/\\\/dariusmusic.hu\\\/zh-hant\\\/kulonleges-hangszer\\\/franz-albert-nurnberger-%e5%b0%8f%e6%8f%90%e7%90%b4%e7%90%b4%e5%bc%93-masolat\\\/#primaryimage\",\"url\":\"https:\\\/\\\/dariusmusic.hu\\\/wp-content\\\/uploads\\\/2024\\\/04\\\/DSC_2724_00005-scaled.jpg\",\"contentUrl\":\"https:\\\/\\\/dariusmusic.hu\\\/wp-content\\\/uploads\\\/2024\\\/04\\\/DSC_2724_00005-scaled.jpg\",\"width\":2560,\"height\":1709,\"caption\":\"n\u00fcrnberger violin bow\"},{\"@type\":\"BreadcrumbList\",\"@id\":\"https:\\\/\\\/dariusmusic.hu\\\/zh-hant\\\/kulonleges-hangszer\\\/franz-albert-nurnberger-%e5%b0%8f%e6%8f%90%e7%90%b4%e7%90%b4%e5%bc%93-masolat\\\/#breadcrumb\",\"itemListElement\":[{\"@type\":\"ListItem\",\"position\":1,\"name\":\"F\u0151oldal\",\"item\":\"https:\\\/\\\/dariusmusic.hu\\\/zh-hant\\\/\"},{\"@type\":\"ListItem\",\"position\":2,\"name\":\"\u00dczlet\",\"item\":\"https:\\\/\\\/dariusmusic.hu\\\/uzlet\\\/\"},{\"@type\":\"ListItem\",\"position\":3,\"name\":\"Albert N\u00dcRNBERGER \u5c0f\u63d0\u7434\u7434\u5f13 ( Item no. 7)\"}]},{\"@type\":\"WebSite\",\"@id\":\"https:\\\/\\\/dariusmusic.hu\\\/zh-hant\\\/#website\",\"url\":\"https:\\\/\\\/dariusmusic.hu\\\/zh-hant\\\/\",\"name\":\"Darius Music Hangszer\u00fczlet \u00e9s jav\u00edt\u00f3m\u0171hely\",\"description\":\"Hangszer ad\u00e1s-v\u00e9tel \u00e9s hangszerjav\u00edt\u00e1s\",\"publisher\":{\"@id\":\"https:\\\/\\\/dariusmusic.hu\\\/zh-hant\\\/#organization\"},\"potentialAction\":[{\"@type\":\"SearchAction\",\"target\":{\"@type\":\"EntryPoint\",\"urlTemplate\":\"https:\\\/\\\/dariusmusic.hu\\\/zh-hant\\\/?s={search_term_string}\"},\"query-input\":{\"@type\":\"PropertyValueSpecification\",\"valueRequired\":true,\"valueName\":\"search_term_string\"}}],\"inLanguage\":\"zh-TW\"},{\"@type\":\"Organization\",\"@id\":\"https:\\\/\\\/dariusmusic.hu\\\/zh-hant\\\/#organization\",\"name\":\"Darius Music Hangszer\u00fczlet \u00e9s jav\u00edt\u00f3m\u0171hely\",\"url\":\"https:\\\/\\\/dariusmusic.hu\\\/zh-hant\\\/\",\"logo\":{\"@type\":\"ImageObject\",\"inLanguage\":\"zh-TW\",\"@id\":\"https:\\\/\\\/dariusmusic.hu\\\/zh-hant\\\/#\\\/schema\\\/logo\\\/image\\\/\",\"url\":\"https:\\\/\\\/dariusmusic.hu\\\/wp-content\\\/uploads\\\/2020\\\/08\\\/logo-01.png\",\"contentUrl\":\"https:\\\/\\\/dariusmusic.hu\\\/wp-content\\\/uploads\\\/2020\\\/08\\\/logo-01.png\",\"width\":1000,\"height\":777,\"caption\":\"Darius Music Hangszer\u00fczlet \u00e9s jav\u00edt\u00f3m\u0171hely\"},\"image\":{\"@id\":\"https:\\\/\\\/dariusmusic.hu\\\/zh-hant\\\/#\\\/schema\\\/logo\\\/image\\\/\"}}]}<\/script>\n<!-- \/ Yoast SEO plugin. -->","yoast_head_json":{"title":"\u5927\u6d41\u58eb\u97f3\u4e50 | Albert N\u00dcRNBERGER \u5c0f\u63d0\u7434\u7434\u5f13","description":"\u5927\u6d41\u58eb\u97f3\u4e50\u4e50\u5668\u5e97\u548c\u4fee\u7406\u5382 - \u7279\u6b8a\u4e50\u5668 - Albert N\u00dcRNBERGER \u5c0f\u63d0\u7434\u7434\u5f13\u3002\u6b22\u8fce\u5728\u6211\u5e97\u89c2\u770b\uff01","robots":{"index":"index","follow":"follow","max-snippet":"max-snippet:-1","max-image-preview":"max-image-preview:large","max-video-preview":"max-video-preview:-1"},"canonical":"https:\/\/dariusmusic.hu\/zh-hant\/kulonleges-hangszer\/franz-albert-nurnberger-%e5%b0%8f%e6%8f%90%e7%90%b4%e7%90%b4%e5%bc%93-masolat\/","og_locale":"zh_TW","og_type":"article","og_title":"\u5927\u6d41\u58eb\u97f3\u4e50 | Albert N\u00dcRNBERGER \u5c0f\u63d0\u7434\u7434\u5f13","og_description":"\u5927\u6d41\u58eb\u97f3\u4e50\u4e50\u5668\u5e97\u548c\u4fee\u7406\u5382 - \u7279\u6b8a\u4e50\u5668 - Albert N\u00dcRNBERGER \u5c0f\u63d0\u7434\u7434\u5f13\u3002\u6b22\u8fce\u5728\u6211\u5e97\u89c2\u770b\uff01","og_url":"https:\/\/dariusmusic.hu\/zh-hant\/kulonleges-hangszer\/franz-albert-nurnberger-%e5%b0%8f%e6%8f%90%e7%90%b4%e7%90%b4%e5%bc%93-masolat\/","og_site_name":"Darius Music Hangszer\u00fczlet \u00e9s jav\u00edt\u00f3m\u0171hely","article_modified_time":"2024-04-10T13:08:17+00:00","og_image":[{"width":2560,"height":1709,"url":"https:\/\/dariusmusic.hu\/wp-content\/uploads\/2024\/04\/DSC_2724_00005-scaled.jpg","type":"image\/jpeg"}],"twitter_card":"summary_large_image","schema":{"@context":"https:\/\/schema.org","@graph":[{"@type":"WebPage","@id":"https:\/\/dariusmusic.hu\/zh-hant\/kulonleges-hangszer\/franz-albert-nurnberger-%e5%b0%8f%e6%8f%90%e7%90%b4%e7%90%b4%e5%bc%93-masolat\/","url":"https:\/\/dariusmusic.hu\/zh-hant\/kulonleges-hangszer\/franz-albert-nurnberger-%e5%b0%8f%e6%8f%90%e7%90%b4%e7%90%b4%e5%bc%93-masolat\/","name":"\u5927\u6d41\u58eb\u97f3\u4e50 | Albert N\u00dcRNBERGER \u5c0f\u63d0\u7434\u7434\u5f13","isPartOf":{"@id":"https:\/\/dariusmusic.hu\/zh-hant\/#website"},"primaryImageOfPage":{"@id":"https:\/\/dariusmusic.hu\/zh-hant\/kulonleges-hangszer\/franz-albert-nurnberger-%e5%b0%8f%e6%8f%90%e7%90%b4%e7%90%b4%e5%bc%93-masolat\/#primaryimage"},"image":{"@id":"https:\/\/dariusmusic.hu\/zh-hant\/kulonleges-hangszer\/franz-albert-nurnberger-%e5%b0%8f%e6%8f%90%e7%90%b4%e7%90%b4%e5%bc%93-masolat\/#primaryimage"},"thumbnailUrl":"https:\/\/dariusmusic.hu\/wp-content\/uploads\/2024\/04\/DSC_2724_00005-scaled.jpg","datePublished":"2024-04-10T10:55:08+00:00","dateModified":"2024-04-10T13:08:17+00:00","description":"\u5927\u6d41\u58eb\u97f3\u4e50\u4e50\u5668\u5e97\u548c\u4fee\u7406\u5382 - \u7279\u6b8a\u4e50\u5668 - Albert N\u00dcRNBERGER \u5c0f\u63d0\u7434\u7434\u5f13\u3002\u6b22\u8fce\u5728\u6211\u5e97\u89c2\u770b\uff01","breadcrumb":{"@id":"https:\/\/dariusmusic.hu\/zh-hant\/kulonleges-hangszer\/franz-albert-nurnberger-%e5%b0%8f%e6%8f%90%e7%90%b4%e7%90%b4%e5%bc%93-masolat\/#breadcrumb"},"inLanguage":"zh-TW","potentialAction":[{"@type":"ReadAction","target":["https:\/\/dariusmusic.hu\/zh-hant\/kulonleges-hangszer\/franz-albert-nurnberger-%e5%b0%8f%e6%8f%90%e7%90%b4%e7%90%b4%e5%bc%93-masolat\/"]}]},{"@type":"ImageObject","inLanguage":"zh-TW","@id":"https:\/\/dariusmusic.hu\/zh-hant\/kulonleges-hangszer\/franz-albert-nurnberger-%e5%b0%8f%e6%8f%90%e7%90%b4%e7%90%b4%e5%bc%93-masolat\/#primaryimage","url":"https:\/\/dariusmusic.hu\/wp-content\/uploads\/2024\/04\/DSC_2724_00005-scaled.jpg","contentUrl":"https:\/\/dariusmusic.hu\/wp-content\/uploads\/2024\/04\/DSC_2724_00005-scaled.jpg","width":2560,"height":1709,"caption":"n\u00fcrnberger violin bow"},{"@type":"BreadcrumbList","@id":"https:\/\/dariusmusic.hu\/zh-hant\/kulonleges-hangszer\/franz-albert-nurnberger-%e5%b0%8f%e6%8f%90%e7%90%b4%e7%90%b4%e5%bc%93-masolat\/#breadcrumb","itemListElement":[{"@type":"ListItem","position":1,"name":"F\u0151oldal","item":"https:\/\/dariusmusic.hu\/zh-hant\/"},{"@type":"ListItem","position":2,"name":"\u00dczlet","item":"https:\/\/dariusmusic.hu\/uzlet\/"},{"@type":"ListItem","position":3,"name":"Albert N\u00dcRNBERGER \u5c0f\u63d0\u7434\u7434\u5f13 ( Item no. 7)"}]},{"@type":"WebSite","@id":"https:\/\/dariusmusic.hu\/zh-hant\/#website","url":"https:\/\/dariusmusic.hu\/zh-hant\/","name":"Darius Music Hangszer\u00fczlet \u00e9s jav\u00edt\u00f3m\u0171hely","description":"Hangszer ad\u00e1s-v\u00e9tel \u00e9s hangszerjav\u00edt\u00e1s","publisher":{"@id":"https:\/\/dariusmusic.hu\/zh-hant\/#organization"},"potentialAction":[{"@type":"SearchAction","target":{"@type":"EntryPoint","urlTemplate":"https:\/\/dariusmusic.hu\/zh-hant\/?s={search_term_string}"},"query-input":{"@type":"PropertyValueSpecification","valueRequired":true,"valueName":"search_term_string"}}],"inLanguage":"zh-TW"},{"@type":"Organization","@id":"https:\/\/dariusmusic.hu\/zh-hant\/#organization","name":"Darius Music Hangszer\u00fczlet \u00e9s jav\u00edt\u00f3m\u0171hely","url":"https:\/\/dariusmusic.hu\/zh-hant\/","logo":{"@type":"ImageObject","inLanguage":"zh-TW","@id":"https:\/\/dariusmusic.hu\/zh-hant\/#\/schema\/logo\/image\/","url":"https:\/\/dariusmusic.hu\/wp-content\/uploads\/2020\/08\/logo-01.png","contentUrl":"https:\/\/dariusmusic.hu\/wp-content\/uploads\/2020\/08\/logo-01.png","width":1000,"height":777,"caption":"Darius Music Hangszer\u00fczlet \u00e9s jav\u00edt\u00f3m\u0171hely"},"image":{"@id":"https:\/\/dariusmusic.hu\/zh-hant\/#\/schema\/logo\/image\/"}}]}},"_links":{"self":[{"href":"https:\/\/dariusmusic.hu\/zh-hant\/wp-json\/wp\/v2\/product\/6952","targetHints":{"allow":["GET"]}}],"collection":[{"href":"https:\/\/dariusmusic.hu\/zh-hant\/wp-json\/wp\/v2\/product"}],"about":[{"href":"https:\/\/dariusmusic.hu\/zh-hant\/wp-json\/wp\/v2\/types\/product"}],"wp:featuredmedia":[{"embeddable":true,"href":"https:\/\/dariusmusic.hu\/zh-hant\/wp-json\/wp\/v2\/media\/6954"}],"wp:attachment":[{"href":"https:\/\/dariusmusic.hu\/zh-hant\/wp-json\/wp\/v2\/media?parent=6952"}],"wp:term":[{"taxonomy":"product_brand","embeddable":true,"href":"https:\/\/dariusmusic.hu\/zh-hant\/wp-json\/wp\/v2\/product_brand?post=6952"},{"taxonomy":"product_cat","embeddable":true,"href":"https:\/\/dariusmusic.hu\/zh-hant\/wp-json\/wp\/v2\/product_cat?post=6952"},{"taxonomy":"product_tag","embeddable":true,"href":"https:\/\/dariusmusic.hu\/zh-hant\/wp-json\/wp\/v2\/product_tag?post=6952"}],"curies":[{"name":"wp","href":"https:\/\/api.w.org\/{rel}","templated":true}]}}