{"id":6732,"date":"2023-10-16T14:25:34","date_gmt":"2023-10-16T14:25:34","guid":{"rendered":"https:\/\/dariusmusic.hu\/?post_type=product&#038;p=6732"},"modified":"2023-10-16T15:21:29","modified_gmt":"2023-10-16T15:21:29","slug":"tanczer-gyorgy-%e5%a4%a7%e5%b8%88%e5%b0%8f%e6%8f%90%e7%90%b4%e5%b8%83%e8%be%be%e4%bd%a9%e6%96%af%ef%bc%8c1907%e5%b9%b4","status":"publish","type":"product","link":"https:\/\/dariusmusic.hu\/zh-hant\/kulonleges-hangszer\/tanczer-gyorgy-%e5%a4%a7%e5%b8%88%e5%b0%8f%e6%8f%90%e7%90%b4%e5%b8%83%e8%be%be%e4%bd%a9%e6%96%af%ef%bc%8c1907%e5%b9%b4\/","title":{"rendered":"<b>Tanczer Gy\u00f6rgy<\/b> \u5927\u5e08\u5c0f\u63d0\u7434<br>\u5e03\u8fbe\u4f69\u65af, 1907\u5e74"},"content":{"rendered":"","protected":false},"excerpt":{"rendered":"<h2>Tanczer Gy\u00f6rgy\u00a0 \u5927\u5e08\u5c0f\u63d0\u7434<\/h2>\n<p><em>\u5e03\u8fbe\u4f69\u65af\uff0c1907\u5e74<\/em><\/p>\n<p>&nbsp;<\/p>\n<p>\u72b6\u6001\uff1a\u00a0 <em><span style=\"color: #6a2f1b;\"><strong>\u53ef\u6536\u4e70<\/strong><\/span><\/em><\/p>\n","protected":false},"featured_media":6734,"template":"","meta":[],"product_brand":[],"product_cat":[223],"product_tag":[],"class_list":{"0":"post-6732","1":"product","2":"type-product","3":"status-publish","4":"has-post-thumbnail","6":"product_cat-8000e-15000e","8":"first","9":"instock","10":"shipping-taxable","11":"product-type-simple"},"yoast_head":"<!-- This site is optimized with the Yoast SEO plugin v27.3 - https:\/\/yoast.com\/product\/yoast-seo-wordpress\/ -->\n<title>Tanczer Gy\u00f6rgy \u5927\u5e08\u5c0f\u63d0\u7434\uff0c\u5e03\u8fbe\u4f69\u65af\uff0c1907\u5e74 | \u5927\u6d41\u58eb\u97f3\u4e50\u4e50\u5668\u5e97<\/title>\n<meta name=\"description\" content=\"\u5927\u6d41\u58eb\u97f3\u4e50\u4e50\u5668\u5e97\u548c\u4fee\u7406\u5382 - Tanczer Gy\u00f6rgy \u4eff\u53e4\u5927\u5e08\u5c0f\u63d0\u7434\uff0c\u4e8e 1907\u5e74\u5728\u5e03\u8fbe\u4f69\u65af\u5236\u9020\uff0c\u5728\u6211\u5e97\u53ef\u6536\u4e70\u3002\" \/>\n<meta name=\"robots\" content=\"index, follow, max-snippet:-1, max-image-preview:large, max-video-preview:-1\" \/>\n<link rel=\"canonical\" href=\"https:\/\/dariusmusic.hu\/zh-hant\/kulonleges-hangszer\/tanczer-gyorgy-%e5%a4%a7%e5%b8%88%e5%b0%8f%e6%8f%90%e7%90%b4%e5%b8%83%e8%be%be%e4%bd%a9%e6%96%af%ef%bc%8c1907%e5%b9%b4\/\" \/>\n<meta property=\"og:locale\" content=\"zh_TW\" \/>\n<meta property=\"og:type\" content=\"article\" \/>\n<meta property=\"og:title\" content=\"Tanczer Gy\u00f6rgy \u5927\u5e08\u5c0f\u63d0\u7434\uff0c\u5e03\u8fbe\u4f69\u65af\uff0c1907\u5e74 | \u5927\u6d41\u58eb\u97f3\u4e50\u4e50\u5668\u5e97\" \/>\n<meta property=\"og:description\" content=\"\u5927\u6d41\u58eb\u97f3\u4e50\u4e50\u5668\u5e97\u548c\u4fee\u7406\u5382 - Tanczer Gy\u00f6rgy \u4eff\u53e4\u5927\u5e08\u5c0f\u63d0\u7434\uff0c\u4e8e 1907\u5e74\u5728\u5e03\u8fbe\u4f69\u65af\u5236\u9020\uff0c\u5728\u6211\u5e97\u53ef\u6536\u4e70\u3002\" \/>\n<meta property=\"og:url\" content=\"https:\/\/dariusmusic.hu\/zh-hant\/kulonleges-hangszer\/tanczer-gyorgy-%e5%a4%a7%e5%b8%88%e5%b0%8f%e6%8f%90%e7%90%b4%e5%b8%83%e8%be%be%e4%bd%a9%e6%96%af%ef%bc%8c1907%e5%b9%b4\/\" \/>\n<meta property=\"og:site_name\" content=\"Darius Music Hangszer\u00fczlet \u00e9s jav\u00edt\u00f3m\u0171hely\" \/>\n<meta property=\"article:modified_time\" content=\"2023-10-16T15:21:29+00:00\" \/>\n<meta property=\"og:image\" content=\"https:\/\/dariusmusic.hu\/wp-content\/uploads\/2023\/10\/DSC_2647_00001.jpg\" \/>\n\t<meta property=\"og:image:width\" content=\"1335\" \/>\n\t<meta property=\"og:image:height\" content=\"2000\" \/>\n\t<meta property=\"og:image:type\" content=\"image\/jpeg\" \/>\n<meta name=\"twitter:card\" content=\"summary_large_image\" \/>\n<script type=\"application\/ld+json\" class=\"yoast-schema-graph\">{\"@context\":\"https:\\\/\\\/schema.org\",\"@graph\":[{\"@type\":\"WebPage\",\"@id\":\"https:\\\/\\\/dariusmusic.hu\\\/zh-hant\\\/kulonleges-hangszer\\\/tanczer-gyorgy-%e5%a4%a7%e5%b8%88%e5%b0%8f%e6%8f%90%e7%90%b4%e5%b8%83%e8%be%be%e4%bd%a9%e6%96%af%ef%bc%8c1907%e5%b9%b4\\\/\",\"url\":\"https:\\\/\\\/dariusmusic.hu\\\/zh-hant\\\/kulonleges-hangszer\\\/tanczer-gyorgy-%e5%a4%a7%e5%b8%88%e5%b0%8f%e6%8f%90%e7%90%b4%e5%b8%83%e8%be%be%e4%bd%a9%e6%96%af%ef%bc%8c1907%e5%b9%b4\\\/\",\"name\":\"Tanczer Gy\u00f6rgy \u5927\u5e08\u5c0f\u63d0\u7434\uff0c\u5e03\u8fbe\u4f69\u65af\uff0c1907\u5e74 | \u5927\u6d41\u58eb\u97f3\u4e50\u4e50\u5668\u5e97\",\"isPartOf\":{\"@id\":\"https:\\\/\\\/dariusmusic.hu\\\/zh-hant\\\/#website\"},\"primaryImageOfPage\":{\"@id\":\"https:\\\/\\\/dariusmusic.hu\\\/zh-hant\\\/kulonleges-hangszer\\\/tanczer-gyorgy-%e5%a4%a7%e5%b8%88%e5%b0%8f%e6%8f%90%e7%90%b4%e5%b8%83%e8%be%be%e4%bd%a9%e6%96%af%ef%bc%8c1907%e5%b9%b4\\\/#primaryimage\"},\"image\":{\"@id\":\"https:\\\/\\\/dariusmusic.hu\\\/zh-hant\\\/kulonleges-hangszer\\\/tanczer-gyorgy-%e5%a4%a7%e5%b8%88%e5%b0%8f%e6%8f%90%e7%90%b4%e5%b8%83%e8%be%be%e4%bd%a9%e6%96%af%ef%bc%8c1907%e5%b9%b4\\\/#primaryimage\"},\"thumbnailUrl\":\"https:\\\/\\\/dariusmusic.hu\\\/wp-content\\\/uploads\\\/2023\\\/10\\\/DSC_2647_00001.jpg\",\"datePublished\":\"2023-10-16T14:25:34+00:00\",\"dateModified\":\"2023-10-16T15:21:29+00:00\",\"description\":\"\u5927\u6d41\u58eb\u97f3\u4e50\u4e50\u5668\u5e97\u548c\u4fee\u7406\u5382 - Tanczer Gy\u00f6rgy \u4eff\u53e4\u5927\u5e08\u5c0f\u63d0\u7434\uff0c\u4e8e 1907\u5e74\u5728\u5e03\u8fbe\u4f69\u65af\u5236\u9020\uff0c\u5728\u6211\u5e97\u53ef\u6536\u4e70\u3002\",\"breadcrumb\":{\"@id\":\"https:\\\/\\\/dariusmusic.hu\\\/zh-hant\\\/kulonleges-hangszer\\\/tanczer-gyorgy-%e5%a4%a7%e5%b8%88%e5%b0%8f%e6%8f%90%e7%90%b4%e5%b8%83%e8%be%be%e4%bd%a9%e6%96%af%ef%bc%8c1907%e5%b9%b4\\\/#breadcrumb\"},\"inLanguage\":\"zh-TW\",\"potentialAction\":[{\"@type\":\"ReadAction\",\"target\":[\"https:\\\/\\\/dariusmusic.hu\\\/zh-hant\\\/kulonleges-hangszer\\\/tanczer-gyorgy-%e5%a4%a7%e5%b8%88%e5%b0%8f%e6%8f%90%e7%90%b4%e5%b8%83%e8%be%be%e4%bd%a9%e6%96%af%ef%bc%8c1907%e5%b9%b4\\\/\"]}]},{\"@type\":\"ImageObject\",\"inLanguage\":\"zh-TW\",\"@id\":\"https:\\\/\\\/dariusmusic.hu\\\/zh-hant\\\/kulonleges-hangszer\\\/tanczer-gyorgy-%e5%a4%a7%e5%b8%88%e5%b0%8f%e6%8f%90%e7%90%b4%e5%b8%83%e8%be%be%e4%bd%a9%e6%96%af%ef%bc%8c1907%e5%b9%b4\\\/#primaryimage\",\"url\":\"https:\\\/\\\/dariusmusic.hu\\\/wp-content\\\/uploads\\\/2023\\\/10\\\/DSC_2647_00001.jpg\",\"contentUrl\":\"https:\\\/\\\/dariusmusic.hu\\\/wp-content\\\/uploads\\\/2023\\\/10\\\/DSC_2647_00001.jpg\",\"width\":1335,\"height\":2000,\"caption\":\"Tanczer Gy\u00f6rgy violin\"},{\"@type\":\"BreadcrumbList\",\"@id\":\"https:\\\/\\\/dariusmusic.hu\\\/zh-hant\\\/kulonleges-hangszer\\\/tanczer-gyorgy-%e5%a4%a7%e5%b8%88%e5%b0%8f%e6%8f%90%e7%90%b4%e5%b8%83%e8%be%be%e4%bd%a9%e6%96%af%ef%bc%8c1907%e5%b9%b4\\\/#breadcrumb\",\"itemListElement\":[{\"@type\":\"ListItem\",\"position\":1,\"name\":\"F\u0151oldal\",\"item\":\"https:\\\/\\\/dariusmusic.hu\\\/zh-hant\\\/\"},{\"@type\":\"ListItem\",\"position\":2,\"name\":\"\u00dczlet\",\"item\":\"https:\\\/\\\/dariusmusic.hu\\\/uzlet\\\/\"},{\"@type\":\"ListItem\",\"position\":3,\"name\":\"Tanczer Gy\u00f6rgy \u5927\u5e08\u5c0f\u63d0\u7434\u5e03\u8fbe\u4f69\u65af, 1907\u5e74\"}]},{\"@type\":\"WebSite\",\"@id\":\"https:\\\/\\\/dariusmusic.hu\\\/zh-hant\\\/#website\",\"url\":\"https:\\\/\\\/dariusmusic.hu\\\/zh-hant\\\/\",\"name\":\"Darius Music Hangszer\u00fczlet \u00e9s jav\u00edt\u00f3m\u0171hely\",\"description\":\"Hangszer ad\u00e1s-v\u00e9tel \u00e9s hangszerjav\u00edt\u00e1s\",\"publisher\":{\"@id\":\"https:\\\/\\\/dariusmusic.hu\\\/zh-hant\\\/#organization\"},\"potentialAction\":[{\"@type\":\"SearchAction\",\"target\":{\"@type\":\"EntryPoint\",\"urlTemplate\":\"https:\\\/\\\/dariusmusic.hu\\\/zh-hant\\\/?s={search_term_string}\"},\"query-input\":{\"@type\":\"PropertyValueSpecification\",\"valueRequired\":true,\"valueName\":\"search_term_string\"}}],\"inLanguage\":\"zh-TW\"},{\"@type\":\"Organization\",\"@id\":\"https:\\\/\\\/dariusmusic.hu\\\/zh-hant\\\/#organization\",\"name\":\"Darius Music Hangszer\u00fczlet \u00e9s jav\u00edt\u00f3m\u0171hely\",\"url\":\"https:\\\/\\\/dariusmusic.hu\\\/zh-hant\\\/\",\"logo\":{\"@type\":\"ImageObject\",\"inLanguage\":\"zh-TW\",\"@id\":\"https:\\\/\\\/dariusmusic.hu\\\/zh-hant\\\/#\\\/schema\\\/logo\\\/image\\\/\",\"url\":\"https:\\\/\\\/dariusmusic.hu\\\/wp-content\\\/uploads\\\/2020\\\/08\\\/logo-01.png\",\"contentUrl\":\"https:\\\/\\\/dariusmusic.hu\\\/wp-content\\\/uploads\\\/2020\\\/08\\\/logo-01.png\",\"width\":1000,\"height\":777,\"caption\":\"Darius Music Hangszer\u00fczlet \u00e9s jav\u00edt\u00f3m\u0171hely\"},\"image\":{\"@id\":\"https:\\\/\\\/dariusmusic.hu\\\/zh-hant\\\/#\\\/schema\\\/logo\\\/image\\\/\"}}]}<\/script>\n<!-- \/ Yoast SEO plugin. -->","yoast_head_json":{"title":"Tanczer Gy\u00f6rgy \u5927\u5e08\u5c0f\u63d0\u7434\uff0c\u5e03\u8fbe\u4f69\u65af\uff0c1907\u5e74 | \u5927\u6d41\u58eb\u97f3\u4e50\u4e50\u5668\u5e97","description":"\u5927\u6d41\u58eb\u97f3\u4e50\u4e50\u5668\u5e97\u548c\u4fee\u7406\u5382 - Tanczer Gy\u00f6rgy \u4eff\u53e4\u5927\u5e08\u5c0f\u63d0\u7434\uff0c\u4e8e 1907\u5e74\u5728\u5e03\u8fbe\u4f69\u65af\u5236\u9020\uff0c\u5728\u6211\u5e97\u53ef\u6536\u4e70\u3002","robots":{"index":"index","follow":"follow","max-snippet":"max-snippet:-1","max-image-preview":"max-image-preview:large","max-video-preview":"max-video-preview:-1"},"canonical":"https:\/\/dariusmusic.hu\/zh-hant\/kulonleges-hangszer\/tanczer-gyorgy-%e5%a4%a7%e5%b8%88%e5%b0%8f%e6%8f%90%e7%90%b4%e5%b8%83%e8%be%be%e4%bd%a9%e6%96%af%ef%bc%8c1907%e5%b9%b4\/","og_locale":"zh_TW","og_type":"article","og_title":"Tanczer Gy\u00f6rgy \u5927\u5e08\u5c0f\u63d0\u7434\uff0c\u5e03\u8fbe\u4f69\u65af\uff0c1907\u5e74 | \u5927\u6d41\u58eb\u97f3\u4e50\u4e50\u5668\u5e97","og_description":"\u5927\u6d41\u58eb\u97f3\u4e50\u4e50\u5668\u5e97\u548c\u4fee\u7406\u5382 - Tanczer Gy\u00f6rgy \u4eff\u53e4\u5927\u5e08\u5c0f\u63d0\u7434\uff0c\u4e8e 1907\u5e74\u5728\u5e03\u8fbe\u4f69\u65af\u5236\u9020\uff0c\u5728\u6211\u5e97\u53ef\u6536\u4e70\u3002","og_url":"https:\/\/dariusmusic.hu\/zh-hant\/kulonleges-hangszer\/tanczer-gyorgy-%e5%a4%a7%e5%b8%88%e5%b0%8f%e6%8f%90%e7%90%b4%e5%b8%83%e8%be%be%e4%bd%a9%e6%96%af%ef%bc%8c1907%e5%b9%b4\/","og_site_name":"Darius Music Hangszer\u00fczlet \u00e9s jav\u00edt\u00f3m\u0171hely","article_modified_time":"2023-10-16T15:21:29+00:00","og_image":[{"width":1335,"height":2000,"url":"https:\/\/dariusmusic.hu\/wp-content\/uploads\/2023\/10\/DSC_2647_00001.jpg","type":"image\/jpeg"}],"twitter_card":"summary_large_image","schema":{"@context":"https:\/\/schema.org","@graph":[{"@type":"WebPage","@id":"https:\/\/dariusmusic.hu\/zh-hant\/kulonleges-hangszer\/tanczer-gyorgy-%e5%a4%a7%e5%b8%88%e5%b0%8f%e6%8f%90%e7%90%b4%e5%b8%83%e8%be%be%e4%bd%a9%e6%96%af%ef%bc%8c1907%e5%b9%b4\/","url":"https:\/\/dariusmusic.hu\/zh-hant\/kulonleges-hangszer\/tanczer-gyorgy-%e5%a4%a7%e5%b8%88%e5%b0%8f%e6%8f%90%e7%90%b4%e5%b8%83%e8%be%be%e4%bd%a9%e6%96%af%ef%bc%8c1907%e5%b9%b4\/","name":"Tanczer Gy\u00f6rgy \u5927\u5e08\u5c0f\u63d0\u7434\uff0c\u5e03\u8fbe\u4f69\u65af\uff0c1907\u5e74 | \u5927\u6d41\u58eb\u97f3\u4e50\u4e50\u5668\u5e97","isPartOf":{"@id":"https:\/\/dariusmusic.hu\/zh-hant\/#website"},"primaryImageOfPage":{"@id":"https:\/\/dariusmusic.hu\/zh-hant\/kulonleges-hangszer\/tanczer-gyorgy-%e5%a4%a7%e5%b8%88%e5%b0%8f%e6%8f%90%e7%90%b4%e5%b8%83%e8%be%be%e4%bd%a9%e6%96%af%ef%bc%8c1907%e5%b9%b4\/#primaryimage"},"image":{"@id":"https:\/\/dariusmusic.hu\/zh-hant\/kulonleges-hangszer\/tanczer-gyorgy-%e5%a4%a7%e5%b8%88%e5%b0%8f%e6%8f%90%e7%90%b4%e5%b8%83%e8%be%be%e4%bd%a9%e6%96%af%ef%bc%8c1907%e5%b9%b4\/#primaryimage"},"thumbnailUrl":"https:\/\/dariusmusic.hu\/wp-content\/uploads\/2023\/10\/DSC_2647_00001.jpg","datePublished":"2023-10-16T14:25:34+00:00","dateModified":"2023-10-16T15:21:29+00:00","description":"\u5927\u6d41\u58eb\u97f3\u4e50\u4e50\u5668\u5e97\u548c\u4fee\u7406\u5382 - Tanczer Gy\u00f6rgy \u4eff\u53e4\u5927\u5e08\u5c0f\u63d0\u7434\uff0c\u4e8e 1907\u5e74\u5728\u5e03\u8fbe\u4f69\u65af\u5236\u9020\uff0c\u5728\u6211\u5e97\u53ef\u6536\u4e70\u3002","breadcrumb":{"@id":"https:\/\/dariusmusic.hu\/zh-hant\/kulonleges-hangszer\/tanczer-gyorgy-%e5%a4%a7%e5%b8%88%e5%b0%8f%e6%8f%90%e7%90%b4%e5%b8%83%e8%be%be%e4%bd%a9%e6%96%af%ef%bc%8c1907%e5%b9%b4\/#breadcrumb"},"inLanguage":"zh-TW","potentialAction":[{"@type":"ReadAction","target":["https:\/\/dariusmusic.hu\/zh-hant\/kulonleges-hangszer\/tanczer-gyorgy-%e5%a4%a7%e5%b8%88%e5%b0%8f%e6%8f%90%e7%90%b4%e5%b8%83%e8%be%be%e4%bd%a9%e6%96%af%ef%bc%8c1907%e5%b9%b4\/"]}]},{"@type":"ImageObject","inLanguage":"zh-TW","@id":"https:\/\/dariusmusic.hu\/zh-hant\/kulonleges-hangszer\/tanczer-gyorgy-%e5%a4%a7%e5%b8%88%e5%b0%8f%e6%8f%90%e7%90%b4%e5%b8%83%e8%be%be%e4%bd%a9%e6%96%af%ef%bc%8c1907%e5%b9%b4\/#primaryimage","url":"https:\/\/dariusmusic.hu\/wp-content\/uploads\/2023\/10\/DSC_2647_00001.jpg","contentUrl":"https:\/\/dariusmusic.hu\/wp-content\/uploads\/2023\/10\/DSC_2647_00001.jpg","width":1335,"height":2000,"caption":"Tanczer Gy\u00f6rgy violin"},{"@type":"BreadcrumbList","@id":"https:\/\/dariusmusic.hu\/zh-hant\/kulonleges-hangszer\/tanczer-gyorgy-%e5%a4%a7%e5%b8%88%e5%b0%8f%e6%8f%90%e7%90%b4%e5%b8%83%e8%be%be%e4%bd%a9%e6%96%af%ef%bc%8c1907%e5%b9%b4\/#breadcrumb","itemListElement":[{"@type":"ListItem","position":1,"name":"F\u0151oldal","item":"https:\/\/dariusmusic.hu\/zh-hant\/"},{"@type":"ListItem","position":2,"name":"\u00dczlet","item":"https:\/\/dariusmusic.hu\/uzlet\/"},{"@type":"ListItem","position":3,"name":"Tanczer Gy\u00f6rgy \u5927\u5e08\u5c0f\u63d0\u7434\u5e03\u8fbe\u4f69\u65af, 1907\u5e74"}]},{"@type":"WebSite","@id":"https:\/\/dariusmusic.hu\/zh-hant\/#website","url":"https:\/\/dariusmusic.hu\/zh-hant\/","name":"Darius Music Hangszer\u00fczlet \u00e9s jav\u00edt\u00f3m\u0171hely","description":"Hangszer ad\u00e1s-v\u00e9tel \u00e9s hangszerjav\u00edt\u00e1s","publisher":{"@id":"https:\/\/dariusmusic.hu\/zh-hant\/#organization"},"potentialAction":[{"@type":"SearchAction","target":{"@type":"EntryPoint","urlTemplate":"https:\/\/dariusmusic.hu\/zh-hant\/?s={search_term_string}"},"query-input":{"@type":"PropertyValueSpecification","valueRequired":true,"valueName":"search_term_string"}}],"inLanguage":"zh-TW"},{"@type":"Organization","@id":"https:\/\/dariusmusic.hu\/zh-hant\/#organization","name":"Darius Music Hangszer\u00fczlet \u00e9s jav\u00edt\u00f3m\u0171hely","url":"https:\/\/dariusmusic.hu\/zh-hant\/","logo":{"@type":"ImageObject","inLanguage":"zh-TW","@id":"https:\/\/dariusmusic.hu\/zh-hant\/#\/schema\/logo\/image\/","url":"https:\/\/dariusmusic.hu\/wp-content\/uploads\/2020\/08\/logo-01.png","contentUrl":"https:\/\/dariusmusic.hu\/wp-content\/uploads\/2020\/08\/logo-01.png","width":1000,"height":777,"caption":"Darius Music Hangszer\u00fczlet \u00e9s jav\u00edt\u00f3m\u0171hely"},"image":{"@id":"https:\/\/dariusmusic.hu\/zh-hant\/#\/schema\/logo\/image\/"}}]}},"_links":{"self":[{"href":"https:\/\/dariusmusic.hu\/zh-hant\/wp-json\/wp\/v2\/product\/6732","targetHints":{"allow":["GET"]}}],"collection":[{"href":"https:\/\/dariusmusic.hu\/zh-hant\/wp-json\/wp\/v2\/product"}],"about":[{"href":"https:\/\/dariusmusic.hu\/zh-hant\/wp-json\/wp\/v2\/types\/product"}],"wp:featuredmedia":[{"embeddable":true,"href":"https:\/\/dariusmusic.hu\/zh-hant\/wp-json\/wp\/v2\/media\/6734"}],"wp:attachment":[{"href":"https:\/\/dariusmusic.hu\/zh-hant\/wp-json\/wp\/v2\/media?parent=6732"}],"wp:term":[{"taxonomy":"product_brand","embeddable":true,"href":"https:\/\/dariusmusic.hu\/zh-hant\/wp-json\/wp\/v2\/product_brand?post=6732"},{"taxonomy":"product_cat","embeddable":true,"href":"https:\/\/dariusmusic.hu\/zh-hant\/wp-json\/wp\/v2\/product_cat?post=6732"},{"taxonomy":"product_tag","embeddable":true,"href":"https:\/\/dariusmusic.hu\/zh-hant\/wp-json\/wp\/v2\/product_tag?post=6732"}],"curies":[{"name":"wp","href":"https:\/\/api.w.org\/{rel}","templated":true}]}}