{"id":6453,"date":"2020-01-17T14:36:27","date_gmt":"2020-01-17T14:36:27","guid":{"rendered":"https:\/\/dariusmusic.hu\/kulonleges-hangszer\/%e6%84%8f%e5%a4%a7%e5%88%a9%e5%a4%a7%e5%b8%88%e5%b0%8f%e6%8f%90%e7%90%b4-%e5%b8%a6%e6%9c%89alessandro-despine-%e6%a0%87%e5%bf%97\/"},"modified":"2020-01-17T14:36:27","modified_gmt":"2020-01-17T14:36:27","slug":"%e6%84%8f%e5%a4%a7%e5%88%a9%e5%a4%a7%e5%b8%88%e5%b0%8f%e6%8f%90%e7%90%b4-%e5%b8%a6%e6%9c%89alessandro-despine-%e6%a0%87%e5%bf%97","status":"publish","type":"product","link":"https:\/\/dariusmusic.hu\/zh-hant\/kulonleges-hangszer\/%e6%84%8f%e5%a4%a7%e5%88%a9%e5%a4%a7%e5%b8%88%e5%b0%8f%e6%8f%90%e7%90%b4-%e5%b8%a6%e6%9c%89alessandro-despine-%e6%a0%87%e5%bf%97\/","title":{"rendered":"<b>\u610f\u5927\u5229\u5927\u5e08\u5c0f\u63d0\u7434 <\/b> \u5e26\u6709Alessandro Despine \u6807\u5fd7 <br>\u90fd\u7075\uff0c\u5927\u7ea61920\u5e74"},"content":{"rendered":"","protected":false},"excerpt":{"rendered":"<h2>\u610f\u5927\u5229\u5927\u5e08\u5c0f\u63d0\u7434\uff0c\u5927\u7ea6 1920\u5e74, \u90fd\u7075<\/h2>\n<h2>\u5e26\u6709Alessandro Despine \u7684\u6807\u5fd7<\/h2>\n<p>\u8bc1\u4e66: <strong>E. Vatelot<\/strong><\/p>\n<p>\u72b6\u6001:\u00a0 <em><span style=\"color: #6a2f1b;\"><strong>\u53ef\u6536\u4e70<\/strong><\/span><\/em><\/p>\n","protected":false},"featured_media":5744,"template":"","meta":[],"product_brand":[],"product_cat":[224],"product_tag":[],"class_list":{"0":"post-6453","1":"product","2":"type-product","3":"status-publish","4":"has-post-thumbnail","6":"product_cat-25000e-50000e","8":"first","9":"instock","10":"shipping-taxable","11":"product-type-simple"},"yoast_head":"<!-- This site is optimized with the Yoast SEO plugin v27.3 - https:\/\/yoast.com\/product\/yoast-seo-wordpress\/ -->\n<title>\u5927\u6d41\u58eb\u97f3\u4e50 |\u610f\u5927\u5229\u5927\u5e08\u5c0f\u63d0\u7434\uff0c\u5e26\u6709Alessandro Despine \u6807\u5fd7\uff0c\u5927\u7ea61920\u5e74<\/title>\n<meta name=\"description\" content=\"\u5927\u6d41\u58eb\u97f3\u4e50\u4e50\u5668\u5e97\u548c\u4fee\u7406\u5382 - \u7279\u6b8a\u4e50\u5668 - \u610f\u5927\u5229\u5927\u5e08\u5c0f\u63d0\u7434\uff0c\u5e26\u6709 Alessandro Despine \u7684\u6807\u5fd7 - \u90fd\u7075\uff0c\u5927\u7ea6 1920\u5e74\u3002\u6b22\u8fce\u5728\u6211\u5e97\u89c2\u770b\uff01\" \/>\n<meta name=\"robots\" content=\"index, follow, max-snippet:-1, max-image-preview:large, max-video-preview:-1\" \/>\n<link rel=\"canonical\" href=\"https:\/\/dariusmusic.hu\/zh-hant\/kulonleges-hangszer\/%e6%84%8f%e5%a4%a7%e5%88%a9%e5%a4%a7%e5%b8%88%e5%b0%8f%e6%8f%90%e7%90%b4-%e5%b8%a6%e6%9c%89alessandro-despine-%e6%a0%87%e5%bf%97\/\" \/>\n<meta property=\"og:locale\" content=\"zh_TW\" \/>\n<meta property=\"og:type\" content=\"article\" \/>\n<meta property=\"og:title\" content=\"\u5927\u6d41\u58eb\u97f3\u4e50 |\u610f\u5927\u5229\u5927\u5e08\u5c0f\u63d0\u7434\uff0c\u5e26\u6709Alessandro Despine \u6807\u5fd7\uff0c\u5927\u7ea61920\u5e74\" \/>\n<meta property=\"og:description\" content=\"\u5927\u6d41\u58eb\u97f3\u4e50\u4e50\u5668\u5e97\u548c\u4fee\u7406\u5382 - \u7279\u6b8a\u4e50\u5668 - \u610f\u5927\u5229\u5927\u5e08\u5c0f\u63d0\u7434\uff0c\u5e26\u6709 Alessandro Despine \u7684\u6807\u5fd7 - \u90fd\u7075\uff0c\u5927\u7ea6 1920\u5e74\u3002\u6b22\u8fce\u5728\u6211\u5e97\u89c2\u770b\uff01\" \/>\n<meta property=\"og:url\" content=\"https:\/\/dariusmusic.hu\/zh-hant\/kulonleges-hangszer\/%e6%84%8f%e5%a4%a7%e5%88%a9%e5%a4%a7%e5%b8%88%e5%b0%8f%e6%8f%90%e7%90%b4-%e5%b8%a6%e6%9c%89alessandro-despine-%e6%a0%87%e5%bf%97\/\" \/>\n<meta property=\"og:site_name\" content=\"Darius Music Hangszer\u00fczlet \u00e9s jav\u00edt\u00f3m\u0171hely\" \/>\n<meta property=\"og:image\" content=\"https:\/\/dariusmusic.hu\/wp-content\/uploads\/2020\/01\/FineItalian_DSC_3354_feh_front-scaled.jpg\" \/>\n\t<meta property=\"og:image:width\" content=\"1700\" \/>\n\t<meta property=\"og:image:height\" content=\"2560\" \/>\n\t<meta property=\"og:image:type\" content=\"image\/jpeg\" \/>\n<meta name=\"twitter:card\" content=\"summary_large_image\" \/>\n<script type=\"application\/ld+json\" class=\"yoast-schema-graph\">{\"@context\":\"https:\\\/\\\/schema.org\",\"@graph\":[{\"@type\":\"WebPage\",\"@id\":\"https:\\\/\\\/dariusmusic.hu\\\/zh-hant\\\/kulonleges-hangszer\\\/%e6%84%8f%e5%a4%a7%e5%88%a9%e5%a4%a7%e5%b8%88%e5%b0%8f%e6%8f%90%e7%90%b4-%e5%b8%a6%e6%9c%89alessandro-despine-%e6%a0%87%e5%bf%97\\\/\",\"url\":\"https:\\\/\\\/dariusmusic.hu\\\/zh-hant\\\/kulonleges-hangszer\\\/%e6%84%8f%e5%a4%a7%e5%88%a9%e5%a4%a7%e5%b8%88%e5%b0%8f%e6%8f%90%e7%90%b4-%e5%b8%a6%e6%9c%89alessandro-despine-%e6%a0%87%e5%bf%97\\\/\",\"name\":\"\u5927\u6d41\u58eb\u97f3\u4e50 |\u610f\u5927\u5229\u5927\u5e08\u5c0f\u63d0\u7434\uff0c\u5e26\u6709Alessandro Despine \u6807\u5fd7\uff0c\u5927\u7ea61920\u5e74\",\"isPartOf\":{\"@id\":\"https:\\\/\\\/dariusmusic.hu\\\/zh-hant\\\/#website\"},\"primaryImageOfPage\":{\"@id\":\"https:\\\/\\\/dariusmusic.hu\\\/zh-hant\\\/kulonleges-hangszer\\\/%e6%84%8f%e5%a4%a7%e5%88%a9%e5%a4%a7%e5%b8%88%e5%b0%8f%e6%8f%90%e7%90%b4-%e5%b8%a6%e6%9c%89alessandro-despine-%e6%a0%87%e5%bf%97\\\/#primaryimage\"},\"image\":{\"@id\":\"https:\\\/\\\/dariusmusic.hu\\\/zh-hant\\\/kulonleges-hangszer\\\/%e6%84%8f%e5%a4%a7%e5%88%a9%e5%a4%a7%e5%b8%88%e5%b0%8f%e6%8f%90%e7%90%b4-%e5%b8%a6%e6%9c%89alessandro-despine-%e6%a0%87%e5%bf%97\\\/#primaryimage\"},\"thumbnailUrl\":\"https:\\\/\\\/dariusmusic.hu\\\/wp-content\\\/uploads\\\/2020\\\/01\\\/FineItalian_DSC_3354_feh_front-scaled.jpg\",\"datePublished\":\"2020-01-17T14:36:27+00:00\",\"description\":\"\u5927\u6d41\u58eb\u97f3\u4e50\u4e50\u5668\u5e97\u548c\u4fee\u7406\u5382 - \u7279\u6b8a\u4e50\u5668 - \u610f\u5927\u5229\u5927\u5e08\u5c0f\u63d0\u7434\uff0c\u5e26\u6709 Alessandro Despine \u7684\u6807\u5fd7 - \u90fd\u7075\uff0c\u5927\u7ea6 1920\u5e74\u3002\u6b22\u8fce\u5728\u6211\u5e97\u89c2\u770b\uff01\",\"breadcrumb\":{\"@id\":\"https:\\\/\\\/dariusmusic.hu\\\/zh-hant\\\/kulonleges-hangszer\\\/%e6%84%8f%e5%a4%a7%e5%88%a9%e5%a4%a7%e5%b8%88%e5%b0%8f%e6%8f%90%e7%90%b4-%e5%b8%a6%e6%9c%89alessandro-despine-%e6%a0%87%e5%bf%97\\\/#breadcrumb\"},\"inLanguage\":\"zh-TW\",\"potentialAction\":[{\"@type\":\"ReadAction\",\"target\":[\"https:\\\/\\\/dariusmusic.hu\\\/zh-hant\\\/kulonleges-hangszer\\\/%e6%84%8f%e5%a4%a7%e5%88%a9%e5%a4%a7%e5%b8%88%e5%b0%8f%e6%8f%90%e7%90%b4-%e5%b8%a6%e6%9c%89alessandro-despine-%e6%a0%87%e5%bf%97\\\/\"]}]},{\"@type\":\"ImageObject\",\"inLanguage\":\"zh-TW\",\"@id\":\"https:\\\/\\\/dariusmusic.hu\\\/zh-hant\\\/kulonleges-hangszer\\\/%e6%84%8f%e5%a4%a7%e5%88%a9%e5%a4%a7%e5%b8%88%e5%b0%8f%e6%8f%90%e7%90%b4-%e5%b8%a6%e6%9c%89alessandro-despine-%e6%a0%87%e5%bf%97\\\/#primaryimage\",\"url\":\"https:\\\/\\\/dariusmusic.hu\\\/wp-content\\\/uploads\\\/2020\\\/01\\\/FineItalian_DSC_3354_feh_front-scaled.jpg\",\"contentUrl\":\"https:\\\/\\\/dariusmusic.hu\\\/wp-content\\\/uploads\\\/2020\\\/01\\\/FineItalian_DSC_3354_feh_front-scaled.jpg\",\"width\":1700,\"height\":2560,\"caption\":\"\u610f\u5927\u5229\u5927\u5e08\u5c0f\u63d0\u7434\uff0c\u5e26\u6709 Alessandro Despine \u6807\u5fd7\"},{\"@type\":\"BreadcrumbList\",\"@id\":\"https:\\\/\\\/dariusmusic.hu\\\/zh-hant\\\/kulonleges-hangszer\\\/%e6%84%8f%e5%a4%a7%e5%88%a9%e5%a4%a7%e5%b8%88%e5%b0%8f%e6%8f%90%e7%90%b4-%e5%b8%a6%e6%9c%89alessandro-despine-%e6%a0%87%e5%bf%97\\\/#breadcrumb\",\"itemListElement\":[{\"@type\":\"ListItem\",\"position\":1,\"name\":\"F\u0151oldal\",\"item\":\"https:\\\/\\\/dariusmusic.hu\\\/zh-hant\\\/\"},{\"@type\":\"ListItem\",\"position\":2,\"name\":\"\u00dczlet\",\"item\":\"https:\\\/\\\/dariusmusic.hu\\\/uzlet\\\/\"},{\"@type\":\"ListItem\",\"position\":3,\"name\":\"\u610f\u5927\u5229\u5927\u5e08\u5c0f\u63d0\u7434 \u5e26\u6709Alessandro Despine \u6807\u5fd7 \u90fd\u7075\uff0c\u5927\u7ea61920\u5e74\"}]},{\"@type\":\"WebSite\",\"@id\":\"https:\\\/\\\/dariusmusic.hu\\\/zh-hant\\\/#website\",\"url\":\"https:\\\/\\\/dariusmusic.hu\\\/zh-hant\\\/\",\"name\":\"Darius Music Hangszer\u00fczlet \u00e9s jav\u00edt\u00f3m\u0171hely\",\"description\":\"Hangszer ad\u00e1s-v\u00e9tel \u00e9s hangszerjav\u00edt\u00e1s\",\"publisher\":{\"@id\":\"https:\\\/\\\/dariusmusic.hu\\\/zh-hant\\\/#organization\"},\"potentialAction\":[{\"@type\":\"SearchAction\",\"target\":{\"@type\":\"EntryPoint\",\"urlTemplate\":\"https:\\\/\\\/dariusmusic.hu\\\/zh-hant\\\/?s={search_term_string}\"},\"query-input\":{\"@type\":\"PropertyValueSpecification\",\"valueRequired\":true,\"valueName\":\"search_term_string\"}}],\"inLanguage\":\"zh-TW\"},{\"@type\":\"Organization\",\"@id\":\"https:\\\/\\\/dariusmusic.hu\\\/zh-hant\\\/#organization\",\"name\":\"Darius Music Hangszer\u00fczlet \u00e9s jav\u00edt\u00f3m\u0171hely\",\"url\":\"https:\\\/\\\/dariusmusic.hu\\\/zh-hant\\\/\",\"logo\":{\"@type\":\"ImageObject\",\"inLanguage\":\"zh-TW\",\"@id\":\"https:\\\/\\\/dariusmusic.hu\\\/zh-hant\\\/#\\\/schema\\\/logo\\\/image\\\/\",\"url\":\"https:\\\/\\\/dariusmusic.hu\\\/wp-content\\\/uploads\\\/2020\\\/08\\\/logo-01.png\",\"contentUrl\":\"https:\\\/\\\/dariusmusic.hu\\\/wp-content\\\/uploads\\\/2020\\\/08\\\/logo-01.png\",\"width\":1000,\"height\":777,\"caption\":\"Darius Music Hangszer\u00fczlet \u00e9s jav\u00edt\u00f3m\u0171hely\"},\"image\":{\"@id\":\"https:\\\/\\\/dariusmusic.hu\\\/zh-hant\\\/#\\\/schema\\\/logo\\\/image\\\/\"}}]}<\/script>\n<!-- \/ Yoast SEO plugin. -->","yoast_head_json":{"title":"\u5927\u6d41\u58eb\u97f3\u4e50 |\u610f\u5927\u5229\u5927\u5e08\u5c0f\u63d0\u7434\uff0c\u5e26\u6709Alessandro Despine \u6807\u5fd7\uff0c\u5927\u7ea61920\u5e74","description":"\u5927\u6d41\u58eb\u97f3\u4e50\u4e50\u5668\u5e97\u548c\u4fee\u7406\u5382 - \u7279\u6b8a\u4e50\u5668 - \u610f\u5927\u5229\u5927\u5e08\u5c0f\u63d0\u7434\uff0c\u5e26\u6709 Alessandro Despine \u7684\u6807\u5fd7 - \u90fd\u7075\uff0c\u5927\u7ea6 1920\u5e74\u3002\u6b22\u8fce\u5728\u6211\u5e97\u89c2\u770b\uff01","robots":{"index":"index","follow":"follow","max-snippet":"max-snippet:-1","max-image-preview":"max-image-preview:large","max-video-preview":"max-video-preview:-1"},"canonical":"https:\/\/dariusmusic.hu\/zh-hant\/kulonleges-hangszer\/%e6%84%8f%e5%a4%a7%e5%88%a9%e5%a4%a7%e5%b8%88%e5%b0%8f%e6%8f%90%e7%90%b4-%e5%b8%a6%e6%9c%89alessandro-despine-%e6%a0%87%e5%bf%97\/","og_locale":"zh_TW","og_type":"article","og_title":"\u5927\u6d41\u58eb\u97f3\u4e50 |\u610f\u5927\u5229\u5927\u5e08\u5c0f\u63d0\u7434\uff0c\u5e26\u6709Alessandro Despine \u6807\u5fd7\uff0c\u5927\u7ea61920\u5e74","og_description":"\u5927\u6d41\u58eb\u97f3\u4e50\u4e50\u5668\u5e97\u548c\u4fee\u7406\u5382 - \u7279\u6b8a\u4e50\u5668 - \u610f\u5927\u5229\u5927\u5e08\u5c0f\u63d0\u7434\uff0c\u5e26\u6709 Alessandro Despine \u7684\u6807\u5fd7 - \u90fd\u7075\uff0c\u5927\u7ea6 1920\u5e74\u3002\u6b22\u8fce\u5728\u6211\u5e97\u89c2\u770b\uff01","og_url":"https:\/\/dariusmusic.hu\/zh-hant\/kulonleges-hangszer\/%e6%84%8f%e5%a4%a7%e5%88%a9%e5%a4%a7%e5%b8%88%e5%b0%8f%e6%8f%90%e7%90%b4-%e5%b8%a6%e6%9c%89alessandro-despine-%e6%a0%87%e5%bf%97\/","og_site_name":"Darius Music Hangszer\u00fczlet \u00e9s jav\u00edt\u00f3m\u0171hely","og_image":[{"width":1700,"height":2560,"url":"https:\/\/dariusmusic.hu\/wp-content\/uploads\/2020\/01\/FineItalian_DSC_3354_feh_front-scaled.jpg","type":"image\/jpeg"}],"twitter_card":"summary_large_image","schema":{"@context":"https:\/\/schema.org","@graph":[{"@type":"WebPage","@id":"https:\/\/dariusmusic.hu\/zh-hant\/kulonleges-hangszer\/%e6%84%8f%e5%a4%a7%e5%88%a9%e5%a4%a7%e5%b8%88%e5%b0%8f%e6%8f%90%e7%90%b4-%e5%b8%a6%e6%9c%89alessandro-despine-%e6%a0%87%e5%bf%97\/","url":"https:\/\/dariusmusic.hu\/zh-hant\/kulonleges-hangszer\/%e6%84%8f%e5%a4%a7%e5%88%a9%e5%a4%a7%e5%b8%88%e5%b0%8f%e6%8f%90%e7%90%b4-%e5%b8%a6%e6%9c%89alessandro-despine-%e6%a0%87%e5%bf%97\/","name":"\u5927\u6d41\u58eb\u97f3\u4e50 |\u610f\u5927\u5229\u5927\u5e08\u5c0f\u63d0\u7434\uff0c\u5e26\u6709Alessandro Despine \u6807\u5fd7\uff0c\u5927\u7ea61920\u5e74","isPartOf":{"@id":"https:\/\/dariusmusic.hu\/zh-hant\/#website"},"primaryImageOfPage":{"@id":"https:\/\/dariusmusic.hu\/zh-hant\/kulonleges-hangszer\/%e6%84%8f%e5%a4%a7%e5%88%a9%e5%a4%a7%e5%b8%88%e5%b0%8f%e6%8f%90%e7%90%b4-%e5%b8%a6%e6%9c%89alessandro-despine-%e6%a0%87%e5%bf%97\/#primaryimage"},"image":{"@id":"https:\/\/dariusmusic.hu\/zh-hant\/kulonleges-hangszer\/%e6%84%8f%e5%a4%a7%e5%88%a9%e5%a4%a7%e5%b8%88%e5%b0%8f%e6%8f%90%e7%90%b4-%e5%b8%a6%e6%9c%89alessandro-despine-%e6%a0%87%e5%bf%97\/#primaryimage"},"thumbnailUrl":"https:\/\/dariusmusic.hu\/wp-content\/uploads\/2020\/01\/FineItalian_DSC_3354_feh_front-scaled.jpg","datePublished":"2020-01-17T14:36:27+00:00","description":"\u5927\u6d41\u58eb\u97f3\u4e50\u4e50\u5668\u5e97\u548c\u4fee\u7406\u5382 - \u7279\u6b8a\u4e50\u5668 - \u610f\u5927\u5229\u5927\u5e08\u5c0f\u63d0\u7434\uff0c\u5e26\u6709 Alessandro Despine \u7684\u6807\u5fd7 - \u90fd\u7075\uff0c\u5927\u7ea6 1920\u5e74\u3002\u6b22\u8fce\u5728\u6211\u5e97\u89c2\u770b\uff01","breadcrumb":{"@id":"https:\/\/dariusmusic.hu\/zh-hant\/kulonleges-hangszer\/%e6%84%8f%e5%a4%a7%e5%88%a9%e5%a4%a7%e5%b8%88%e5%b0%8f%e6%8f%90%e7%90%b4-%e5%b8%a6%e6%9c%89alessandro-despine-%e6%a0%87%e5%bf%97\/#breadcrumb"},"inLanguage":"zh-TW","potentialAction":[{"@type":"ReadAction","target":["https:\/\/dariusmusic.hu\/zh-hant\/kulonleges-hangszer\/%e6%84%8f%e5%a4%a7%e5%88%a9%e5%a4%a7%e5%b8%88%e5%b0%8f%e6%8f%90%e7%90%b4-%e5%b8%a6%e6%9c%89alessandro-despine-%e6%a0%87%e5%bf%97\/"]}]},{"@type":"ImageObject","inLanguage":"zh-TW","@id":"https:\/\/dariusmusic.hu\/zh-hant\/kulonleges-hangszer\/%e6%84%8f%e5%a4%a7%e5%88%a9%e5%a4%a7%e5%b8%88%e5%b0%8f%e6%8f%90%e7%90%b4-%e5%b8%a6%e6%9c%89alessandro-despine-%e6%a0%87%e5%bf%97\/#primaryimage","url":"https:\/\/dariusmusic.hu\/wp-content\/uploads\/2020\/01\/FineItalian_DSC_3354_feh_front-scaled.jpg","contentUrl":"https:\/\/dariusmusic.hu\/wp-content\/uploads\/2020\/01\/FineItalian_DSC_3354_feh_front-scaled.jpg","width":1700,"height":2560,"caption":"\u610f\u5927\u5229\u5927\u5e08\u5c0f\u63d0\u7434\uff0c\u5e26\u6709 Alessandro Despine \u6807\u5fd7"},{"@type":"BreadcrumbList","@id":"https:\/\/dariusmusic.hu\/zh-hant\/kulonleges-hangszer\/%e6%84%8f%e5%a4%a7%e5%88%a9%e5%a4%a7%e5%b8%88%e5%b0%8f%e6%8f%90%e7%90%b4-%e5%b8%a6%e6%9c%89alessandro-despine-%e6%a0%87%e5%bf%97\/#breadcrumb","itemListElement":[{"@type":"ListItem","position":1,"name":"F\u0151oldal","item":"https:\/\/dariusmusic.hu\/zh-hant\/"},{"@type":"ListItem","position":2,"name":"\u00dczlet","item":"https:\/\/dariusmusic.hu\/uzlet\/"},{"@type":"ListItem","position":3,"name":"\u610f\u5927\u5229\u5927\u5e08\u5c0f\u63d0\u7434 \u5e26\u6709Alessandro Despine \u6807\u5fd7 \u90fd\u7075\uff0c\u5927\u7ea61920\u5e74"}]},{"@type":"WebSite","@id":"https:\/\/dariusmusic.hu\/zh-hant\/#website","url":"https:\/\/dariusmusic.hu\/zh-hant\/","name":"Darius Music Hangszer\u00fczlet \u00e9s jav\u00edt\u00f3m\u0171hely","description":"Hangszer ad\u00e1s-v\u00e9tel \u00e9s hangszerjav\u00edt\u00e1s","publisher":{"@id":"https:\/\/dariusmusic.hu\/zh-hant\/#organization"},"potentialAction":[{"@type":"SearchAction","target":{"@type":"EntryPoint","urlTemplate":"https:\/\/dariusmusic.hu\/zh-hant\/?s={search_term_string}"},"query-input":{"@type":"PropertyValueSpecification","valueRequired":true,"valueName":"search_term_string"}}],"inLanguage":"zh-TW"},{"@type":"Organization","@id":"https:\/\/dariusmusic.hu\/zh-hant\/#organization","name":"Darius Music Hangszer\u00fczlet \u00e9s jav\u00edt\u00f3m\u0171hely","url":"https:\/\/dariusmusic.hu\/zh-hant\/","logo":{"@type":"ImageObject","inLanguage":"zh-TW","@id":"https:\/\/dariusmusic.hu\/zh-hant\/#\/schema\/logo\/image\/","url":"https:\/\/dariusmusic.hu\/wp-content\/uploads\/2020\/08\/logo-01.png","contentUrl":"https:\/\/dariusmusic.hu\/wp-content\/uploads\/2020\/08\/logo-01.png","width":1000,"height":777,"caption":"Darius Music Hangszer\u00fczlet \u00e9s jav\u00edt\u00f3m\u0171hely"},"image":{"@id":"https:\/\/dariusmusic.hu\/zh-hant\/#\/schema\/logo\/image\/"}}]}},"_links":{"self":[{"href":"https:\/\/dariusmusic.hu\/zh-hant\/wp-json\/wp\/v2\/product\/6453","targetHints":{"allow":["GET"]}}],"collection":[{"href":"https:\/\/dariusmusic.hu\/zh-hant\/wp-json\/wp\/v2\/product"}],"about":[{"href":"https:\/\/dariusmusic.hu\/zh-hant\/wp-json\/wp\/v2\/types\/product"}],"wp:featuredmedia":[{"embeddable":true,"href":"https:\/\/dariusmusic.hu\/zh-hant\/wp-json\/wp\/v2\/media\/5744"}],"wp:attachment":[{"href":"https:\/\/dariusmusic.hu\/zh-hant\/wp-json\/wp\/v2\/media?parent=6453"}],"wp:term":[{"taxonomy":"product_brand","embeddable":true,"href":"https:\/\/dariusmusic.hu\/zh-hant\/wp-json\/wp\/v2\/product_brand?post=6453"},{"taxonomy":"product_cat","embeddable":true,"href":"https:\/\/dariusmusic.hu\/zh-hant\/wp-json\/wp\/v2\/product_cat?post=6453"},{"taxonomy":"product_tag","embeddable":true,"href":"https:\/\/dariusmusic.hu\/zh-hant\/wp-json\/wp\/v2\/product_tag?post=6453"}],"curies":[{"name":"wp","href":"https:\/\/api.w.org\/{rel}","templated":true}]}}