{"id":9341,"date":"2025-12-23T12:45:26","date_gmt":"2025-12-23T12:45:26","guid":{"rendered":"https:\/\/dariusmusic.hu\/?post_type=product&#038;p=9341"},"modified":"2026-03-04T14:58:13","modified_gmt":"2026-03-04T14:58:13","slug":"louis-joseph-morizot-pere-violin-bow-item-no-52","status":"publish","type":"product","link":"https:\/\/dariusmusic.hu\/en\/fine-instrument\/louis-joseph-morizot-pere-violin-bow-item-no-52\/","title":{"rendered":"<b>Louis Joseph Morizot p\u00e9re<\/b> <br>violin bow (Item no.52)"},"content":{"rendered":"<p><em>Maker: L. Morizot p\u00e9re <\/em><\/p>\n","protected":false},"excerpt":{"rendered":"<h2>Louis Joseph Morizot p\u00e9re violin bow<\/h2>\n<p>&nbsp;<\/p>\n<p>French bow<\/p>\n<p>Octagonal shape, &#8220;Collin-Mezin&#8221; stamped<\/p>\n<p>Certificate: Jean-Francois Raffin (2015)<\/p>\n<p>Weight: 60.6 g<\/p>\n<p>Status:\u00a0 <em><span style=\"color: #6a2f1b;\"><strong>Available<\/strong><\/span><\/em><\/p>\n","protected":false},"featured_media":9353,"template":"","meta":[],"product_brand":[],"product_cat":[149],"product_tag":[],"class_list":{"0":"post-9341","1":"product","2":"type-product","3":"status-publish","4":"has-post-thumbnail","6":"product_cat-antique-violin-bows-from-3000-euro","8":"first","9":"instock","10":"shipping-taxable","11":"product-type-simple"},"yoast_head":"<!-- This site is optimized with the Yoast SEO plugin v27.3 - https:\/\/yoast.com\/product\/yoast-seo-wordpress\/ -->\n<title>D\u00e1rius Music | Louis Joseph Morizot p\u00e9re violin bow<\/title>\n<meta name=\"description\" content=\"Darius Music Shop &amp; Workshop - Violin bows - Louis Joseph MORIZOT p\u00e9re violin bow. Available in our shop!\" \/>\n<meta name=\"robots\" content=\"index, follow, max-snippet:-1, max-image-preview:large, max-video-preview:-1\" \/>\n<link rel=\"canonical\" href=\"https:\/\/dariusmusic.hu\/en\/fine-instrument\/louis-joseph-morizot-pere-violin-bow-item-no-52\/\" \/>\n<meta property=\"og:locale\" content=\"en_US\" \/>\n<meta property=\"og:type\" content=\"article\" \/>\n<meta property=\"og:title\" content=\"D\u00e1rius Music | Louis Joseph Morizot p\u00e9re violin bow\" \/>\n<meta property=\"og:description\" content=\"Darius Music Shop &amp; Workshop - Violin bows - Louis Joseph MORIZOT p\u00e9re violin bow. Available in our shop!\" \/>\n<meta property=\"og:url\" content=\"https:\/\/dariusmusic.hu\/en\/fine-instrument\/louis-joseph-morizot-pere-violin-bow-item-no-52\/\" \/>\n<meta property=\"og:site_name\" content=\"Darius Music Hangszer\u00fczlet \u00e9s jav\u00edt\u00f3m\u0171hely\" \/>\n<meta property=\"article:modified_time\" content=\"2026-03-04T14:58:13+00:00\" \/>\n<meta property=\"og:image\" content=\"https:\/\/dariusmusic.hu\/wp-content\/uploads\/2025\/12\/DSC_3294.jpg\" \/>\n\t<meta property=\"og:image:width\" content=\"2400\" \/>\n\t<meta property=\"og:image:height\" content=\"1604\" \/>\n\t<meta property=\"og:image:type\" content=\"image\/jpeg\" \/>\n<meta name=\"twitter:card\" content=\"summary_large_image\" \/>\n<meta name=\"twitter:label1\" content=\"Est. reading time\" \/>\n\t<meta name=\"twitter:data1\" content=\"1 minute\" \/>\n<script type=\"application\/ld+json\" class=\"yoast-schema-graph\">{\"@context\":\"https:\\\/\\\/schema.org\",\"@graph\":[{\"@type\":\"WebPage\",\"@id\":\"https:\\\/\\\/dariusmusic.hu\\\/en\\\/fine-instrument\\\/louis-joseph-morizot-pere-violin-bow-item-no-52\\\/\",\"url\":\"https:\\\/\\\/dariusmusic.hu\\\/en\\\/fine-instrument\\\/louis-joseph-morizot-pere-violin-bow-item-no-52\\\/\",\"name\":\"D\u00e1rius Music | Louis Joseph Morizot p\u00e9re violin bow\",\"isPartOf\":{\"@id\":\"https:\\\/\\\/dariusmusic.hu\\\/en\\\/#website\"},\"primaryImageOfPage\":{\"@id\":\"https:\\\/\\\/dariusmusic.hu\\\/en\\\/fine-instrument\\\/louis-joseph-morizot-pere-violin-bow-item-no-52\\\/#primaryimage\"},\"image\":{\"@id\":\"https:\\\/\\\/dariusmusic.hu\\\/en\\\/fine-instrument\\\/louis-joseph-morizot-pere-violin-bow-item-no-52\\\/#primaryimage\"},\"thumbnailUrl\":\"https:\\\/\\\/dariusmusic.hu\\\/wp-content\\\/uploads\\\/2025\\\/12\\\/DSC_3294.jpg\",\"datePublished\":\"2025-12-23T12:45:26+00:00\",\"dateModified\":\"2026-03-04T14:58:13+00:00\",\"description\":\"Darius Music Shop & Workshop - Violin bows - Louis Joseph MORIZOT p\u00e9re violin bow. Available in our shop!\",\"breadcrumb\":{\"@id\":\"https:\\\/\\\/dariusmusic.hu\\\/en\\\/fine-instrument\\\/louis-joseph-morizot-pere-violin-bow-item-no-52\\\/#breadcrumb\"},\"inLanguage\":\"en-US\",\"potentialAction\":[{\"@type\":\"ReadAction\",\"target\":[\"https:\\\/\\\/dariusmusic.hu\\\/en\\\/fine-instrument\\\/louis-joseph-morizot-pere-violin-bow-item-no-52\\\/\"]}]},{\"@type\":\"ImageObject\",\"inLanguage\":\"en-US\",\"@id\":\"https:\\\/\\\/dariusmusic.hu\\\/en\\\/fine-instrument\\\/louis-joseph-morizot-pere-violin-bow-item-no-52\\\/#primaryimage\",\"url\":\"https:\\\/\\\/dariusmusic.hu\\\/wp-content\\\/uploads\\\/2025\\\/12\\\/DSC_3294.jpg\",\"contentUrl\":\"https:\\\/\\\/dariusmusic.hu\\\/wp-content\\\/uploads\\\/2025\\\/12\\\/DSC_3294.jpg\",\"width\":2400,\"height\":1604},{\"@type\":\"BreadcrumbList\",\"@id\":\"https:\\\/\\\/dariusmusic.hu\\\/en\\\/fine-instrument\\\/louis-joseph-morizot-pere-violin-bow-item-no-52\\\/#breadcrumb\",\"itemListElement\":[{\"@type\":\"ListItem\",\"position\":1,\"name\":\"F\u0151oldal\",\"item\":\"https:\\\/\\\/dariusmusic.hu\\\/en\\\/\"},{\"@type\":\"ListItem\",\"position\":2,\"name\":\"Shop\",\"item\":\"https:\\\/\\\/dariusmusic.hu\\\/en\\\/shop\\\/\"},{\"@type\":\"ListItem\",\"position\":3,\"name\":\"Louis Joseph Morizot p\u00e9re violin bow (Item no.52)\"}]},{\"@type\":\"WebSite\",\"@id\":\"https:\\\/\\\/dariusmusic.hu\\\/en\\\/#website\",\"url\":\"https:\\\/\\\/dariusmusic.hu\\\/en\\\/\",\"name\":\"Darius Music Hangszer\u00fczlet \u00e9s jav\u00edt\u00f3m\u0171hely\",\"description\":\"Hangszer ad\u00e1s-v\u00e9tel \u00e9s hangszerjav\u00edt\u00e1s\",\"publisher\":{\"@id\":\"https:\\\/\\\/dariusmusic.hu\\\/en\\\/#organization\"},\"potentialAction\":[{\"@type\":\"SearchAction\",\"target\":{\"@type\":\"EntryPoint\",\"urlTemplate\":\"https:\\\/\\\/dariusmusic.hu\\\/en\\\/?s={search_term_string}\"},\"query-input\":{\"@type\":\"PropertyValueSpecification\",\"valueRequired\":true,\"valueName\":\"search_term_string\"}}],\"inLanguage\":\"en-US\"},{\"@type\":\"Organization\",\"@id\":\"https:\\\/\\\/dariusmusic.hu\\\/en\\\/#organization\",\"name\":\"Darius Music Hangszer\u00fczlet \u00e9s jav\u00edt\u00f3m\u0171hely\",\"url\":\"https:\\\/\\\/dariusmusic.hu\\\/en\\\/\",\"logo\":{\"@type\":\"ImageObject\",\"inLanguage\":\"en-US\",\"@id\":\"https:\\\/\\\/dariusmusic.hu\\\/en\\\/#\\\/schema\\\/logo\\\/image\\\/\",\"url\":\"https:\\\/\\\/dariusmusic.hu\\\/wp-content\\\/uploads\\\/2020\\\/08\\\/logo-01.png\",\"contentUrl\":\"https:\\\/\\\/dariusmusic.hu\\\/wp-content\\\/uploads\\\/2020\\\/08\\\/logo-01.png\",\"width\":1000,\"height\":777,\"caption\":\"Darius Music Hangszer\u00fczlet \u00e9s jav\u00edt\u00f3m\u0171hely\"},\"image\":{\"@id\":\"https:\\\/\\\/dariusmusic.hu\\\/en\\\/#\\\/schema\\\/logo\\\/image\\\/\"}}]}<\/script>\n<!-- \/ Yoast SEO plugin. -->","yoast_head_json":{"title":"D\u00e1rius Music | Louis Joseph Morizot p\u00e9re violin bow","description":"Darius Music Shop & Workshop - Violin bows - Louis Joseph MORIZOT p\u00e9re violin bow. Available in our shop!","robots":{"index":"index","follow":"follow","max-snippet":"max-snippet:-1","max-image-preview":"max-image-preview:large","max-video-preview":"max-video-preview:-1"},"canonical":"https:\/\/dariusmusic.hu\/en\/fine-instrument\/louis-joseph-morizot-pere-violin-bow-item-no-52\/","og_locale":"en_US","og_type":"article","og_title":"D\u00e1rius Music | Louis Joseph Morizot p\u00e9re violin bow","og_description":"Darius Music Shop & Workshop - Violin bows - Louis Joseph MORIZOT p\u00e9re violin bow. Available in our shop!","og_url":"https:\/\/dariusmusic.hu\/en\/fine-instrument\/louis-joseph-morizot-pere-violin-bow-item-no-52\/","og_site_name":"Darius Music Hangszer\u00fczlet \u00e9s jav\u00edt\u00f3m\u0171hely","article_modified_time":"2026-03-04T14:58:13+00:00","og_image":[{"width":2400,"height":1604,"url":"https:\/\/dariusmusic.hu\/wp-content\/uploads\/2025\/12\/DSC_3294.jpg","type":"image\/jpeg"}],"twitter_card":"summary_large_image","twitter_misc":{"Est. reading time":"1 minute"},"schema":{"@context":"https:\/\/schema.org","@graph":[{"@type":"WebPage","@id":"https:\/\/dariusmusic.hu\/en\/fine-instrument\/louis-joseph-morizot-pere-violin-bow-item-no-52\/","url":"https:\/\/dariusmusic.hu\/en\/fine-instrument\/louis-joseph-morizot-pere-violin-bow-item-no-52\/","name":"D\u00e1rius Music | Louis Joseph Morizot p\u00e9re violin bow","isPartOf":{"@id":"https:\/\/dariusmusic.hu\/en\/#website"},"primaryImageOfPage":{"@id":"https:\/\/dariusmusic.hu\/en\/fine-instrument\/louis-joseph-morizot-pere-violin-bow-item-no-52\/#primaryimage"},"image":{"@id":"https:\/\/dariusmusic.hu\/en\/fine-instrument\/louis-joseph-morizot-pere-violin-bow-item-no-52\/#primaryimage"},"thumbnailUrl":"https:\/\/dariusmusic.hu\/wp-content\/uploads\/2025\/12\/DSC_3294.jpg","datePublished":"2025-12-23T12:45:26+00:00","dateModified":"2026-03-04T14:58:13+00:00","description":"Darius Music Shop & Workshop - Violin bows - Louis Joseph MORIZOT p\u00e9re violin bow. Available in our shop!","breadcrumb":{"@id":"https:\/\/dariusmusic.hu\/en\/fine-instrument\/louis-joseph-morizot-pere-violin-bow-item-no-52\/#breadcrumb"},"inLanguage":"en-US","potentialAction":[{"@type":"ReadAction","target":["https:\/\/dariusmusic.hu\/en\/fine-instrument\/louis-joseph-morizot-pere-violin-bow-item-no-52\/"]}]},{"@type":"ImageObject","inLanguage":"en-US","@id":"https:\/\/dariusmusic.hu\/en\/fine-instrument\/louis-joseph-morizot-pere-violin-bow-item-no-52\/#primaryimage","url":"https:\/\/dariusmusic.hu\/wp-content\/uploads\/2025\/12\/DSC_3294.jpg","contentUrl":"https:\/\/dariusmusic.hu\/wp-content\/uploads\/2025\/12\/DSC_3294.jpg","width":2400,"height":1604},{"@type":"BreadcrumbList","@id":"https:\/\/dariusmusic.hu\/en\/fine-instrument\/louis-joseph-morizot-pere-violin-bow-item-no-52\/#breadcrumb","itemListElement":[{"@type":"ListItem","position":1,"name":"F\u0151oldal","item":"https:\/\/dariusmusic.hu\/en\/"},{"@type":"ListItem","position":2,"name":"Shop","item":"https:\/\/dariusmusic.hu\/en\/shop\/"},{"@type":"ListItem","position":3,"name":"Louis Joseph Morizot p\u00e9re violin bow (Item no.52)"}]},{"@type":"WebSite","@id":"https:\/\/dariusmusic.hu\/en\/#website","url":"https:\/\/dariusmusic.hu\/en\/","name":"Darius Music Hangszer\u00fczlet \u00e9s jav\u00edt\u00f3m\u0171hely","description":"Hangszer ad\u00e1s-v\u00e9tel \u00e9s hangszerjav\u00edt\u00e1s","publisher":{"@id":"https:\/\/dariusmusic.hu\/en\/#organization"},"potentialAction":[{"@type":"SearchAction","target":{"@type":"EntryPoint","urlTemplate":"https:\/\/dariusmusic.hu\/en\/?s={search_term_string}"},"query-input":{"@type":"PropertyValueSpecification","valueRequired":true,"valueName":"search_term_string"}}],"inLanguage":"en-US"},{"@type":"Organization","@id":"https:\/\/dariusmusic.hu\/en\/#organization","name":"Darius Music Hangszer\u00fczlet \u00e9s jav\u00edt\u00f3m\u0171hely","url":"https:\/\/dariusmusic.hu\/en\/","logo":{"@type":"ImageObject","inLanguage":"en-US","@id":"https:\/\/dariusmusic.hu\/en\/#\/schema\/logo\/image\/","url":"https:\/\/dariusmusic.hu\/wp-content\/uploads\/2020\/08\/logo-01.png","contentUrl":"https:\/\/dariusmusic.hu\/wp-content\/uploads\/2020\/08\/logo-01.png","width":1000,"height":777,"caption":"Darius Music Hangszer\u00fczlet \u00e9s jav\u00edt\u00f3m\u0171hely"},"image":{"@id":"https:\/\/dariusmusic.hu\/en\/#\/schema\/logo\/image\/"}}]}},"_links":{"self":[{"href":"https:\/\/dariusmusic.hu\/en\/wp-json\/wp\/v2\/product\/9341","targetHints":{"allow":["GET"]}}],"collection":[{"href":"https:\/\/dariusmusic.hu\/en\/wp-json\/wp\/v2\/product"}],"about":[{"href":"https:\/\/dariusmusic.hu\/en\/wp-json\/wp\/v2\/types\/product"}],"wp:featuredmedia":[{"embeddable":true,"href":"https:\/\/dariusmusic.hu\/en\/wp-json\/wp\/v2\/media\/9353"}],"wp:attachment":[{"href":"https:\/\/dariusmusic.hu\/en\/wp-json\/wp\/v2\/media?parent=9341"}],"wp:term":[{"taxonomy":"product_brand","embeddable":true,"href":"https:\/\/dariusmusic.hu\/en\/wp-json\/wp\/v2\/product_brand?post=9341"},{"taxonomy":"product_cat","embeddable":true,"href":"https:\/\/dariusmusic.hu\/en\/wp-json\/wp\/v2\/product_cat?post=9341"},{"taxonomy":"product_tag","embeddable":true,"href":"https:\/\/dariusmusic.hu\/en\/wp-json\/wp\/v2\/product_tag?post=9341"}],"curies":[{"name":"wp","href":"https:\/\/api.w.org\/{rel}","templated":true}]}}