{"id":9109,"date":"2025-09-12T13:18:55","date_gmt":"2025-09-12T13:18:55","guid":{"rendered":"https:\/\/dariusmusic.hu\/?post_type=product&#038;p=9109"},"modified":"2025-09-12T15:23:07","modified_gmt":"2025-09-12T15:23:07","slug":"tanczer-gyorgy-jr-violin-debrecen-1949","status":"publish","type":"product","link":"https:\/\/dariusmusic.hu\/en\/fine-instrument\/tanczer-gyorgy-jr-violin-debrecen-1949\/","title":{"rendered":"<b>Tanczer Gy\u00f6rgy, Jr.<\/b> violin<br>Debrecen, 1949"},"content":{"rendered":"<p>great condition, with original label<\/p>\n","protected":false},"excerpt":{"rendered":"<h2>Tanczer Gy\u00f6rgy, Jr. violin<\/h2>\n<p><em>Debrecen, 1949<\/em><\/p>\n<p>&nbsp;<\/p>\n<p>Status:\u00a0 <em><span style=\"color: #6a2f1b;\"><strong>Available<\/strong><\/span><\/em><\/p>\n","protected":false},"featured_media":9113,"template":"","meta":[],"product_brand":[],"product_cat":[84],"product_tag":[],"class_list":{"0":"post-9109","1":"product","2":"type-product","3":"status-publish","4":"has-post-thumbnail","6":"product_cat-antique-violins-from-4000-to-8000-euro","8":"first","9":"instock","10":"shipping-taxable","11":"product-type-simple"},"yoast_head":"<!-- This site is optimized with the Yoast SEO plugin v27.3 - https:\/\/yoast.com\/product\/yoast-seo-wordpress\/ -->\n<title>Tanczer Gy\u00f6rgy, Jr. violinDebrecen, 1949 - Darius Music Shop<\/title>\n<meta name=\"description\" content=\"Darius Music Shop &amp; Workshop - Available in our shop. Tanczer Gy\u00f6rgy, Jr. violin 1949, Debrecen\" \/>\n<meta name=\"robots\" content=\"index, follow, max-snippet:-1, max-image-preview:large, max-video-preview:-1\" \/>\n<link rel=\"canonical\" href=\"https:\/\/dariusmusic.hu\/en\/fine-instrument\/tanczer-gyorgy-jr-violin-debrecen-1949\/\" \/>\n<meta property=\"og:locale\" content=\"en_US\" \/>\n<meta property=\"og:type\" content=\"article\" \/>\n<meta property=\"og:title\" content=\"Tanczer Gy\u00f6rgy, Jr. violinDebrecen, 1949 - Darius Music Shop\" \/>\n<meta property=\"og:description\" content=\"Darius Music Shop &amp; Workshop - Available in our shop. Tanczer Gy\u00f6rgy, Jr. violin 1949, Debrecen\" \/>\n<meta property=\"og:url\" content=\"https:\/\/dariusmusic.hu\/en\/fine-instrument\/tanczer-gyorgy-jr-violin-debrecen-1949\/\" \/>\n<meta property=\"og:site_name\" content=\"Darius Music Hangszer\u00fczlet \u00e9s jav\u00edt\u00f3m\u0171hely\" \/>\n<meta property=\"article:modified_time\" content=\"2025-09-12T15:23:07+00:00\" \/>\n<meta property=\"og:image\" content=\"https:\/\/dariusmusic.hu\/wp-content\/uploads\/2025\/09\/DSC_3042_00001.jpg\" \/>\n\t<meta property=\"og:image:width\" content=\"801\" \/>\n\t<meta property=\"og:image:height\" content=\"1200\" \/>\n\t<meta property=\"og:image:type\" content=\"image\/jpeg\" \/>\n<meta name=\"twitter:card\" content=\"summary_large_image\" \/>\n<meta name=\"twitter:label1\" content=\"Est. reading time\" \/>\n\t<meta name=\"twitter:data1\" content=\"1 minute\" \/>\n<script type=\"application\/ld+json\" class=\"yoast-schema-graph\">{\"@context\":\"https:\\\/\\\/schema.org\",\"@graph\":[{\"@type\":\"WebPage\",\"@id\":\"https:\\\/\\\/dariusmusic.hu\\\/en\\\/fine-instrument\\\/tanczer-gyorgy-jr-violin-debrecen-1949\\\/\",\"url\":\"https:\\\/\\\/dariusmusic.hu\\\/en\\\/fine-instrument\\\/tanczer-gyorgy-jr-violin-debrecen-1949\\\/\",\"name\":\"Tanczer Gy\u00f6rgy, Jr. violin Debrecen, 1949 - Darius Music Shop\",\"isPartOf\":{\"@id\":\"https:\\\/\\\/dariusmusic.hu\\\/en\\\/#website\"},\"primaryImageOfPage\":{\"@id\":\"https:\\\/\\\/dariusmusic.hu\\\/en\\\/fine-instrument\\\/tanczer-gyorgy-jr-violin-debrecen-1949\\\/#primaryimage\"},\"image\":{\"@id\":\"https:\\\/\\\/dariusmusic.hu\\\/en\\\/fine-instrument\\\/tanczer-gyorgy-jr-violin-debrecen-1949\\\/#primaryimage\"},\"thumbnailUrl\":\"https:\\\/\\\/dariusmusic.hu\\\/wp-content\\\/uploads\\\/2025\\\/09\\\/DSC_3042_00001.jpg\",\"datePublished\":\"2025-09-12T13:18:55+00:00\",\"dateModified\":\"2025-09-12T15:23:07+00:00\",\"description\":\"Darius Music Shop & Workshop - Available in our shop. Tanczer Gy\u00f6rgy, Jr. violin 1949, Debrecen\",\"breadcrumb\":{\"@id\":\"https:\\\/\\\/dariusmusic.hu\\\/en\\\/fine-instrument\\\/tanczer-gyorgy-jr-violin-debrecen-1949\\\/#breadcrumb\"},\"inLanguage\":\"en-US\",\"potentialAction\":[{\"@type\":\"ReadAction\",\"target\":[\"https:\\\/\\\/dariusmusic.hu\\\/en\\\/fine-instrument\\\/tanczer-gyorgy-jr-violin-debrecen-1949\\\/\"]}]},{\"@type\":\"ImageObject\",\"inLanguage\":\"en-US\",\"@id\":\"https:\\\/\\\/dariusmusic.hu\\\/en\\\/fine-instrument\\\/tanczer-gyorgy-jr-violin-debrecen-1949\\\/#primaryimage\",\"url\":\"https:\\\/\\\/dariusmusic.hu\\\/wp-content\\\/uploads\\\/2025\\\/09\\\/DSC_3042_00001.jpg\",\"contentUrl\":\"https:\\\/\\\/dariusmusic.hu\\\/wp-content\\\/uploads\\\/2025\\\/09\\\/DSC_3042_00001.jpg\",\"width\":801,\"height\":1200,\"caption\":\"Tanczer Gy\u00f6rgy violin\"},{\"@type\":\"BreadcrumbList\",\"@id\":\"https:\\\/\\\/dariusmusic.hu\\\/en\\\/fine-instrument\\\/tanczer-gyorgy-jr-violin-debrecen-1949\\\/#breadcrumb\",\"itemListElement\":[{\"@type\":\"ListItem\",\"position\":1,\"name\":\"F\u0151oldal\",\"item\":\"https:\\\/\\\/dariusmusic.hu\\\/en\\\/\"},{\"@type\":\"ListItem\",\"position\":2,\"name\":\"Shop\",\"item\":\"https:\\\/\\\/dariusmusic.hu\\\/en\\\/shop\\\/\"},{\"@type\":\"ListItem\",\"position\":3,\"name\":\"Tanczer Gy\u00f6rgy, Jr. violinDebrecen, 1949\"}]},{\"@type\":\"WebSite\",\"@id\":\"https:\\\/\\\/dariusmusic.hu\\\/en\\\/#website\",\"url\":\"https:\\\/\\\/dariusmusic.hu\\\/en\\\/\",\"name\":\"Darius Music Hangszer\u00fczlet \u00e9s jav\u00edt\u00f3m\u0171hely\",\"description\":\"Hangszer ad\u00e1s-v\u00e9tel \u00e9s hangszerjav\u00edt\u00e1s\",\"publisher\":{\"@id\":\"https:\\\/\\\/dariusmusic.hu\\\/en\\\/#organization\"},\"potentialAction\":[{\"@type\":\"SearchAction\",\"target\":{\"@type\":\"EntryPoint\",\"urlTemplate\":\"https:\\\/\\\/dariusmusic.hu\\\/en\\\/?s={search_term_string}\"},\"query-input\":{\"@type\":\"PropertyValueSpecification\",\"valueRequired\":true,\"valueName\":\"search_term_string\"}}],\"inLanguage\":\"en-US\"},{\"@type\":\"Organization\",\"@id\":\"https:\\\/\\\/dariusmusic.hu\\\/en\\\/#organization\",\"name\":\"Darius Music Hangszer\u00fczlet \u00e9s jav\u00edt\u00f3m\u0171hely\",\"url\":\"https:\\\/\\\/dariusmusic.hu\\\/en\\\/\",\"logo\":{\"@type\":\"ImageObject\",\"inLanguage\":\"en-US\",\"@id\":\"https:\\\/\\\/dariusmusic.hu\\\/en\\\/#\\\/schema\\\/logo\\\/image\\\/\",\"url\":\"https:\\\/\\\/dariusmusic.hu\\\/wp-content\\\/uploads\\\/2020\\\/08\\\/logo-01.png\",\"contentUrl\":\"https:\\\/\\\/dariusmusic.hu\\\/wp-content\\\/uploads\\\/2020\\\/08\\\/logo-01.png\",\"width\":1000,\"height\":777,\"caption\":\"Darius Music Hangszer\u00fczlet \u00e9s jav\u00edt\u00f3m\u0171hely\"},\"image\":{\"@id\":\"https:\\\/\\\/dariusmusic.hu\\\/en\\\/#\\\/schema\\\/logo\\\/image\\\/\"}}]}<\/script>\n<!-- \/ Yoast SEO plugin. -->","yoast_head_json":{"title":"Tanczer Gy\u00f6rgy, Jr. violinDebrecen, 1949 - Darius Music Shop","description":"Darius Music Shop & Workshop - Available in our shop. Tanczer Gy\u00f6rgy, Jr. violin 1949, Debrecen","robots":{"index":"index","follow":"follow","max-snippet":"max-snippet:-1","max-image-preview":"max-image-preview:large","max-video-preview":"max-video-preview:-1"},"canonical":"https:\/\/dariusmusic.hu\/en\/fine-instrument\/tanczer-gyorgy-jr-violin-debrecen-1949\/","og_locale":"en_US","og_type":"article","og_title":"Tanczer Gy\u00f6rgy, Jr. violinDebrecen, 1949 - Darius Music Shop","og_description":"Darius Music Shop & Workshop - Available in our shop. Tanczer Gy\u00f6rgy, Jr. violin 1949, Debrecen","og_url":"https:\/\/dariusmusic.hu\/en\/fine-instrument\/tanczer-gyorgy-jr-violin-debrecen-1949\/","og_site_name":"Darius Music Hangszer\u00fczlet \u00e9s jav\u00edt\u00f3m\u0171hely","article_modified_time":"2025-09-12T15:23:07+00:00","og_image":[{"width":801,"height":1200,"url":"https:\/\/dariusmusic.hu\/wp-content\/uploads\/2025\/09\/DSC_3042_00001.jpg","type":"image\/jpeg"}],"twitter_card":"summary_large_image","twitter_misc":{"Est. reading time":"1 minute"},"schema":{"@context":"https:\/\/schema.org","@graph":[{"@type":"WebPage","@id":"https:\/\/dariusmusic.hu\/en\/fine-instrument\/tanczer-gyorgy-jr-violin-debrecen-1949\/","url":"https:\/\/dariusmusic.hu\/en\/fine-instrument\/tanczer-gyorgy-jr-violin-debrecen-1949\/","name":"Tanczer Gy\u00f6rgy, Jr. violin Debrecen, 1949 - Darius Music Shop","isPartOf":{"@id":"https:\/\/dariusmusic.hu\/en\/#website"},"primaryImageOfPage":{"@id":"https:\/\/dariusmusic.hu\/en\/fine-instrument\/tanczer-gyorgy-jr-violin-debrecen-1949\/#primaryimage"},"image":{"@id":"https:\/\/dariusmusic.hu\/en\/fine-instrument\/tanczer-gyorgy-jr-violin-debrecen-1949\/#primaryimage"},"thumbnailUrl":"https:\/\/dariusmusic.hu\/wp-content\/uploads\/2025\/09\/DSC_3042_00001.jpg","datePublished":"2025-09-12T13:18:55+00:00","dateModified":"2025-09-12T15:23:07+00:00","description":"Darius Music Shop & Workshop - Available in our shop. Tanczer Gy\u00f6rgy, Jr. violin 1949, Debrecen","breadcrumb":{"@id":"https:\/\/dariusmusic.hu\/en\/fine-instrument\/tanczer-gyorgy-jr-violin-debrecen-1949\/#breadcrumb"},"inLanguage":"en-US","potentialAction":[{"@type":"ReadAction","target":["https:\/\/dariusmusic.hu\/en\/fine-instrument\/tanczer-gyorgy-jr-violin-debrecen-1949\/"]}]},{"@type":"ImageObject","inLanguage":"en-US","@id":"https:\/\/dariusmusic.hu\/en\/fine-instrument\/tanczer-gyorgy-jr-violin-debrecen-1949\/#primaryimage","url":"https:\/\/dariusmusic.hu\/wp-content\/uploads\/2025\/09\/DSC_3042_00001.jpg","contentUrl":"https:\/\/dariusmusic.hu\/wp-content\/uploads\/2025\/09\/DSC_3042_00001.jpg","width":801,"height":1200,"caption":"Tanczer Gy\u00f6rgy violin"},{"@type":"BreadcrumbList","@id":"https:\/\/dariusmusic.hu\/en\/fine-instrument\/tanczer-gyorgy-jr-violin-debrecen-1949\/#breadcrumb","itemListElement":[{"@type":"ListItem","position":1,"name":"F\u0151oldal","item":"https:\/\/dariusmusic.hu\/en\/"},{"@type":"ListItem","position":2,"name":"Shop","item":"https:\/\/dariusmusic.hu\/en\/shop\/"},{"@type":"ListItem","position":3,"name":"Tanczer Gy\u00f6rgy, Jr. violinDebrecen, 1949"}]},{"@type":"WebSite","@id":"https:\/\/dariusmusic.hu\/en\/#website","url":"https:\/\/dariusmusic.hu\/en\/","name":"Darius Music Hangszer\u00fczlet \u00e9s jav\u00edt\u00f3m\u0171hely","description":"Hangszer ad\u00e1s-v\u00e9tel \u00e9s hangszerjav\u00edt\u00e1s","publisher":{"@id":"https:\/\/dariusmusic.hu\/en\/#organization"},"potentialAction":[{"@type":"SearchAction","target":{"@type":"EntryPoint","urlTemplate":"https:\/\/dariusmusic.hu\/en\/?s={search_term_string}"},"query-input":{"@type":"PropertyValueSpecification","valueRequired":true,"valueName":"search_term_string"}}],"inLanguage":"en-US"},{"@type":"Organization","@id":"https:\/\/dariusmusic.hu\/en\/#organization","name":"Darius Music Hangszer\u00fczlet \u00e9s jav\u00edt\u00f3m\u0171hely","url":"https:\/\/dariusmusic.hu\/en\/","logo":{"@type":"ImageObject","inLanguage":"en-US","@id":"https:\/\/dariusmusic.hu\/en\/#\/schema\/logo\/image\/","url":"https:\/\/dariusmusic.hu\/wp-content\/uploads\/2020\/08\/logo-01.png","contentUrl":"https:\/\/dariusmusic.hu\/wp-content\/uploads\/2020\/08\/logo-01.png","width":1000,"height":777,"caption":"Darius Music Hangszer\u00fczlet \u00e9s jav\u00edt\u00f3m\u0171hely"},"image":{"@id":"https:\/\/dariusmusic.hu\/en\/#\/schema\/logo\/image\/"}}]}},"_links":{"self":[{"href":"https:\/\/dariusmusic.hu\/en\/wp-json\/wp\/v2\/product\/9109","targetHints":{"allow":["GET"]}}],"collection":[{"href":"https:\/\/dariusmusic.hu\/en\/wp-json\/wp\/v2\/product"}],"about":[{"href":"https:\/\/dariusmusic.hu\/en\/wp-json\/wp\/v2\/types\/product"}],"wp:featuredmedia":[{"embeddable":true,"href":"https:\/\/dariusmusic.hu\/en\/wp-json\/wp\/v2\/media\/9113"}],"wp:attachment":[{"href":"https:\/\/dariusmusic.hu\/en\/wp-json\/wp\/v2\/media?parent=9109"}],"wp:term":[{"taxonomy":"product_brand","embeddable":true,"href":"https:\/\/dariusmusic.hu\/en\/wp-json\/wp\/v2\/product_brand?post=9109"},{"taxonomy":"product_cat","embeddable":true,"href":"https:\/\/dariusmusic.hu\/en\/wp-json\/wp\/v2\/product_cat?post=9109"},{"taxonomy":"product_tag","embeddable":true,"href":"https:\/\/dariusmusic.hu\/en\/wp-json\/wp\/v2\/product_tag?post=9109"}],"curies":[{"name":"wp","href":"https:\/\/api.w.org\/{rel}","templated":true}]}}