{"id":6254,"date":"2023-01-13T14:41:16","date_gmt":"2023-01-13T14:41:17","guid":{"rendered":"https:\/\/dariusmusic.hu\/?post_type=product&#038;p=6254"},"modified":"2025-02-19T14:29:16","modified_gmt":"2025-02-19T14:29:16","slug":"jean-baptiste-vuillaume-violin-bow","status":"publish","type":"product","link":"https:\/\/dariusmusic.hu\/en\/fine-instrument\/jean-baptiste-vuillaume-violin-bow\/","title":{"rendered":"<b>Jean-Baptiste VUILLAUME <\/b> <br>violin bow"},"content":{"rendered":"","protected":false},"excerpt":{"rendered":"<h2>Jean-Baptiste VUILLAUME (1798-1875) violin bow<\/h2>\n<p><em>Made in France<\/em><\/p>\n<p>Wight: <strong>59,7 g<\/strong><\/p>\n<p>Status:\u00a0 <em><span style=\"color: #6a2f1b;\"><strong>Available<\/strong><\/span><\/em><\/p>\n","protected":false},"featured_media":6257,"template":"","meta":[],"product_brand":[],"product_cat":[149],"product_tag":[],"class_list":{"0":"post-6254","1":"product","2":"type-product","3":"status-publish","4":"has-post-thumbnail","6":"product_cat-antique-violin-bows-from-3000-euro","8":"first","9":"instock","10":"shipping-taxable","11":"product-type-simple"},"yoast_head":"<!-- This site is optimized with the Yoast SEO plugin v27.3 - https:\/\/yoast.com\/product\/yoast-seo-wordpress\/ -->\n<title>D\u00e1rius Music | Jean-Baptiste VUILLAUME violin bow<\/title>\n<meta name=\"description\" content=\"Darius Music Shop &amp; Wroskhop - Violin bows - Jean-Baptiste VUILLAUME violin bow. Available in our shop!\" \/>\n<meta name=\"robots\" content=\"index, follow, max-snippet:-1, max-image-preview:large, max-video-preview:-1\" \/>\n<link rel=\"canonical\" href=\"https:\/\/dariusmusic.hu\/en\/fine-instrument\/jean-baptiste-vuillaume-violin-bow\/\" \/>\n<meta property=\"og:locale\" content=\"en_US\" \/>\n<meta property=\"og:type\" content=\"article\" \/>\n<meta property=\"og:title\" content=\"D\u00e1rius Music | Jean-Baptiste VUILLAUME violin bow\" \/>\n<meta property=\"og:description\" content=\"Darius Music Shop &amp; Wroskhop - Violin bows - Jean-Baptiste VUILLAUME violin bow. Available in our shop!\" \/>\n<meta property=\"og:url\" content=\"https:\/\/dariusmusic.hu\/en\/fine-instrument\/jean-baptiste-vuillaume-violin-bow\/\" \/>\n<meta property=\"og:site_name\" content=\"Darius Music Hangszer\u00fczlet \u00e9s jav\u00edt\u00f3m\u0171hely\" \/>\n<meta property=\"article:modified_time\" content=\"2025-02-19T14:29:16+00:00\" \/>\n<meta property=\"og:image\" content=\"https:\/\/dariusmusic.hu\/wp-content\/uploads\/2023\/01\/DSC_2471_00004-scaled.jpg\" \/>\n\t<meta property=\"og:image:width\" content=\"2560\" \/>\n\t<meta property=\"og:image:height\" content=\"1709\" \/>\n\t<meta property=\"og:image:type\" content=\"image\/jpeg\" \/>\n<meta name=\"twitter:card\" content=\"summary_large_image\" \/>\n<script type=\"application\/ld+json\" class=\"yoast-schema-graph\">{\"@context\":\"https:\\\/\\\/schema.org\",\"@graph\":[{\"@type\":\"WebPage\",\"@id\":\"https:\\\/\\\/dariusmusic.hu\\\/en\\\/fine-instrument\\\/jean-baptiste-vuillaume-violin-bow\\\/\",\"url\":\"https:\\\/\\\/dariusmusic.hu\\\/en\\\/fine-instrument\\\/jean-baptiste-vuillaume-violin-bow\\\/\",\"name\":\"D\u00e1rius Music | Jean-Baptiste VUILLAUME violin bow\",\"isPartOf\":{\"@id\":\"https:\\\/\\\/dariusmusic.hu\\\/en\\\/#website\"},\"primaryImageOfPage\":{\"@id\":\"https:\\\/\\\/dariusmusic.hu\\\/en\\\/fine-instrument\\\/jean-baptiste-vuillaume-violin-bow\\\/#primaryimage\"},\"image\":{\"@id\":\"https:\\\/\\\/dariusmusic.hu\\\/en\\\/fine-instrument\\\/jean-baptiste-vuillaume-violin-bow\\\/#primaryimage\"},\"thumbnailUrl\":\"https:\\\/\\\/dariusmusic.hu\\\/wp-content\\\/uploads\\\/2023\\\/01\\\/DSC_2471_00004-scaled.jpg\",\"datePublished\":\"2023-01-13T14:41:17+00:00\",\"dateModified\":\"2025-02-19T14:29:16+00:00\",\"description\":\"Darius Music Shop & Wroskhop - Violin bows - Jean-Baptiste VUILLAUME violin bow. Available in our shop!\",\"breadcrumb\":{\"@id\":\"https:\\\/\\\/dariusmusic.hu\\\/en\\\/fine-instrument\\\/jean-baptiste-vuillaume-violin-bow\\\/#breadcrumb\"},\"inLanguage\":\"en-US\",\"potentialAction\":[{\"@type\":\"ReadAction\",\"target\":[\"https:\\\/\\\/dariusmusic.hu\\\/en\\\/fine-instrument\\\/jean-baptiste-vuillaume-violin-bow\\\/\"]}]},{\"@type\":\"ImageObject\",\"inLanguage\":\"en-US\",\"@id\":\"https:\\\/\\\/dariusmusic.hu\\\/en\\\/fine-instrument\\\/jean-baptiste-vuillaume-violin-bow\\\/#primaryimage\",\"url\":\"https:\\\/\\\/dariusmusic.hu\\\/wp-content\\\/uploads\\\/2023\\\/01\\\/DSC_2471_00004-scaled.jpg\",\"contentUrl\":\"https:\\\/\\\/dariusmusic.hu\\\/wp-content\\\/uploads\\\/2023\\\/01\\\/DSC_2471_00004-scaled.jpg\",\"width\":2560,\"height\":1709,\"caption\":\"Vuillaume violin bow frog\"},{\"@type\":\"BreadcrumbList\",\"@id\":\"https:\\\/\\\/dariusmusic.hu\\\/en\\\/fine-instrument\\\/jean-baptiste-vuillaume-violin-bow\\\/#breadcrumb\",\"itemListElement\":[{\"@type\":\"ListItem\",\"position\":1,\"name\":\"F\u0151oldal\",\"item\":\"https:\\\/\\\/dariusmusic.hu\\\/en\\\/\"},{\"@type\":\"ListItem\",\"position\":2,\"name\":\"Shop\",\"item\":\"https:\\\/\\\/dariusmusic.hu\\\/en\\\/shop\\\/\"},{\"@type\":\"ListItem\",\"position\":3,\"name\":\"Jean-Baptiste VUILLAUME violin bow\"}]},{\"@type\":\"WebSite\",\"@id\":\"https:\\\/\\\/dariusmusic.hu\\\/en\\\/#website\",\"url\":\"https:\\\/\\\/dariusmusic.hu\\\/en\\\/\",\"name\":\"Darius Music Hangszer\u00fczlet \u00e9s jav\u00edt\u00f3m\u0171hely\",\"description\":\"Hangszer ad\u00e1s-v\u00e9tel \u00e9s hangszerjav\u00edt\u00e1s\",\"publisher\":{\"@id\":\"https:\\\/\\\/dariusmusic.hu\\\/en\\\/#organization\"},\"potentialAction\":[{\"@type\":\"SearchAction\",\"target\":{\"@type\":\"EntryPoint\",\"urlTemplate\":\"https:\\\/\\\/dariusmusic.hu\\\/en\\\/?s={search_term_string}\"},\"query-input\":{\"@type\":\"PropertyValueSpecification\",\"valueRequired\":true,\"valueName\":\"search_term_string\"}}],\"inLanguage\":\"en-US\"},{\"@type\":\"Organization\",\"@id\":\"https:\\\/\\\/dariusmusic.hu\\\/en\\\/#organization\",\"name\":\"Darius Music Hangszer\u00fczlet \u00e9s jav\u00edt\u00f3m\u0171hely\",\"url\":\"https:\\\/\\\/dariusmusic.hu\\\/en\\\/\",\"logo\":{\"@type\":\"ImageObject\",\"inLanguage\":\"en-US\",\"@id\":\"https:\\\/\\\/dariusmusic.hu\\\/en\\\/#\\\/schema\\\/logo\\\/image\\\/\",\"url\":\"https:\\\/\\\/dariusmusic.hu\\\/wp-content\\\/uploads\\\/2020\\\/08\\\/logo-01.png\",\"contentUrl\":\"https:\\\/\\\/dariusmusic.hu\\\/wp-content\\\/uploads\\\/2020\\\/08\\\/logo-01.png\",\"width\":1000,\"height\":777,\"caption\":\"Darius Music Hangszer\u00fczlet \u00e9s jav\u00edt\u00f3m\u0171hely\"},\"image\":{\"@id\":\"https:\\\/\\\/dariusmusic.hu\\\/en\\\/#\\\/schema\\\/logo\\\/image\\\/\"}}]}<\/script>\n<!-- \/ Yoast SEO plugin. -->","yoast_head_json":{"title":"D\u00e1rius Music | Jean-Baptiste VUILLAUME violin bow","description":"Darius Music Shop & Wroskhop - Violin bows - Jean-Baptiste VUILLAUME violin bow. Available in our shop!","robots":{"index":"index","follow":"follow","max-snippet":"max-snippet:-1","max-image-preview":"max-image-preview:large","max-video-preview":"max-video-preview:-1"},"canonical":"https:\/\/dariusmusic.hu\/en\/fine-instrument\/jean-baptiste-vuillaume-violin-bow\/","og_locale":"en_US","og_type":"article","og_title":"D\u00e1rius Music | Jean-Baptiste VUILLAUME violin bow","og_description":"Darius Music Shop & Wroskhop - Violin bows - Jean-Baptiste VUILLAUME violin bow. Available in our shop!","og_url":"https:\/\/dariusmusic.hu\/en\/fine-instrument\/jean-baptiste-vuillaume-violin-bow\/","og_site_name":"Darius Music Hangszer\u00fczlet \u00e9s jav\u00edt\u00f3m\u0171hely","article_modified_time":"2025-02-19T14:29:16+00:00","og_image":[{"width":2560,"height":1709,"url":"https:\/\/dariusmusic.hu\/wp-content\/uploads\/2023\/01\/DSC_2471_00004-scaled.jpg","type":"image\/jpeg"}],"twitter_card":"summary_large_image","schema":{"@context":"https:\/\/schema.org","@graph":[{"@type":"WebPage","@id":"https:\/\/dariusmusic.hu\/en\/fine-instrument\/jean-baptiste-vuillaume-violin-bow\/","url":"https:\/\/dariusmusic.hu\/en\/fine-instrument\/jean-baptiste-vuillaume-violin-bow\/","name":"D\u00e1rius Music | Jean-Baptiste VUILLAUME violin bow","isPartOf":{"@id":"https:\/\/dariusmusic.hu\/en\/#website"},"primaryImageOfPage":{"@id":"https:\/\/dariusmusic.hu\/en\/fine-instrument\/jean-baptiste-vuillaume-violin-bow\/#primaryimage"},"image":{"@id":"https:\/\/dariusmusic.hu\/en\/fine-instrument\/jean-baptiste-vuillaume-violin-bow\/#primaryimage"},"thumbnailUrl":"https:\/\/dariusmusic.hu\/wp-content\/uploads\/2023\/01\/DSC_2471_00004-scaled.jpg","datePublished":"2023-01-13T14:41:17+00:00","dateModified":"2025-02-19T14:29:16+00:00","description":"Darius Music Shop & Wroskhop - Violin bows - Jean-Baptiste VUILLAUME violin bow. Available in our shop!","breadcrumb":{"@id":"https:\/\/dariusmusic.hu\/en\/fine-instrument\/jean-baptiste-vuillaume-violin-bow\/#breadcrumb"},"inLanguage":"en-US","potentialAction":[{"@type":"ReadAction","target":["https:\/\/dariusmusic.hu\/en\/fine-instrument\/jean-baptiste-vuillaume-violin-bow\/"]}]},{"@type":"ImageObject","inLanguage":"en-US","@id":"https:\/\/dariusmusic.hu\/en\/fine-instrument\/jean-baptiste-vuillaume-violin-bow\/#primaryimage","url":"https:\/\/dariusmusic.hu\/wp-content\/uploads\/2023\/01\/DSC_2471_00004-scaled.jpg","contentUrl":"https:\/\/dariusmusic.hu\/wp-content\/uploads\/2023\/01\/DSC_2471_00004-scaled.jpg","width":2560,"height":1709,"caption":"Vuillaume violin bow frog"},{"@type":"BreadcrumbList","@id":"https:\/\/dariusmusic.hu\/en\/fine-instrument\/jean-baptiste-vuillaume-violin-bow\/#breadcrumb","itemListElement":[{"@type":"ListItem","position":1,"name":"F\u0151oldal","item":"https:\/\/dariusmusic.hu\/en\/"},{"@type":"ListItem","position":2,"name":"Shop","item":"https:\/\/dariusmusic.hu\/en\/shop\/"},{"@type":"ListItem","position":3,"name":"Jean-Baptiste VUILLAUME violin bow"}]},{"@type":"WebSite","@id":"https:\/\/dariusmusic.hu\/en\/#website","url":"https:\/\/dariusmusic.hu\/en\/","name":"Darius Music Hangszer\u00fczlet \u00e9s jav\u00edt\u00f3m\u0171hely","description":"Hangszer ad\u00e1s-v\u00e9tel \u00e9s hangszerjav\u00edt\u00e1s","publisher":{"@id":"https:\/\/dariusmusic.hu\/en\/#organization"},"potentialAction":[{"@type":"SearchAction","target":{"@type":"EntryPoint","urlTemplate":"https:\/\/dariusmusic.hu\/en\/?s={search_term_string}"},"query-input":{"@type":"PropertyValueSpecification","valueRequired":true,"valueName":"search_term_string"}}],"inLanguage":"en-US"},{"@type":"Organization","@id":"https:\/\/dariusmusic.hu\/en\/#organization","name":"Darius Music Hangszer\u00fczlet \u00e9s jav\u00edt\u00f3m\u0171hely","url":"https:\/\/dariusmusic.hu\/en\/","logo":{"@type":"ImageObject","inLanguage":"en-US","@id":"https:\/\/dariusmusic.hu\/en\/#\/schema\/logo\/image\/","url":"https:\/\/dariusmusic.hu\/wp-content\/uploads\/2020\/08\/logo-01.png","contentUrl":"https:\/\/dariusmusic.hu\/wp-content\/uploads\/2020\/08\/logo-01.png","width":1000,"height":777,"caption":"Darius Music Hangszer\u00fczlet \u00e9s jav\u00edt\u00f3m\u0171hely"},"image":{"@id":"https:\/\/dariusmusic.hu\/en\/#\/schema\/logo\/image\/"}}]}},"_links":{"self":[{"href":"https:\/\/dariusmusic.hu\/en\/wp-json\/wp\/v2\/product\/6254","targetHints":{"allow":["GET"]}}],"collection":[{"href":"https:\/\/dariusmusic.hu\/en\/wp-json\/wp\/v2\/product"}],"about":[{"href":"https:\/\/dariusmusic.hu\/en\/wp-json\/wp\/v2\/types\/product"}],"wp:featuredmedia":[{"embeddable":true,"href":"https:\/\/dariusmusic.hu\/en\/wp-json\/wp\/v2\/media\/6257"}],"wp:attachment":[{"href":"https:\/\/dariusmusic.hu\/en\/wp-json\/wp\/v2\/media?parent=6254"}],"wp:term":[{"taxonomy":"product_brand","embeddable":true,"href":"https:\/\/dariusmusic.hu\/en\/wp-json\/wp\/v2\/product_brand?post=6254"},{"taxonomy":"product_cat","embeddable":true,"href":"https:\/\/dariusmusic.hu\/en\/wp-json\/wp\/v2\/product_cat?post=6254"},{"taxonomy":"product_tag","embeddable":true,"href":"https:\/\/dariusmusic.hu\/en\/wp-json\/wp\/v2\/product_tag?post=6254"}],"curies":[{"name":"wp","href":"https:\/\/api.w.org\/{rel}","templated":true}]}}