{"id":5372,"date":"2022-07-27T11:49:09","date_gmt":"2022-07-27T11:49:09","guid":{"rendered":"https:\/\/dariusmusic.hu\/?post_type=product&#038;p=5372"},"modified":"2024-03-04T14:37:10","modified_gmt":"2024-03-04T14:37:10","slug":"alfred-stohr-double-bass-bow-masolat","status":"publish","type":"product","link":"https:\/\/dariusmusic.hu\/en\/fine-instrument\/alfred-stohr-double-bass-bow-masolat\/","title":{"rendered":"<b>Alfred St\u00f6hr<\/b> <br>double bass bow SOLD"},"content":{"rendered":"","protected":false},"excerpt":{"rendered":"<h2>Alfred St\u00f6hr double bass bow<\/h2>\n<p>Weight: <strong>148 g<\/strong><\/p>\n<p>Fitting: <strong>Silver\/ebony<\/strong><\/p>\n<p>Stick: <strong>Octagonal, German style frog<\/strong><\/p>\n<p>Status:\u00a0 <em><span style=\"color: #6a2f1b;\"><strong>Sold<\/strong><\/span><\/em><\/p>\n","protected":false},"featured_media":5380,"template":"","meta":[],"product_brand":[],"product_cat":[140],"product_tag":[],"class_list":{"0":"post-5372","1":"product","2":"type-product","3":"status-publish","4":"has-post-thumbnail","6":"product_cat-antique-double-bass-bows-from-1000-to-3000-euro","8":"first","9":"instock","10":"shipping-taxable","11":"product-type-simple"},"yoast_head":"<!-- This site is optimized with the Yoast SEO plugin v27.3 - https:\/\/yoast.com\/product\/yoast-seo-wordpress\/ -->\n<title>D\u00e1rius Music | Alfred St\u00f6hr double bass bow<\/title>\n<meta name=\"description\" content=\"Darius Music Shop &amp; Wroskhop - double bass bows -Alfred St\u00f6hr double bass bow . Available in our shop!\" \/>\n<meta name=\"robots\" content=\"index, follow, max-snippet:-1, max-image-preview:large, max-video-preview:-1\" \/>\n<link rel=\"canonical\" href=\"https:\/\/dariusmusic.hu\/en\/fine-instrument\/alfred-stohr-double-bass-bow-masolat\/\" \/>\n<meta property=\"og:locale\" content=\"en_US\" \/>\n<meta property=\"og:type\" content=\"article\" \/>\n<meta property=\"og:title\" content=\"D\u00e1rius Music | Alfred St\u00f6hr double bass bow\" \/>\n<meta property=\"og:description\" content=\"Darius Music Shop &amp; Wroskhop - double bass bows -Alfred St\u00f6hr double bass bow . Available in our shop!\" \/>\n<meta property=\"og:url\" content=\"https:\/\/dariusmusic.hu\/en\/fine-instrument\/alfred-stohr-double-bass-bow-masolat\/\" \/>\n<meta property=\"og:site_name\" content=\"Darius Music Hangszer\u00fczlet \u00e9s jav\u00edt\u00f3m\u0171hely\" \/>\n<meta property=\"article:modified_time\" content=\"2024-03-04T14:37:10+00:00\" \/>\n<meta property=\"og:image\" content=\"https:\/\/dariusmusic.hu\/wp-content\/uploads\/2022\/07\/DSC_1529_00001-1.jpg\" \/>\n\t<meta property=\"og:image:width\" content=\"2500\" \/>\n\t<meta property=\"og:image:height\" content=\"1669\" \/>\n\t<meta property=\"og:image:type\" content=\"image\/jpeg\" \/>\n<meta name=\"twitter:card\" content=\"summary_large_image\" \/>\n<script type=\"application\/ld+json\" class=\"yoast-schema-graph\">{\"@context\":\"https:\\\/\\\/schema.org\",\"@graph\":[{\"@type\":\"WebPage\",\"@id\":\"https:\\\/\\\/dariusmusic.hu\\\/en\\\/fine-instrument\\\/alfred-stohr-double-bass-bow-masolat\\\/\",\"url\":\"https:\\\/\\\/dariusmusic.hu\\\/en\\\/fine-instrument\\\/alfred-stohr-double-bass-bow-masolat\\\/\",\"name\":\"D\u00e1rius Music | Alfred St\u00f6hr double bass bow\",\"isPartOf\":{\"@id\":\"https:\\\/\\\/dariusmusic.hu\\\/en\\\/#website\"},\"primaryImageOfPage\":{\"@id\":\"https:\\\/\\\/dariusmusic.hu\\\/en\\\/fine-instrument\\\/alfred-stohr-double-bass-bow-masolat\\\/#primaryimage\"},\"image\":{\"@id\":\"https:\\\/\\\/dariusmusic.hu\\\/en\\\/fine-instrument\\\/alfred-stohr-double-bass-bow-masolat\\\/#primaryimage\"},\"thumbnailUrl\":\"https:\\\/\\\/dariusmusic.hu\\\/wp-content\\\/uploads\\\/2022\\\/07\\\/DSC_1529_00001-1.jpg\",\"datePublished\":\"2022-07-27T11:49:09+00:00\",\"dateModified\":\"2024-03-04T14:37:10+00:00\",\"description\":\"Darius Music Shop & Wroskhop - double bass bows -Alfred St\u00f6hr double bass bow . Available in our shop!\",\"breadcrumb\":{\"@id\":\"https:\\\/\\\/dariusmusic.hu\\\/en\\\/fine-instrument\\\/alfred-stohr-double-bass-bow-masolat\\\/#breadcrumb\"},\"inLanguage\":\"en-US\",\"potentialAction\":[{\"@type\":\"ReadAction\",\"target\":[\"https:\\\/\\\/dariusmusic.hu\\\/en\\\/fine-instrument\\\/alfred-stohr-double-bass-bow-masolat\\\/\"]}]},{\"@type\":\"ImageObject\",\"inLanguage\":\"en-US\",\"@id\":\"https:\\\/\\\/dariusmusic.hu\\\/en\\\/fine-instrument\\\/alfred-stohr-double-bass-bow-masolat\\\/#primaryimage\",\"url\":\"https:\\\/\\\/dariusmusic.hu\\\/wp-content\\\/uploads\\\/2022\\\/07\\\/DSC_1529_00001-1.jpg\",\"contentUrl\":\"https:\\\/\\\/dariusmusic.hu\\\/wp-content\\\/uploads\\\/2022\\\/07\\\/DSC_1529_00001-1.jpg\",\"width\":2500,\"height\":1669,\"caption\":\"Alfred St\u00f6hr double bass bow frog\"},{\"@type\":\"BreadcrumbList\",\"@id\":\"https:\\\/\\\/dariusmusic.hu\\\/en\\\/fine-instrument\\\/alfred-stohr-double-bass-bow-masolat\\\/#breadcrumb\",\"itemListElement\":[{\"@type\":\"ListItem\",\"position\":1,\"name\":\"F\u0151oldal\",\"item\":\"https:\\\/\\\/dariusmusic.hu\\\/en\\\/\"},{\"@type\":\"ListItem\",\"position\":2,\"name\":\"Shop\",\"item\":\"https:\\\/\\\/dariusmusic.hu\\\/en\\\/shop\\\/\"},{\"@type\":\"ListItem\",\"position\":3,\"name\":\"Alfred St\u00f6hr double bass bow SOLD\"}]},{\"@type\":\"WebSite\",\"@id\":\"https:\\\/\\\/dariusmusic.hu\\\/en\\\/#website\",\"url\":\"https:\\\/\\\/dariusmusic.hu\\\/en\\\/\",\"name\":\"Darius Music Hangszer\u00fczlet \u00e9s jav\u00edt\u00f3m\u0171hely\",\"description\":\"Hangszer ad\u00e1s-v\u00e9tel \u00e9s hangszerjav\u00edt\u00e1s\",\"publisher\":{\"@id\":\"https:\\\/\\\/dariusmusic.hu\\\/en\\\/#organization\"},\"potentialAction\":[{\"@type\":\"SearchAction\",\"target\":{\"@type\":\"EntryPoint\",\"urlTemplate\":\"https:\\\/\\\/dariusmusic.hu\\\/en\\\/?s={search_term_string}\"},\"query-input\":{\"@type\":\"PropertyValueSpecification\",\"valueRequired\":true,\"valueName\":\"search_term_string\"}}],\"inLanguage\":\"en-US\"},{\"@type\":\"Organization\",\"@id\":\"https:\\\/\\\/dariusmusic.hu\\\/en\\\/#organization\",\"name\":\"Darius Music Hangszer\u00fczlet \u00e9s jav\u00edt\u00f3m\u0171hely\",\"url\":\"https:\\\/\\\/dariusmusic.hu\\\/en\\\/\",\"logo\":{\"@type\":\"ImageObject\",\"inLanguage\":\"en-US\",\"@id\":\"https:\\\/\\\/dariusmusic.hu\\\/en\\\/#\\\/schema\\\/logo\\\/image\\\/\",\"url\":\"https:\\\/\\\/dariusmusic.hu\\\/wp-content\\\/uploads\\\/2020\\\/08\\\/logo-01.png\",\"contentUrl\":\"https:\\\/\\\/dariusmusic.hu\\\/wp-content\\\/uploads\\\/2020\\\/08\\\/logo-01.png\",\"width\":1000,\"height\":777,\"caption\":\"Darius Music Hangszer\u00fczlet \u00e9s jav\u00edt\u00f3m\u0171hely\"},\"image\":{\"@id\":\"https:\\\/\\\/dariusmusic.hu\\\/en\\\/#\\\/schema\\\/logo\\\/image\\\/\"}}]}<\/script>\n<!-- \/ Yoast SEO plugin. -->","yoast_head_json":{"title":"D\u00e1rius Music | Alfred St\u00f6hr double bass bow","description":"Darius Music Shop & Wroskhop - double bass bows -Alfred St\u00f6hr double bass bow . Available in our shop!","robots":{"index":"index","follow":"follow","max-snippet":"max-snippet:-1","max-image-preview":"max-image-preview:large","max-video-preview":"max-video-preview:-1"},"canonical":"https:\/\/dariusmusic.hu\/en\/fine-instrument\/alfred-stohr-double-bass-bow-masolat\/","og_locale":"en_US","og_type":"article","og_title":"D\u00e1rius Music | Alfred St\u00f6hr double bass bow","og_description":"Darius Music Shop & Wroskhop - double bass bows -Alfred St\u00f6hr double bass bow . Available in our shop!","og_url":"https:\/\/dariusmusic.hu\/en\/fine-instrument\/alfred-stohr-double-bass-bow-masolat\/","og_site_name":"Darius Music Hangszer\u00fczlet \u00e9s jav\u00edt\u00f3m\u0171hely","article_modified_time":"2024-03-04T14:37:10+00:00","og_image":[{"width":2500,"height":1669,"url":"https:\/\/dariusmusic.hu\/wp-content\/uploads\/2022\/07\/DSC_1529_00001-1.jpg","type":"image\/jpeg"}],"twitter_card":"summary_large_image","schema":{"@context":"https:\/\/schema.org","@graph":[{"@type":"WebPage","@id":"https:\/\/dariusmusic.hu\/en\/fine-instrument\/alfred-stohr-double-bass-bow-masolat\/","url":"https:\/\/dariusmusic.hu\/en\/fine-instrument\/alfred-stohr-double-bass-bow-masolat\/","name":"D\u00e1rius Music | Alfred St\u00f6hr double bass bow","isPartOf":{"@id":"https:\/\/dariusmusic.hu\/en\/#website"},"primaryImageOfPage":{"@id":"https:\/\/dariusmusic.hu\/en\/fine-instrument\/alfred-stohr-double-bass-bow-masolat\/#primaryimage"},"image":{"@id":"https:\/\/dariusmusic.hu\/en\/fine-instrument\/alfred-stohr-double-bass-bow-masolat\/#primaryimage"},"thumbnailUrl":"https:\/\/dariusmusic.hu\/wp-content\/uploads\/2022\/07\/DSC_1529_00001-1.jpg","datePublished":"2022-07-27T11:49:09+00:00","dateModified":"2024-03-04T14:37:10+00:00","description":"Darius Music Shop & Wroskhop - double bass bows -Alfred St\u00f6hr double bass bow . Available in our shop!","breadcrumb":{"@id":"https:\/\/dariusmusic.hu\/en\/fine-instrument\/alfred-stohr-double-bass-bow-masolat\/#breadcrumb"},"inLanguage":"en-US","potentialAction":[{"@type":"ReadAction","target":["https:\/\/dariusmusic.hu\/en\/fine-instrument\/alfred-stohr-double-bass-bow-masolat\/"]}]},{"@type":"ImageObject","inLanguage":"en-US","@id":"https:\/\/dariusmusic.hu\/en\/fine-instrument\/alfred-stohr-double-bass-bow-masolat\/#primaryimage","url":"https:\/\/dariusmusic.hu\/wp-content\/uploads\/2022\/07\/DSC_1529_00001-1.jpg","contentUrl":"https:\/\/dariusmusic.hu\/wp-content\/uploads\/2022\/07\/DSC_1529_00001-1.jpg","width":2500,"height":1669,"caption":"Alfred St\u00f6hr double bass bow frog"},{"@type":"BreadcrumbList","@id":"https:\/\/dariusmusic.hu\/en\/fine-instrument\/alfred-stohr-double-bass-bow-masolat\/#breadcrumb","itemListElement":[{"@type":"ListItem","position":1,"name":"F\u0151oldal","item":"https:\/\/dariusmusic.hu\/en\/"},{"@type":"ListItem","position":2,"name":"Shop","item":"https:\/\/dariusmusic.hu\/en\/shop\/"},{"@type":"ListItem","position":3,"name":"Alfred St\u00f6hr double bass bow SOLD"}]},{"@type":"WebSite","@id":"https:\/\/dariusmusic.hu\/en\/#website","url":"https:\/\/dariusmusic.hu\/en\/","name":"Darius Music Hangszer\u00fczlet \u00e9s jav\u00edt\u00f3m\u0171hely","description":"Hangszer ad\u00e1s-v\u00e9tel \u00e9s hangszerjav\u00edt\u00e1s","publisher":{"@id":"https:\/\/dariusmusic.hu\/en\/#organization"},"potentialAction":[{"@type":"SearchAction","target":{"@type":"EntryPoint","urlTemplate":"https:\/\/dariusmusic.hu\/en\/?s={search_term_string}"},"query-input":{"@type":"PropertyValueSpecification","valueRequired":true,"valueName":"search_term_string"}}],"inLanguage":"en-US"},{"@type":"Organization","@id":"https:\/\/dariusmusic.hu\/en\/#organization","name":"Darius Music Hangszer\u00fczlet \u00e9s jav\u00edt\u00f3m\u0171hely","url":"https:\/\/dariusmusic.hu\/en\/","logo":{"@type":"ImageObject","inLanguage":"en-US","@id":"https:\/\/dariusmusic.hu\/en\/#\/schema\/logo\/image\/","url":"https:\/\/dariusmusic.hu\/wp-content\/uploads\/2020\/08\/logo-01.png","contentUrl":"https:\/\/dariusmusic.hu\/wp-content\/uploads\/2020\/08\/logo-01.png","width":1000,"height":777,"caption":"Darius Music Hangszer\u00fczlet \u00e9s jav\u00edt\u00f3m\u0171hely"},"image":{"@id":"https:\/\/dariusmusic.hu\/en\/#\/schema\/logo\/image\/"}}]}},"_links":{"self":[{"href":"https:\/\/dariusmusic.hu\/en\/wp-json\/wp\/v2\/product\/5372","targetHints":{"allow":["GET"]}}],"collection":[{"href":"https:\/\/dariusmusic.hu\/en\/wp-json\/wp\/v2\/product"}],"about":[{"href":"https:\/\/dariusmusic.hu\/en\/wp-json\/wp\/v2\/types\/product"}],"wp:featuredmedia":[{"embeddable":true,"href":"https:\/\/dariusmusic.hu\/en\/wp-json\/wp\/v2\/media\/5380"}],"wp:attachment":[{"href":"https:\/\/dariusmusic.hu\/en\/wp-json\/wp\/v2\/media?parent=5372"}],"wp:term":[{"taxonomy":"product_brand","embeddable":true,"href":"https:\/\/dariusmusic.hu\/en\/wp-json\/wp\/v2\/product_brand?post=5372"},{"taxonomy":"product_cat","embeddable":true,"href":"https:\/\/dariusmusic.hu\/en\/wp-json\/wp\/v2\/product_cat?post=5372"},{"taxonomy":"product_tag","embeddable":true,"href":"https:\/\/dariusmusic.hu\/en\/wp-json\/wp\/v2\/product_tag?post=5372"}],"curies":[{"name":"wp","href":"https:\/\/api.w.org\/{rel}","templated":true}]}}