{"id":5266,"date":"2022-07-21T10:33:35","date_gmt":"2022-07-21T10:33:35","guid":{"rendered":"https:\/\/dariusmusic.hu\/?post_type=product&#038;p=5266"},"modified":"2023-06-13T13:52:33","modified_gmt":"2023-06-13T13:52:33","slug":"francois-lotte-violabow","status":"publish","type":"product","link":"https:\/\/dariusmusic.hu\/en\/fine-instrument\/francois-lotte-violabow\/","title":{"rendered":"<b>Francois Lotte <\/b> <br> viola bow SOLD!"},"content":{"rendered":"","protected":false},"excerpt":{"rendered":"<h2>Francois Lotte\u00a0viola bow<\/h2>\n<p>Fitting: <strong>Nickel\/ebony<\/strong><\/p>\n<p>Stick: <strong>Round<\/strong><\/p>\n<p>&nbsp;<\/p>\n<p>Status:\u00a0 <span style=\"color: #6a2f1b;\"><b><i>Sold!<\/i><\/b><\/span><\/p>\n","protected":false},"featured_media":0,"template":"","meta":[],"product_brand":[],"product_cat":[136],"product_tag":[],"class_list":{"0":"post-5266","1":"product","2":"type-product","3":"status-publish","5":"product_cat-antique-viola-bows-from-1000-to-3000-euro","7":"first","8":"instock","9":"shipping-taxable","10":"product-type-simple"},"yoast_head":"<!-- This site is optimized with the Yoast SEO plugin v27.3 - https:\/\/yoast.com\/product\/yoast-seo-wordpress\/ -->\n<title>D\u00e1rius Music | Francois Lotte viola bow<\/title>\n<meta name=\"description\" content=\"Darius Music Shop &amp; Wroskhop - Viola bows - Francois Lotte viola bow. Available in our shop!\" \/>\n<meta name=\"robots\" content=\"index, follow, max-snippet:-1, max-image-preview:large, max-video-preview:-1\" \/>\n<link rel=\"canonical\" href=\"https:\/\/dariusmusic.hu\/en\/fine-instrument\/francois-lotte-violabow\/\" \/>\n<meta property=\"og:locale\" content=\"en_US\" \/>\n<meta property=\"og:type\" content=\"article\" \/>\n<meta property=\"og:title\" content=\"D\u00e1rius Music | Francois Lotte viola bow\" \/>\n<meta property=\"og:description\" content=\"Darius Music Shop &amp; Wroskhop - Viola bows - Francois Lotte viola bow. Available in our shop!\" \/>\n<meta property=\"og:url\" content=\"https:\/\/dariusmusic.hu\/en\/fine-instrument\/francois-lotte-violabow\/\" \/>\n<meta property=\"og:site_name\" content=\"Darius Music Hangszer\u00fczlet \u00e9s jav\u00edt\u00f3m\u0171hely\" \/>\n<meta property=\"article:modified_time\" content=\"2023-06-13T13:52:33+00:00\" \/>\n<meta name=\"twitter:card\" content=\"summary_large_image\" \/>\n<script type=\"application\/ld+json\" class=\"yoast-schema-graph\">{\"@context\":\"https:\\\/\\\/schema.org\",\"@graph\":[{\"@type\":\"WebPage\",\"@id\":\"https:\\\/\\\/dariusmusic.hu\\\/en\\\/fine-instrument\\\/francois-lotte-violabow\\\/\",\"url\":\"https:\\\/\\\/dariusmusic.hu\\\/en\\\/fine-instrument\\\/francois-lotte-violabow\\\/\",\"name\":\"D\u00e1rius Music | Francois Lotte viola bow\",\"isPartOf\":{\"@id\":\"https:\\\/\\\/dariusmusic.hu\\\/en\\\/#website\"},\"datePublished\":\"2022-07-21T10:33:35+00:00\",\"dateModified\":\"2023-06-13T13:52:33+00:00\",\"description\":\"Darius Music Shop & Wroskhop - Viola bows - Francois Lotte viola bow. Available in our shop!\",\"breadcrumb\":{\"@id\":\"https:\\\/\\\/dariusmusic.hu\\\/en\\\/fine-instrument\\\/francois-lotte-violabow\\\/#breadcrumb\"},\"inLanguage\":\"en-US\",\"potentialAction\":[{\"@type\":\"ReadAction\",\"target\":[\"https:\\\/\\\/dariusmusic.hu\\\/en\\\/fine-instrument\\\/francois-lotte-violabow\\\/\"]}]},{\"@type\":\"BreadcrumbList\",\"@id\":\"https:\\\/\\\/dariusmusic.hu\\\/en\\\/fine-instrument\\\/francois-lotte-violabow\\\/#breadcrumb\",\"itemListElement\":[{\"@type\":\"ListItem\",\"position\":1,\"name\":\"F\u0151oldal\",\"item\":\"https:\\\/\\\/dariusmusic.hu\\\/en\\\/\"},{\"@type\":\"ListItem\",\"position\":2,\"name\":\"Shop\",\"item\":\"https:\\\/\\\/dariusmusic.hu\\\/en\\\/shop\\\/\"},{\"@type\":\"ListItem\",\"position\":3,\"name\":\"Francois Lotte viola bow SOLD!\"}]},{\"@type\":\"WebSite\",\"@id\":\"https:\\\/\\\/dariusmusic.hu\\\/en\\\/#website\",\"url\":\"https:\\\/\\\/dariusmusic.hu\\\/en\\\/\",\"name\":\"Darius Music Hangszer\u00fczlet \u00e9s jav\u00edt\u00f3m\u0171hely\",\"description\":\"Hangszer ad\u00e1s-v\u00e9tel \u00e9s hangszerjav\u00edt\u00e1s\",\"publisher\":{\"@id\":\"https:\\\/\\\/dariusmusic.hu\\\/en\\\/#organization\"},\"potentialAction\":[{\"@type\":\"SearchAction\",\"target\":{\"@type\":\"EntryPoint\",\"urlTemplate\":\"https:\\\/\\\/dariusmusic.hu\\\/en\\\/?s={search_term_string}\"},\"query-input\":{\"@type\":\"PropertyValueSpecification\",\"valueRequired\":true,\"valueName\":\"search_term_string\"}}],\"inLanguage\":\"en-US\"},{\"@type\":\"Organization\",\"@id\":\"https:\\\/\\\/dariusmusic.hu\\\/en\\\/#organization\",\"name\":\"Darius Music Hangszer\u00fczlet \u00e9s jav\u00edt\u00f3m\u0171hely\",\"url\":\"https:\\\/\\\/dariusmusic.hu\\\/en\\\/\",\"logo\":{\"@type\":\"ImageObject\",\"inLanguage\":\"en-US\",\"@id\":\"https:\\\/\\\/dariusmusic.hu\\\/en\\\/#\\\/schema\\\/logo\\\/image\\\/\",\"url\":\"https:\\\/\\\/dariusmusic.hu\\\/wp-content\\\/uploads\\\/2020\\\/08\\\/logo-01.png\",\"contentUrl\":\"https:\\\/\\\/dariusmusic.hu\\\/wp-content\\\/uploads\\\/2020\\\/08\\\/logo-01.png\",\"width\":1000,\"height\":777,\"caption\":\"Darius Music Hangszer\u00fczlet \u00e9s jav\u00edt\u00f3m\u0171hely\"},\"image\":{\"@id\":\"https:\\\/\\\/dariusmusic.hu\\\/en\\\/#\\\/schema\\\/logo\\\/image\\\/\"}}]}<\/script>\n<!-- \/ Yoast SEO plugin. -->","yoast_head_json":{"title":"D\u00e1rius Music | Francois Lotte viola bow","description":"Darius Music Shop & Wroskhop - Viola bows - Francois Lotte viola bow. Available in our shop!","robots":{"index":"index","follow":"follow","max-snippet":"max-snippet:-1","max-image-preview":"max-image-preview:large","max-video-preview":"max-video-preview:-1"},"canonical":"https:\/\/dariusmusic.hu\/en\/fine-instrument\/francois-lotte-violabow\/","og_locale":"en_US","og_type":"article","og_title":"D\u00e1rius Music | Francois Lotte viola bow","og_description":"Darius Music Shop & Wroskhop - Viola bows - Francois Lotte viola bow. Available in our shop!","og_url":"https:\/\/dariusmusic.hu\/en\/fine-instrument\/francois-lotte-violabow\/","og_site_name":"Darius Music Hangszer\u00fczlet \u00e9s jav\u00edt\u00f3m\u0171hely","article_modified_time":"2023-06-13T13:52:33+00:00","twitter_card":"summary_large_image","schema":{"@context":"https:\/\/schema.org","@graph":[{"@type":"WebPage","@id":"https:\/\/dariusmusic.hu\/en\/fine-instrument\/francois-lotte-violabow\/","url":"https:\/\/dariusmusic.hu\/en\/fine-instrument\/francois-lotte-violabow\/","name":"D\u00e1rius Music | Francois Lotte viola bow","isPartOf":{"@id":"https:\/\/dariusmusic.hu\/en\/#website"},"datePublished":"2022-07-21T10:33:35+00:00","dateModified":"2023-06-13T13:52:33+00:00","description":"Darius Music Shop & Wroskhop - Viola bows - Francois Lotte viola bow. Available in our shop!","breadcrumb":{"@id":"https:\/\/dariusmusic.hu\/en\/fine-instrument\/francois-lotte-violabow\/#breadcrumb"},"inLanguage":"en-US","potentialAction":[{"@type":"ReadAction","target":["https:\/\/dariusmusic.hu\/en\/fine-instrument\/francois-lotte-violabow\/"]}]},{"@type":"BreadcrumbList","@id":"https:\/\/dariusmusic.hu\/en\/fine-instrument\/francois-lotte-violabow\/#breadcrumb","itemListElement":[{"@type":"ListItem","position":1,"name":"F\u0151oldal","item":"https:\/\/dariusmusic.hu\/en\/"},{"@type":"ListItem","position":2,"name":"Shop","item":"https:\/\/dariusmusic.hu\/en\/shop\/"},{"@type":"ListItem","position":3,"name":"Francois Lotte viola bow SOLD!"}]},{"@type":"WebSite","@id":"https:\/\/dariusmusic.hu\/en\/#website","url":"https:\/\/dariusmusic.hu\/en\/","name":"Darius Music Hangszer\u00fczlet \u00e9s jav\u00edt\u00f3m\u0171hely","description":"Hangszer ad\u00e1s-v\u00e9tel \u00e9s hangszerjav\u00edt\u00e1s","publisher":{"@id":"https:\/\/dariusmusic.hu\/en\/#organization"},"potentialAction":[{"@type":"SearchAction","target":{"@type":"EntryPoint","urlTemplate":"https:\/\/dariusmusic.hu\/en\/?s={search_term_string}"},"query-input":{"@type":"PropertyValueSpecification","valueRequired":true,"valueName":"search_term_string"}}],"inLanguage":"en-US"},{"@type":"Organization","@id":"https:\/\/dariusmusic.hu\/en\/#organization","name":"Darius Music Hangszer\u00fczlet \u00e9s jav\u00edt\u00f3m\u0171hely","url":"https:\/\/dariusmusic.hu\/en\/","logo":{"@type":"ImageObject","inLanguage":"en-US","@id":"https:\/\/dariusmusic.hu\/en\/#\/schema\/logo\/image\/","url":"https:\/\/dariusmusic.hu\/wp-content\/uploads\/2020\/08\/logo-01.png","contentUrl":"https:\/\/dariusmusic.hu\/wp-content\/uploads\/2020\/08\/logo-01.png","width":1000,"height":777,"caption":"Darius Music Hangszer\u00fczlet \u00e9s jav\u00edt\u00f3m\u0171hely"},"image":{"@id":"https:\/\/dariusmusic.hu\/en\/#\/schema\/logo\/image\/"}}]}},"_links":{"self":[{"href":"https:\/\/dariusmusic.hu\/en\/wp-json\/wp\/v2\/product\/5266","targetHints":{"allow":["GET"]}}],"collection":[{"href":"https:\/\/dariusmusic.hu\/en\/wp-json\/wp\/v2\/product"}],"about":[{"href":"https:\/\/dariusmusic.hu\/en\/wp-json\/wp\/v2\/types\/product"}],"wp:attachment":[{"href":"https:\/\/dariusmusic.hu\/en\/wp-json\/wp\/v2\/media?parent=5266"}],"wp:term":[{"taxonomy":"product_brand","embeddable":true,"href":"https:\/\/dariusmusic.hu\/en\/wp-json\/wp\/v2\/product_brand?post=5266"},{"taxonomy":"product_cat","embeddable":true,"href":"https:\/\/dariusmusic.hu\/en\/wp-json\/wp\/v2\/product_cat?post=5266"},{"taxonomy":"product_tag","embeddable":true,"href":"https:\/\/dariusmusic.hu\/en\/wp-json\/wp\/v2\/product_tag?post=5266"}],"curies":[{"name":"wp","href":"https:\/\/api.w.org\/{rel}","templated":true}]}}