{"id":2032,"date":"2019-06-25T15:10:11","date_gmt":"2019-06-25T15:10:11","guid":{"rendered":"https:\/\/dev-dariusmusic.pantheonsite.io\/kulonleges-hangszer\/cigl-jeromos-violin-budapest-1926\/"},"modified":"2022-06-30T12:07:18","modified_gmt":"2022-06-30T12:07:18","slug":"cigl-jeromos-violin-budapest-1926","status":"publish","type":"product","link":"https:\/\/dariusmusic.hu\/en\/fine-instrument\/cigl-jeromos-violin-budapest-1926\/","title":{"rendered":"Cigl Jeromos Op. 88. violin Budapest, 1926 SOLD"},"content":{"rendered":"","protected":false},"excerpt":{"rendered":"<h2><strong>Cigl Jeromos<\/strong> Op. 88. violin<\/h2>\n<p><em>Budapest, 1926<\/em><\/p>\n<p>&nbsp;<\/p>\n<p>Status:\u00a0 <em><span style=\"color: #6a2f1b;\"><strong>Sold<\/strong><\/span><\/em><\/p>\n","protected":false},"featured_media":1558,"template":"","meta":[],"product_brand":[],"product_cat":[121],"product_tag":[],"class_list":{"0":"post-2032","1":"product","2":"type-product","3":"status-publish","4":"has-post-thumbnail","6":"product_cat-antique-violins-from-15000-to-25000-euro","8":"first","9":"instock","10":"shipping-taxable","11":"product-type-simple"},"yoast_head":"<!-- This site is optimized with the Yoast SEO plugin v27.3 - https:\/\/yoast.com\/product\/yoast-seo-wordpress\/ -->\n<title>D\u00e1rius Music Shop- Cigl Jeromos violin<\/title>\n<meta name=\"description\" content=\"Darius Music Shop &amp; Workshop - Fine instruments - Cigl Jeromos violin 1926, Budapest\" \/>\n<meta name=\"robots\" content=\"index, follow, max-snippet:-1, max-image-preview:large, max-video-preview:-1\" \/>\n<link rel=\"canonical\" href=\"https:\/\/dariusmusic.hu\/en\/fine-instrument\/cigl-jeromos-violin-budapest-1926\/\" \/>\n<meta property=\"og:locale\" content=\"en_US\" \/>\n<meta property=\"og:type\" content=\"article\" \/>\n<meta property=\"og:title\" content=\"D\u00e1rius Music Shop- Cigl Jeromos violin\" \/>\n<meta property=\"og:description\" content=\"Darius Music Shop &amp; Workshop - Fine instruments - Cigl Jeromos violin 1926, Budapest\" \/>\n<meta property=\"og:url\" content=\"https:\/\/dariusmusic.hu\/en\/fine-instrument\/cigl-jeromos-violin-budapest-1926\/\" \/>\n<meta property=\"og:site_name\" content=\"Darius Music Hangszer\u00fczlet \u00e9s jav\u00edt\u00f3m\u0171hely\" \/>\n<meta property=\"article:modified_time\" content=\"2022-06-30T12:07:18+00:00\" \/>\n<meta property=\"og:image\" content=\"https:\/\/dariusmusic.hu\/wp-content\/uploads\/2019\/06\/cigl-mesterhegedu-01.jpg\" \/>\n\t<meta property=\"og:image:width\" content=\"664\" \/>\n\t<meta property=\"og:image:height\" content=\"1000\" \/>\n\t<meta property=\"og:image:type\" content=\"image\/jpeg\" \/>\n<meta name=\"twitter:card\" content=\"summary_large_image\" \/>\n<script type=\"application\/ld+json\" class=\"yoast-schema-graph\">{\"@context\":\"https:\\\/\\\/schema.org\",\"@graph\":[{\"@type\":\"WebPage\",\"@id\":\"https:\\\/\\\/dariusmusic.hu\\\/en\\\/fine-instrument\\\/cigl-jeromos-violin-budapest-1926\\\/\",\"url\":\"https:\\\/\\\/dariusmusic.hu\\\/en\\\/fine-instrument\\\/cigl-jeromos-violin-budapest-1926\\\/\",\"name\":\"D\u00e1rius Music Shop- Cigl Jeromos violin\",\"isPartOf\":{\"@id\":\"https:\\\/\\\/dariusmusic.hu\\\/en\\\/#website\"},\"primaryImageOfPage\":{\"@id\":\"https:\\\/\\\/dariusmusic.hu\\\/en\\\/fine-instrument\\\/cigl-jeromos-violin-budapest-1926\\\/#primaryimage\"},\"image\":{\"@id\":\"https:\\\/\\\/dariusmusic.hu\\\/en\\\/fine-instrument\\\/cigl-jeromos-violin-budapest-1926\\\/#primaryimage\"},\"thumbnailUrl\":\"https:\\\/\\\/dariusmusic.hu\\\/wp-content\\\/uploads\\\/2019\\\/06\\\/cigl-mesterhegedu-01.jpg\",\"datePublished\":\"2019-06-25T15:10:11+00:00\",\"dateModified\":\"2022-06-30T12:07:18+00:00\",\"description\":\"Darius Music Shop & Workshop - Fine instruments - Cigl Jeromos violin 1926, Budapest\",\"breadcrumb\":{\"@id\":\"https:\\\/\\\/dariusmusic.hu\\\/en\\\/fine-instrument\\\/cigl-jeromos-violin-budapest-1926\\\/#breadcrumb\"},\"inLanguage\":\"en-US\",\"potentialAction\":[{\"@type\":\"ReadAction\",\"target\":[\"https:\\\/\\\/dariusmusic.hu\\\/en\\\/fine-instrument\\\/cigl-jeromos-violin-budapest-1926\\\/\"]}]},{\"@type\":\"ImageObject\",\"inLanguage\":\"en-US\",\"@id\":\"https:\\\/\\\/dariusmusic.hu\\\/en\\\/fine-instrument\\\/cigl-jeromos-violin-budapest-1926\\\/#primaryimage\",\"url\":\"https:\\\/\\\/dariusmusic.hu\\\/wp-content\\\/uploads\\\/2019\\\/06\\\/cigl-mesterhegedu-01.jpg\",\"contentUrl\":\"https:\\\/\\\/dariusmusic.hu\\\/wp-content\\\/uploads\\\/2019\\\/06\\\/cigl-mesterhegedu-01.jpg\",\"width\":664,\"height\":1000,\"caption\":\"Cigl Jeromos violin\"},{\"@type\":\"BreadcrumbList\",\"@id\":\"https:\\\/\\\/dariusmusic.hu\\\/en\\\/fine-instrument\\\/cigl-jeromos-violin-budapest-1926\\\/#breadcrumb\",\"itemListElement\":[{\"@type\":\"ListItem\",\"position\":1,\"name\":\"F\u0151oldal\",\"item\":\"https:\\\/\\\/dariusmusic.hu\\\/en\\\/\"},{\"@type\":\"ListItem\",\"position\":2,\"name\":\"Shop\",\"item\":\"https:\\\/\\\/dariusmusic.hu\\\/en\\\/shop\\\/\"},{\"@type\":\"ListItem\",\"position\":3,\"name\":\"Cigl Jeromos Op. 88. violin Budapest, 1926 SOLD\"}]},{\"@type\":\"WebSite\",\"@id\":\"https:\\\/\\\/dariusmusic.hu\\\/en\\\/#website\",\"url\":\"https:\\\/\\\/dariusmusic.hu\\\/en\\\/\",\"name\":\"Darius Music Hangszer\u00fczlet \u00e9s jav\u00edt\u00f3m\u0171hely\",\"description\":\"Hangszer ad\u00e1s-v\u00e9tel \u00e9s hangszerjav\u00edt\u00e1s\",\"publisher\":{\"@id\":\"https:\\\/\\\/dariusmusic.hu\\\/en\\\/#organization\"},\"potentialAction\":[{\"@type\":\"SearchAction\",\"target\":{\"@type\":\"EntryPoint\",\"urlTemplate\":\"https:\\\/\\\/dariusmusic.hu\\\/en\\\/?s={search_term_string}\"},\"query-input\":{\"@type\":\"PropertyValueSpecification\",\"valueRequired\":true,\"valueName\":\"search_term_string\"}}],\"inLanguage\":\"en-US\"},{\"@type\":\"Organization\",\"@id\":\"https:\\\/\\\/dariusmusic.hu\\\/en\\\/#organization\",\"name\":\"Darius Music Hangszer\u00fczlet \u00e9s jav\u00edt\u00f3m\u0171hely\",\"url\":\"https:\\\/\\\/dariusmusic.hu\\\/en\\\/\",\"logo\":{\"@type\":\"ImageObject\",\"inLanguage\":\"en-US\",\"@id\":\"https:\\\/\\\/dariusmusic.hu\\\/en\\\/#\\\/schema\\\/logo\\\/image\\\/\",\"url\":\"https:\\\/\\\/dariusmusic.hu\\\/wp-content\\\/uploads\\\/2020\\\/08\\\/logo-01.png\",\"contentUrl\":\"https:\\\/\\\/dariusmusic.hu\\\/wp-content\\\/uploads\\\/2020\\\/08\\\/logo-01.png\",\"width\":1000,\"height\":777,\"caption\":\"Darius Music Hangszer\u00fczlet \u00e9s jav\u00edt\u00f3m\u0171hely\"},\"image\":{\"@id\":\"https:\\\/\\\/dariusmusic.hu\\\/en\\\/#\\\/schema\\\/logo\\\/image\\\/\"}}]}<\/script>\n<!-- \/ Yoast SEO plugin. -->","yoast_head_json":{"title":"D\u00e1rius Music Shop- Cigl Jeromos violin","description":"Darius Music Shop & Workshop - Fine instruments - Cigl Jeromos violin 1926, Budapest","robots":{"index":"index","follow":"follow","max-snippet":"max-snippet:-1","max-image-preview":"max-image-preview:large","max-video-preview":"max-video-preview:-1"},"canonical":"https:\/\/dariusmusic.hu\/en\/fine-instrument\/cigl-jeromos-violin-budapest-1926\/","og_locale":"en_US","og_type":"article","og_title":"D\u00e1rius Music Shop- Cigl Jeromos violin","og_description":"Darius Music Shop & Workshop - Fine instruments - Cigl Jeromos violin 1926, Budapest","og_url":"https:\/\/dariusmusic.hu\/en\/fine-instrument\/cigl-jeromos-violin-budapest-1926\/","og_site_name":"Darius Music Hangszer\u00fczlet \u00e9s jav\u00edt\u00f3m\u0171hely","article_modified_time":"2022-06-30T12:07:18+00:00","og_image":[{"width":664,"height":1000,"url":"https:\/\/dariusmusic.hu\/wp-content\/uploads\/2019\/06\/cigl-mesterhegedu-01.jpg","type":"image\/jpeg"}],"twitter_card":"summary_large_image","schema":{"@context":"https:\/\/schema.org","@graph":[{"@type":"WebPage","@id":"https:\/\/dariusmusic.hu\/en\/fine-instrument\/cigl-jeromos-violin-budapest-1926\/","url":"https:\/\/dariusmusic.hu\/en\/fine-instrument\/cigl-jeromos-violin-budapest-1926\/","name":"D\u00e1rius Music Shop- Cigl Jeromos violin","isPartOf":{"@id":"https:\/\/dariusmusic.hu\/en\/#website"},"primaryImageOfPage":{"@id":"https:\/\/dariusmusic.hu\/en\/fine-instrument\/cigl-jeromos-violin-budapest-1926\/#primaryimage"},"image":{"@id":"https:\/\/dariusmusic.hu\/en\/fine-instrument\/cigl-jeromos-violin-budapest-1926\/#primaryimage"},"thumbnailUrl":"https:\/\/dariusmusic.hu\/wp-content\/uploads\/2019\/06\/cigl-mesterhegedu-01.jpg","datePublished":"2019-06-25T15:10:11+00:00","dateModified":"2022-06-30T12:07:18+00:00","description":"Darius Music Shop & Workshop - Fine instruments - Cigl Jeromos violin 1926, Budapest","breadcrumb":{"@id":"https:\/\/dariusmusic.hu\/en\/fine-instrument\/cigl-jeromos-violin-budapest-1926\/#breadcrumb"},"inLanguage":"en-US","potentialAction":[{"@type":"ReadAction","target":["https:\/\/dariusmusic.hu\/en\/fine-instrument\/cigl-jeromos-violin-budapest-1926\/"]}]},{"@type":"ImageObject","inLanguage":"en-US","@id":"https:\/\/dariusmusic.hu\/en\/fine-instrument\/cigl-jeromos-violin-budapest-1926\/#primaryimage","url":"https:\/\/dariusmusic.hu\/wp-content\/uploads\/2019\/06\/cigl-mesterhegedu-01.jpg","contentUrl":"https:\/\/dariusmusic.hu\/wp-content\/uploads\/2019\/06\/cigl-mesterhegedu-01.jpg","width":664,"height":1000,"caption":"Cigl Jeromos violin"},{"@type":"BreadcrumbList","@id":"https:\/\/dariusmusic.hu\/en\/fine-instrument\/cigl-jeromos-violin-budapest-1926\/#breadcrumb","itemListElement":[{"@type":"ListItem","position":1,"name":"F\u0151oldal","item":"https:\/\/dariusmusic.hu\/en\/"},{"@type":"ListItem","position":2,"name":"Shop","item":"https:\/\/dariusmusic.hu\/en\/shop\/"},{"@type":"ListItem","position":3,"name":"Cigl Jeromos Op. 88. violin Budapest, 1926 SOLD"}]},{"@type":"WebSite","@id":"https:\/\/dariusmusic.hu\/en\/#website","url":"https:\/\/dariusmusic.hu\/en\/","name":"Darius Music Hangszer\u00fczlet \u00e9s jav\u00edt\u00f3m\u0171hely","description":"Hangszer ad\u00e1s-v\u00e9tel \u00e9s hangszerjav\u00edt\u00e1s","publisher":{"@id":"https:\/\/dariusmusic.hu\/en\/#organization"},"potentialAction":[{"@type":"SearchAction","target":{"@type":"EntryPoint","urlTemplate":"https:\/\/dariusmusic.hu\/en\/?s={search_term_string}"},"query-input":{"@type":"PropertyValueSpecification","valueRequired":true,"valueName":"search_term_string"}}],"inLanguage":"en-US"},{"@type":"Organization","@id":"https:\/\/dariusmusic.hu\/en\/#organization","name":"Darius Music Hangszer\u00fczlet \u00e9s jav\u00edt\u00f3m\u0171hely","url":"https:\/\/dariusmusic.hu\/en\/","logo":{"@type":"ImageObject","inLanguage":"en-US","@id":"https:\/\/dariusmusic.hu\/en\/#\/schema\/logo\/image\/","url":"https:\/\/dariusmusic.hu\/wp-content\/uploads\/2020\/08\/logo-01.png","contentUrl":"https:\/\/dariusmusic.hu\/wp-content\/uploads\/2020\/08\/logo-01.png","width":1000,"height":777,"caption":"Darius Music Hangszer\u00fczlet \u00e9s jav\u00edt\u00f3m\u0171hely"},"image":{"@id":"https:\/\/dariusmusic.hu\/en\/#\/schema\/logo\/image\/"}}]}},"_links":{"self":[{"href":"https:\/\/dariusmusic.hu\/en\/wp-json\/wp\/v2\/product\/2032","targetHints":{"allow":["GET"]}}],"collection":[{"href":"https:\/\/dariusmusic.hu\/en\/wp-json\/wp\/v2\/product"}],"about":[{"href":"https:\/\/dariusmusic.hu\/en\/wp-json\/wp\/v2\/types\/product"}],"wp:featuredmedia":[{"embeddable":true,"href":"https:\/\/dariusmusic.hu\/en\/wp-json\/wp\/v2\/media\/1558"}],"wp:attachment":[{"href":"https:\/\/dariusmusic.hu\/en\/wp-json\/wp\/v2\/media?parent=2032"}],"wp:term":[{"taxonomy":"product_brand","embeddable":true,"href":"https:\/\/dariusmusic.hu\/en\/wp-json\/wp\/v2\/product_brand?post=2032"},{"taxonomy":"product_cat","embeddable":true,"href":"https:\/\/dariusmusic.hu\/en\/wp-json\/wp\/v2\/product_cat?post=2032"},{"taxonomy":"product_tag","embeddable":true,"href":"https:\/\/dariusmusic.hu\/en\/wp-json\/wp\/v2\/product_tag?post=2032"}],"curies":[{"name":"wp","href":"https:\/\/api.w.org\/{rel}","templated":true}]}}