{"id":5305,"date":"2022-07-21T13:58:36","date_gmt":"2022-07-21T13:58:36","guid":{"rendered":"https:\/\/dariusmusic.hu\/?post_type=product&#038;p=5305"},"modified":"2026-04-30T09:26:01","modified_gmt":"2026-04-30T09:26:01","slug":"gustav-adolf-prager-cellobogen","status":"publish","type":"product","link":"https:\/\/dariusmusic.hu\/de\/spezielles-instrument\/gustav-adolf-prager-cellobogen\/","title":{"rendered":"<b>Gustav Adolf Prager <\/b> <br>Cellobogen"},"content":{"rendered":"","protected":false},"excerpt":{"rendered":"<h2>Gustav Adolf Prager Cellobogen<\/h2>\n<p>Gewicht:<strong>\u00a079,4 g<\/strong><\/p>\n<p>Ausstattung: <strong>Silber\/Ebenholz<\/strong><\/p>\n<p>Form: <strong>Achteckig<\/strong><\/p>\n<p>&nbsp;<\/p>\n<p>Status:\u00a0 <em><span style=\"color: #6a2f1b;\"><strong>Verf\u00fcgbar<\/strong><\/span><\/em><\/p>\n","protected":false},"featured_media":5316,"template":"","meta":[],"product_brand":[],"product_cat":[179],"product_tag":[],"class_list":{"0":"post-5305","1":"product","2":"type-product","3":"status-publish","4":"has-post-thumbnail","6":"product_cat-cellobogen-ab3000e","8":"first","9":"instock","10":"shipping-taxable","11":"product-type-simple"},"yoast_head":"<!-- This site is optimized with the Yoast SEO plugin v27.3 - https:\/\/yoast.com\/product\/yoast-seo-wordpress\/ -->\n<title>D\u00e1rius Music | Gustav Adolf Prager Cellobogen<\/title>\n<meta name=\"description\" content=\"Darius Music Musikgesch\u00e4ft - Feine Instrumente - Gustav Adolf Prager Cellobogen. Erh\u00e4ltlich in unserem Shop!\" \/>\n<meta name=\"robots\" content=\"index, follow, max-snippet:-1, max-image-preview:large, max-video-preview:-1\" \/>\n<link rel=\"canonical\" href=\"https:\/\/dariusmusic.hu\/de\/spezielles-instrument\/gustav-adolf-prager-cellobogen\/\" \/>\n<meta property=\"og:locale\" content=\"de_DE\" \/>\n<meta property=\"og:type\" content=\"article\" \/>\n<meta property=\"og:title\" content=\"D\u00e1rius Music | Gustav Adolf Prager Cellobogen\" \/>\n<meta property=\"og:description\" content=\"Darius Music Musikgesch\u00e4ft - Feine Instrumente - Gustav Adolf Prager Cellobogen. Erh\u00e4ltlich in unserem Shop!\" \/>\n<meta property=\"og:url\" content=\"https:\/\/dariusmusic.hu\/de\/spezielles-instrument\/gustav-adolf-prager-cellobogen\/\" \/>\n<meta property=\"og:site_name\" content=\"Darius Music Hangszer\u00fczlet \u00e9s jav\u00edt\u00f3m\u0171hely\" \/>\n<meta property=\"article:modified_time\" content=\"2026-04-30T09:26:01+00:00\" \/>\n<meta property=\"og:image\" content=\"https:\/\/dariusmusic.hu\/wp-content\/uploads\/2022\/07\/DSC_1512_00001.jpg\" \/>\n\t<meta property=\"og:image:width\" content=\"2000\" \/>\n\t<meta property=\"og:image:height\" content=\"1335\" \/>\n\t<meta property=\"og:image:type\" content=\"image\/jpeg\" \/>\n<meta name=\"twitter:card\" content=\"summary_large_image\" \/>\n<meta name=\"twitter:label1\" content=\"Gesch\u00e4tzte Lesezeit\" \/>\n\t<meta name=\"twitter:data1\" content=\"1\u00a0Minute\" \/>\n<script type=\"application\/ld+json\" class=\"yoast-schema-graph\">{\"@context\":\"https:\\\/\\\/schema.org\",\"@graph\":[{\"@type\":\"WebPage\",\"@id\":\"https:\\\/\\\/dariusmusic.hu\\\/de\\\/spezielles-instrument\\\/gustav-adolf-prager-cellobogen\\\/\",\"url\":\"https:\\\/\\\/dariusmusic.hu\\\/de\\\/spezielles-instrument\\\/gustav-adolf-prager-cellobogen\\\/\",\"name\":\"D\u00e1rius Music | Gustav Adolf Prager Cellobogen\",\"isPartOf\":{\"@id\":\"https:\\\/\\\/dariusmusic.hu\\\/de\\\/#website\"},\"primaryImageOfPage\":{\"@id\":\"https:\\\/\\\/dariusmusic.hu\\\/de\\\/spezielles-instrument\\\/gustav-adolf-prager-cellobogen\\\/#primaryimage\"},\"image\":{\"@id\":\"https:\\\/\\\/dariusmusic.hu\\\/de\\\/spezielles-instrument\\\/gustav-adolf-prager-cellobogen\\\/#primaryimage\"},\"thumbnailUrl\":\"https:\\\/\\\/dariusmusic.hu\\\/wp-content\\\/uploads\\\/2022\\\/07\\\/DSC_1512_00001.jpg\",\"datePublished\":\"2022-07-21T13:58:36+00:00\",\"dateModified\":\"2026-04-30T09:26:01+00:00\",\"description\":\"Darius Music Musikgesch\u00e4ft - Feine Instrumente - Gustav Adolf Prager Cellobogen. Erh\u00e4ltlich in unserem Shop!\",\"breadcrumb\":{\"@id\":\"https:\\\/\\\/dariusmusic.hu\\\/de\\\/spezielles-instrument\\\/gustav-adolf-prager-cellobogen\\\/#breadcrumb\"},\"inLanguage\":\"de\",\"potentialAction\":[{\"@type\":\"ReadAction\",\"target\":[\"https:\\\/\\\/dariusmusic.hu\\\/de\\\/spezielles-instrument\\\/gustav-adolf-prager-cellobogen\\\/\"]}]},{\"@type\":\"ImageObject\",\"inLanguage\":\"de\",\"@id\":\"https:\\\/\\\/dariusmusic.hu\\\/de\\\/spezielles-instrument\\\/gustav-adolf-prager-cellobogen\\\/#primaryimage\",\"url\":\"https:\\\/\\\/dariusmusic.hu\\\/wp-content\\\/uploads\\\/2022\\\/07\\\/DSC_1512_00001.jpg\",\"contentUrl\":\"https:\\\/\\\/dariusmusic.hu\\\/wp-content\\\/uploads\\\/2022\\\/07\\\/DSC_1512_00001.jpg\",\"width\":2000,\"height\":1335,\"caption\":\"G. A. Prager cello bow frog\"},{\"@type\":\"BreadcrumbList\",\"@id\":\"https:\\\/\\\/dariusmusic.hu\\\/de\\\/spezielles-instrument\\\/gustav-adolf-prager-cellobogen\\\/#breadcrumb\",\"itemListElement\":[{\"@type\":\"ListItem\",\"position\":1,\"name\":\"Start\",\"item\":\"https:\\\/\\\/dariusmusic.hu\\\/de\\\/\"},{\"@type\":\"ListItem\",\"position\":2,\"name\":\"\u00dczlet\",\"item\":\"https:\\\/\\\/dariusmusic.hu\\\/uzlet\\\/\"},{\"@type\":\"ListItem\",\"position\":3,\"name\":\"Gustav Adolf Prager Cellobogen\"}]},{\"@type\":\"WebSite\",\"@id\":\"https:\\\/\\\/dariusmusic.hu\\\/de\\\/#website\",\"url\":\"https:\\\/\\\/dariusmusic.hu\\\/de\\\/\",\"name\":\"Darius Music Hangszer\u00fczlet \u00e9s jav\u00edt\u00f3m\u0171hely\",\"description\":\"Hangszer ad\u00e1s-v\u00e9tel \u00e9s hangszerjav\u00edt\u00e1s\",\"publisher\":{\"@id\":\"https:\\\/\\\/dariusmusic.hu\\\/de\\\/#organization\"},\"potentialAction\":[{\"@type\":\"SearchAction\",\"target\":{\"@type\":\"EntryPoint\",\"urlTemplate\":\"https:\\\/\\\/dariusmusic.hu\\\/de\\\/?s={search_term_string}\"},\"query-input\":{\"@type\":\"PropertyValueSpecification\",\"valueRequired\":true,\"valueName\":\"search_term_string\"}}],\"inLanguage\":\"de\"},{\"@type\":\"Organization\",\"@id\":\"https:\\\/\\\/dariusmusic.hu\\\/de\\\/#organization\",\"name\":\"Darius Music Hangszer\u00fczlet \u00e9s jav\u00edt\u00f3m\u0171hely\",\"url\":\"https:\\\/\\\/dariusmusic.hu\\\/de\\\/\",\"logo\":{\"@type\":\"ImageObject\",\"inLanguage\":\"de\",\"@id\":\"https:\\\/\\\/dariusmusic.hu\\\/de\\\/#\\\/schema\\\/logo\\\/image\\\/\",\"url\":\"https:\\\/\\\/dariusmusic.hu\\\/wp-content\\\/uploads\\\/2020\\\/08\\\/logo-01.png\",\"contentUrl\":\"https:\\\/\\\/dariusmusic.hu\\\/wp-content\\\/uploads\\\/2020\\\/08\\\/logo-01.png\",\"width\":1000,\"height\":777,\"caption\":\"Darius Music Hangszer\u00fczlet \u00e9s jav\u00edt\u00f3m\u0171hely\"},\"image\":{\"@id\":\"https:\\\/\\\/dariusmusic.hu\\\/de\\\/#\\\/schema\\\/logo\\\/image\\\/\"}}]}<\/script>\n<!-- \/ Yoast SEO plugin. -->","yoast_head_json":{"title":"D\u00e1rius Music | Gustav Adolf Prager Cellobogen","description":"Darius Music Musikgesch\u00e4ft - Feine Instrumente - Gustav Adolf Prager Cellobogen. Erh\u00e4ltlich in unserem Shop!","robots":{"index":"index","follow":"follow","max-snippet":"max-snippet:-1","max-image-preview":"max-image-preview:large","max-video-preview":"max-video-preview:-1"},"canonical":"https:\/\/dariusmusic.hu\/de\/spezielles-instrument\/gustav-adolf-prager-cellobogen\/","og_locale":"de_DE","og_type":"article","og_title":"D\u00e1rius Music | Gustav Adolf Prager Cellobogen","og_description":"Darius Music Musikgesch\u00e4ft - Feine Instrumente - Gustav Adolf Prager Cellobogen. Erh\u00e4ltlich in unserem Shop!","og_url":"https:\/\/dariusmusic.hu\/de\/spezielles-instrument\/gustav-adolf-prager-cellobogen\/","og_site_name":"Darius Music Hangszer\u00fczlet \u00e9s jav\u00edt\u00f3m\u0171hely","article_modified_time":"2026-04-30T09:26:01+00:00","og_image":[{"width":2000,"height":1335,"url":"https:\/\/dariusmusic.hu\/wp-content\/uploads\/2022\/07\/DSC_1512_00001.jpg","type":"image\/jpeg"}],"twitter_card":"summary_large_image","twitter_misc":{"Gesch\u00e4tzte Lesezeit":"1\u00a0Minute"},"schema":{"@context":"https:\/\/schema.org","@graph":[{"@type":"WebPage","@id":"https:\/\/dariusmusic.hu\/de\/spezielles-instrument\/gustav-adolf-prager-cellobogen\/","url":"https:\/\/dariusmusic.hu\/de\/spezielles-instrument\/gustav-adolf-prager-cellobogen\/","name":"D\u00e1rius Music | Gustav Adolf Prager Cellobogen","isPartOf":{"@id":"https:\/\/dariusmusic.hu\/de\/#website"},"primaryImageOfPage":{"@id":"https:\/\/dariusmusic.hu\/de\/spezielles-instrument\/gustav-adolf-prager-cellobogen\/#primaryimage"},"image":{"@id":"https:\/\/dariusmusic.hu\/de\/spezielles-instrument\/gustav-adolf-prager-cellobogen\/#primaryimage"},"thumbnailUrl":"https:\/\/dariusmusic.hu\/wp-content\/uploads\/2022\/07\/DSC_1512_00001.jpg","datePublished":"2022-07-21T13:58:36+00:00","dateModified":"2026-04-30T09:26:01+00:00","description":"Darius Music Musikgesch\u00e4ft - Feine Instrumente - Gustav Adolf Prager Cellobogen. Erh\u00e4ltlich in unserem Shop!","breadcrumb":{"@id":"https:\/\/dariusmusic.hu\/de\/spezielles-instrument\/gustav-adolf-prager-cellobogen\/#breadcrumb"},"inLanguage":"de","potentialAction":[{"@type":"ReadAction","target":["https:\/\/dariusmusic.hu\/de\/spezielles-instrument\/gustav-adolf-prager-cellobogen\/"]}]},{"@type":"ImageObject","inLanguage":"de","@id":"https:\/\/dariusmusic.hu\/de\/spezielles-instrument\/gustav-adolf-prager-cellobogen\/#primaryimage","url":"https:\/\/dariusmusic.hu\/wp-content\/uploads\/2022\/07\/DSC_1512_00001.jpg","contentUrl":"https:\/\/dariusmusic.hu\/wp-content\/uploads\/2022\/07\/DSC_1512_00001.jpg","width":2000,"height":1335,"caption":"G. A. Prager cello bow frog"},{"@type":"BreadcrumbList","@id":"https:\/\/dariusmusic.hu\/de\/spezielles-instrument\/gustav-adolf-prager-cellobogen\/#breadcrumb","itemListElement":[{"@type":"ListItem","position":1,"name":"Start","item":"https:\/\/dariusmusic.hu\/de\/"},{"@type":"ListItem","position":2,"name":"\u00dczlet","item":"https:\/\/dariusmusic.hu\/uzlet\/"},{"@type":"ListItem","position":3,"name":"Gustav Adolf Prager Cellobogen"}]},{"@type":"WebSite","@id":"https:\/\/dariusmusic.hu\/de\/#website","url":"https:\/\/dariusmusic.hu\/de\/","name":"Darius Music Hangszer\u00fczlet \u00e9s jav\u00edt\u00f3m\u0171hely","description":"Hangszer ad\u00e1s-v\u00e9tel \u00e9s hangszerjav\u00edt\u00e1s","publisher":{"@id":"https:\/\/dariusmusic.hu\/de\/#organization"},"potentialAction":[{"@type":"SearchAction","target":{"@type":"EntryPoint","urlTemplate":"https:\/\/dariusmusic.hu\/de\/?s={search_term_string}"},"query-input":{"@type":"PropertyValueSpecification","valueRequired":true,"valueName":"search_term_string"}}],"inLanguage":"de"},{"@type":"Organization","@id":"https:\/\/dariusmusic.hu\/de\/#organization","name":"Darius Music Hangszer\u00fczlet \u00e9s jav\u00edt\u00f3m\u0171hely","url":"https:\/\/dariusmusic.hu\/de\/","logo":{"@type":"ImageObject","inLanguage":"de","@id":"https:\/\/dariusmusic.hu\/de\/#\/schema\/logo\/image\/","url":"https:\/\/dariusmusic.hu\/wp-content\/uploads\/2020\/08\/logo-01.png","contentUrl":"https:\/\/dariusmusic.hu\/wp-content\/uploads\/2020\/08\/logo-01.png","width":1000,"height":777,"caption":"Darius Music Hangszer\u00fczlet \u00e9s jav\u00edt\u00f3m\u0171hely"},"image":{"@id":"https:\/\/dariusmusic.hu\/de\/#\/schema\/logo\/image\/"}}]}},"_links":{"self":[{"href":"https:\/\/dariusmusic.hu\/de\/wp-json\/wp\/v2\/product\/5305","targetHints":{"allow":["GET"]}}],"collection":[{"href":"https:\/\/dariusmusic.hu\/de\/wp-json\/wp\/v2\/product"}],"about":[{"href":"https:\/\/dariusmusic.hu\/de\/wp-json\/wp\/v2\/types\/product"}],"wp:featuredmedia":[{"embeddable":true,"href":"https:\/\/dariusmusic.hu\/de\/wp-json\/wp\/v2\/media\/5316"}],"wp:attachment":[{"href":"https:\/\/dariusmusic.hu\/de\/wp-json\/wp\/v2\/media?parent=5305"}],"wp:term":[{"taxonomy":"product_brand","embeddable":true,"href":"https:\/\/dariusmusic.hu\/de\/wp-json\/wp\/v2\/product_brand?post=5305"},{"taxonomy":"product_cat","embeddable":true,"href":"https:\/\/dariusmusic.hu\/de\/wp-json\/wp\/v2\/product_cat?post=5305"},{"taxonomy":"product_tag","embeddable":true,"href":"https:\/\/dariusmusic.hu\/de\/wp-json\/wp\/v2\/product_tag?post=5305"}],"curies":[{"name":"wp","href":"https:\/\/api.w.org\/{rel}","templated":true}]}}