{"id":5058,"date":"2022-01-28T15:00:18","date_gmt":"2022-01-28T15:00:18","guid":{"rendered":"https:\/\/dariusmusic.hu\/?post_type=product&#038;p=5058"},"modified":"2026-04-29T12:32:16","modified_gmt":"2026-04-29T12:32:16","slug":"richard-hermann-pfretzschner-violinbogen","status":"publish","type":"product","link":"https:\/\/dariusmusic.hu\/de\/spezielles-instrument\/richard-hermann-pfretzschner-violinbogen\/","title":{"rendered":"<b>Richard Hermann PFRETZSCHNER <\/b> <br>Violinbogen (Item no. 26.)"},"content":{"rendered":"","protected":false},"excerpt":{"rendered":"<h2>Richard Hermann PFRETZSCHNER (1876-1958)<\/h2>\n<h2>Violinbogen<\/h2>\n<p><em>Deutschland, ca. 1950<\/em><\/p>\n<p>Ausstattung: <strong>Silber\/Ebenholz<\/strong><\/p>\n<p>Form: <strong>Rund<\/strong><\/p>\n<p>Gewicht:<strong> 57,6 g<\/strong><\/p>\n<p>Zertifikat: <strong>C. Hans-Karl Schmidt<\/strong> (2021)<\/p>\n<p>&nbsp;<\/p>\n<p>Status:\u00a0 <em><span style=\"color: #6a2f1b;\"><strong>Verf\u00fcgbar<\/strong><\/span><\/em><\/p>\n","protected":false},"featured_media":5062,"template":"","meta":[],"product_brand":[],"product_cat":[181],"product_tag":[],"class_list":{"0":"post-5058","1":"product","2":"type-product","3":"status-publish","4":"has-post-thumbnail","6":"product_cat-violinboegen-ab3000e","8":"first","9":"instock","10":"shipping-taxable","11":"product-type-simple"},"yoast_head":"<!-- This site is optimized with the Yoast SEO plugin v27.3 - https:\/\/yoast.com\/product\/yoast-seo-wordpress\/ -->\n<title>D\u00e1rius Music | Richard Hermann PFRETZSCHNER Violinbogen<\/title>\n<meta name=\"description\" content=\"Darius Music Musikgesch\u00e4ft - Feine Instrumente - Richard Hermann PFRETZSCHNER Violinbogen. Erh\u00e4ltlich in unserem Shop!\" \/>\n<meta name=\"robots\" content=\"index, follow, max-snippet:-1, max-image-preview:large, max-video-preview:-1\" \/>\n<link rel=\"canonical\" href=\"https:\/\/dariusmusic.hu\/de\/spezielles-instrument\/richard-hermann-pfretzschner-violinbogen\/\" \/>\n<meta property=\"og:locale\" content=\"de_DE\" \/>\n<meta property=\"og:type\" content=\"article\" \/>\n<meta property=\"og:title\" content=\"D\u00e1rius Music | Richard Hermann PFRETZSCHNER Violinbogen\" \/>\n<meta property=\"og:description\" content=\"Darius Music Musikgesch\u00e4ft - Feine Instrumente - Richard Hermann PFRETZSCHNER Violinbogen. Erh\u00e4ltlich in unserem Shop!\" \/>\n<meta property=\"og:url\" content=\"https:\/\/dariusmusic.hu\/de\/spezielles-instrument\/richard-hermann-pfretzschner-violinbogen\/\" \/>\n<meta property=\"og:site_name\" content=\"Darius Music Hangszer\u00fczlet \u00e9s jav\u00edt\u00f3m\u0171hely\" \/>\n<meta property=\"article:modified_time\" content=\"2026-04-29T12:32:16+00:00\" \/>\n<meta property=\"og:image\" content=\"https:\/\/dariusmusic.hu\/wp-content\/uploads\/2022\/01\/DSC_2198_00005.jpg\" \/>\n\t<meta property=\"og:image:width\" content=\"2500\" \/>\n\t<meta property=\"og:image:height\" content=\"1669\" \/>\n\t<meta property=\"og:image:type\" content=\"image\/jpeg\" \/>\n<meta name=\"twitter:card\" content=\"summary_large_image\" \/>\n<meta name=\"twitter:label1\" content=\"Gesch\u00e4tzte Lesezeit\" \/>\n\t<meta name=\"twitter:data1\" content=\"1\u00a0Minute\" \/>\n<script type=\"application\/ld+json\" class=\"yoast-schema-graph\">{\"@context\":\"https:\\\/\\\/schema.org\",\"@graph\":[{\"@type\":\"WebPage\",\"@id\":\"https:\\\/\\\/dariusmusic.hu\\\/de\\\/spezielles-instrument\\\/richard-hermann-pfretzschner-violinbogen\\\/\",\"url\":\"https:\\\/\\\/dariusmusic.hu\\\/de\\\/spezielles-instrument\\\/richard-hermann-pfretzschner-violinbogen\\\/\",\"name\":\"D\u00e1rius Music | Richard Hermann PFRETZSCHNER Violinbogen\",\"isPartOf\":{\"@id\":\"https:\\\/\\\/dariusmusic.hu\\\/de\\\/#website\"},\"primaryImageOfPage\":{\"@id\":\"https:\\\/\\\/dariusmusic.hu\\\/de\\\/spezielles-instrument\\\/richard-hermann-pfretzschner-violinbogen\\\/#primaryimage\"},\"image\":{\"@id\":\"https:\\\/\\\/dariusmusic.hu\\\/de\\\/spezielles-instrument\\\/richard-hermann-pfretzschner-violinbogen\\\/#primaryimage\"},\"thumbnailUrl\":\"https:\\\/\\\/dariusmusic.hu\\\/wp-content\\\/uploads\\\/2022\\\/01\\\/DSC_2198_00005.jpg\",\"datePublished\":\"2022-01-28T15:00:18+00:00\",\"dateModified\":\"2026-04-29T12:32:16+00:00\",\"description\":\"Darius Music Musikgesch\u00e4ft - Feine Instrumente - Richard Hermann PFRETZSCHNER Violinbogen. Erh\u00e4ltlich in unserem Shop!\",\"breadcrumb\":{\"@id\":\"https:\\\/\\\/dariusmusic.hu\\\/de\\\/spezielles-instrument\\\/richard-hermann-pfretzschner-violinbogen\\\/#breadcrumb\"},\"inLanguage\":\"de\",\"potentialAction\":[{\"@type\":\"ReadAction\",\"target\":[\"https:\\\/\\\/dariusmusic.hu\\\/de\\\/spezielles-instrument\\\/richard-hermann-pfretzschner-violinbogen\\\/\"]}]},{\"@type\":\"ImageObject\",\"inLanguage\":\"de\",\"@id\":\"https:\\\/\\\/dariusmusic.hu\\\/de\\\/spezielles-instrument\\\/richard-hermann-pfretzschner-violinbogen\\\/#primaryimage\",\"url\":\"https:\\\/\\\/dariusmusic.hu\\\/wp-content\\\/uploads\\\/2022\\\/01\\\/DSC_2198_00005.jpg\",\"contentUrl\":\"https:\\\/\\\/dariusmusic.hu\\\/wp-content\\\/uploads\\\/2022\\\/01\\\/DSC_2198_00005.jpg\",\"width\":2500,\"height\":1669,\"caption\":\"R. Hermann Pfretzschner violin bow head\"},{\"@type\":\"BreadcrumbList\",\"@id\":\"https:\\\/\\\/dariusmusic.hu\\\/de\\\/spezielles-instrument\\\/richard-hermann-pfretzschner-violinbogen\\\/#breadcrumb\",\"itemListElement\":[{\"@type\":\"ListItem\",\"position\":1,\"name\":\"Start\",\"item\":\"https:\\\/\\\/dariusmusic.hu\\\/de\\\/\"},{\"@type\":\"ListItem\",\"position\":2,\"name\":\"\u00dczlet\",\"item\":\"https:\\\/\\\/dariusmusic.hu\\\/uzlet\\\/\"},{\"@type\":\"ListItem\",\"position\":3,\"name\":\"Richard Hermann PFRETZSCHNER Violinbogen (Item no. 26.)\"}]},{\"@type\":\"WebSite\",\"@id\":\"https:\\\/\\\/dariusmusic.hu\\\/de\\\/#website\",\"url\":\"https:\\\/\\\/dariusmusic.hu\\\/de\\\/\",\"name\":\"Darius Music Hangszer\u00fczlet \u00e9s jav\u00edt\u00f3m\u0171hely\",\"description\":\"Hangszer ad\u00e1s-v\u00e9tel \u00e9s hangszerjav\u00edt\u00e1s\",\"publisher\":{\"@id\":\"https:\\\/\\\/dariusmusic.hu\\\/de\\\/#organization\"},\"potentialAction\":[{\"@type\":\"SearchAction\",\"target\":{\"@type\":\"EntryPoint\",\"urlTemplate\":\"https:\\\/\\\/dariusmusic.hu\\\/de\\\/?s={search_term_string}\"},\"query-input\":{\"@type\":\"PropertyValueSpecification\",\"valueRequired\":true,\"valueName\":\"search_term_string\"}}],\"inLanguage\":\"de\"},{\"@type\":\"Organization\",\"@id\":\"https:\\\/\\\/dariusmusic.hu\\\/de\\\/#organization\",\"name\":\"Darius Music Hangszer\u00fczlet \u00e9s jav\u00edt\u00f3m\u0171hely\",\"url\":\"https:\\\/\\\/dariusmusic.hu\\\/de\\\/\",\"logo\":{\"@type\":\"ImageObject\",\"inLanguage\":\"de\",\"@id\":\"https:\\\/\\\/dariusmusic.hu\\\/de\\\/#\\\/schema\\\/logo\\\/image\\\/\",\"url\":\"https:\\\/\\\/dariusmusic.hu\\\/wp-content\\\/uploads\\\/2020\\\/08\\\/logo-01.png\",\"contentUrl\":\"https:\\\/\\\/dariusmusic.hu\\\/wp-content\\\/uploads\\\/2020\\\/08\\\/logo-01.png\",\"width\":1000,\"height\":777,\"caption\":\"Darius Music Hangszer\u00fczlet \u00e9s jav\u00edt\u00f3m\u0171hely\"},\"image\":{\"@id\":\"https:\\\/\\\/dariusmusic.hu\\\/de\\\/#\\\/schema\\\/logo\\\/image\\\/\"}}]}<\/script>\n<!-- \/ Yoast SEO plugin. -->","yoast_head_json":{"title":"D\u00e1rius Music | Richard Hermann PFRETZSCHNER Violinbogen","description":"Darius Music Musikgesch\u00e4ft - Feine Instrumente - Richard Hermann PFRETZSCHNER Violinbogen. Erh\u00e4ltlich in unserem Shop!","robots":{"index":"index","follow":"follow","max-snippet":"max-snippet:-1","max-image-preview":"max-image-preview:large","max-video-preview":"max-video-preview:-1"},"canonical":"https:\/\/dariusmusic.hu\/de\/spezielles-instrument\/richard-hermann-pfretzschner-violinbogen\/","og_locale":"de_DE","og_type":"article","og_title":"D\u00e1rius Music | Richard Hermann PFRETZSCHNER Violinbogen","og_description":"Darius Music Musikgesch\u00e4ft - Feine Instrumente - Richard Hermann PFRETZSCHNER Violinbogen. Erh\u00e4ltlich in unserem Shop!","og_url":"https:\/\/dariusmusic.hu\/de\/spezielles-instrument\/richard-hermann-pfretzschner-violinbogen\/","og_site_name":"Darius Music Hangszer\u00fczlet \u00e9s jav\u00edt\u00f3m\u0171hely","article_modified_time":"2026-04-29T12:32:16+00:00","og_image":[{"width":2500,"height":1669,"url":"https:\/\/dariusmusic.hu\/wp-content\/uploads\/2022\/01\/DSC_2198_00005.jpg","type":"image\/jpeg"}],"twitter_card":"summary_large_image","twitter_misc":{"Gesch\u00e4tzte Lesezeit":"1\u00a0Minute"},"schema":{"@context":"https:\/\/schema.org","@graph":[{"@type":"WebPage","@id":"https:\/\/dariusmusic.hu\/de\/spezielles-instrument\/richard-hermann-pfretzschner-violinbogen\/","url":"https:\/\/dariusmusic.hu\/de\/spezielles-instrument\/richard-hermann-pfretzschner-violinbogen\/","name":"D\u00e1rius Music | Richard Hermann PFRETZSCHNER Violinbogen","isPartOf":{"@id":"https:\/\/dariusmusic.hu\/de\/#website"},"primaryImageOfPage":{"@id":"https:\/\/dariusmusic.hu\/de\/spezielles-instrument\/richard-hermann-pfretzschner-violinbogen\/#primaryimage"},"image":{"@id":"https:\/\/dariusmusic.hu\/de\/spezielles-instrument\/richard-hermann-pfretzschner-violinbogen\/#primaryimage"},"thumbnailUrl":"https:\/\/dariusmusic.hu\/wp-content\/uploads\/2022\/01\/DSC_2198_00005.jpg","datePublished":"2022-01-28T15:00:18+00:00","dateModified":"2026-04-29T12:32:16+00:00","description":"Darius Music Musikgesch\u00e4ft - Feine Instrumente - Richard Hermann PFRETZSCHNER Violinbogen. Erh\u00e4ltlich in unserem Shop!","breadcrumb":{"@id":"https:\/\/dariusmusic.hu\/de\/spezielles-instrument\/richard-hermann-pfretzschner-violinbogen\/#breadcrumb"},"inLanguage":"de","potentialAction":[{"@type":"ReadAction","target":["https:\/\/dariusmusic.hu\/de\/spezielles-instrument\/richard-hermann-pfretzschner-violinbogen\/"]}]},{"@type":"ImageObject","inLanguage":"de","@id":"https:\/\/dariusmusic.hu\/de\/spezielles-instrument\/richard-hermann-pfretzschner-violinbogen\/#primaryimage","url":"https:\/\/dariusmusic.hu\/wp-content\/uploads\/2022\/01\/DSC_2198_00005.jpg","contentUrl":"https:\/\/dariusmusic.hu\/wp-content\/uploads\/2022\/01\/DSC_2198_00005.jpg","width":2500,"height":1669,"caption":"R. Hermann Pfretzschner violin bow head"},{"@type":"BreadcrumbList","@id":"https:\/\/dariusmusic.hu\/de\/spezielles-instrument\/richard-hermann-pfretzschner-violinbogen\/#breadcrumb","itemListElement":[{"@type":"ListItem","position":1,"name":"Start","item":"https:\/\/dariusmusic.hu\/de\/"},{"@type":"ListItem","position":2,"name":"\u00dczlet","item":"https:\/\/dariusmusic.hu\/uzlet\/"},{"@type":"ListItem","position":3,"name":"Richard Hermann PFRETZSCHNER Violinbogen (Item no. 26.)"}]},{"@type":"WebSite","@id":"https:\/\/dariusmusic.hu\/de\/#website","url":"https:\/\/dariusmusic.hu\/de\/","name":"Darius Music Hangszer\u00fczlet \u00e9s jav\u00edt\u00f3m\u0171hely","description":"Hangszer ad\u00e1s-v\u00e9tel \u00e9s hangszerjav\u00edt\u00e1s","publisher":{"@id":"https:\/\/dariusmusic.hu\/de\/#organization"},"potentialAction":[{"@type":"SearchAction","target":{"@type":"EntryPoint","urlTemplate":"https:\/\/dariusmusic.hu\/de\/?s={search_term_string}"},"query-input":{"@type":"PropertyValueSpecification","valueRequired":true,"valueName":"search_term_string"}}],"inLanguage":"de"},{"@type":"Organization","@id":"https:\/\/dariusmusic.hu\/de\/#organization","name":"Darius Music Hangszer\u00fczlet \u00e9s jav\u00edt\u00f3m\u0171hely","url":"https:\/\/dariusmusic.hu\/de\/","logo":{"@type":"ImageObject","inLanguage":"de","@id":"https:\/\/dariusmusic.hu\/de\/#\/schema\/logo\/image\/","url":"https:\/\/dariusmusic.hu\/wp-content\/uploads\/2020\/08\/logo-01.png","contentUrl":"https:\/\/dariusmusic.hu\/wp-content\/uploads\/2020\/08\/logo-01.png","width":1000,"height":777,"caption":"Darius Music Hangszer\u00fczlet \u00e9s jav\u00edt\u00f3m\u0171hely"},"image":{"@id":"https:\/\/dariusmusic.hu\/de\/#\/schema\/logo\/image\/"}}]}},"_links":{"self":[{"href":"https:\/\/dariusmusic.hu\/de\/wp-json\/wp\/v2\/product\/5058","targetHints":{"allow":["GET"]}}],"collection":[{"href":"https:\/\/dariusmusic.hu\/de\/wp-json\/wp\/v2\/product"}],"about":[{"href":"https:\/\/dariusmusic.hu\/de\/wp-json\/wp\/v2\/types\/product"}],"wp:featuredmedia":[{"embeddable":true,"href":"https:\/\/dariusmusic.hu\/de\/wp-json\/wp\/v2\/media\/5062"}],"wp:attachment":[{"href":"https:\/\/dariusmusic.hu\/de\/wp-json\/wp\/v2\/media?parent=5058"}],"wp:term":[{"taxonomy":"product_brand","embeddable":true,"href":"https:\/\/dariusmusic.hu\/de\/wp-json\/wp\/v2\/product_brand?post=5058"},{"taxonomy":"product_cat","embeddable":true,"href":"https:\/\/dariusmusic.hu\/de\/wp-json\/wp\/v2\/product_cat?post=5058"},{"taxonomy":"product_tag","embeddable":true,"href":"https:\/\/dariusmusic.hu\/de\/wp-json\/wp\/v2\/product_tag?post=5058"}],"curies":[{"name":"wp","href":"https:\/\/api.w.org\/{rel}","templated":true}]}}