{"id":3806,"date":"2020-06-15T14:09:27","date_gmt":"2020-06-15T14:09:27","guid":{"rendered":"https:\/\/dariusmusic.hu\/?post_type=product&#038;p=3806"},"modified":"2024-12-12T22:45:26","modified_gmt":"2024-12-12T22:45:26","slug":"havas-istvan-meisterviola-39-cm","status":"publish","type":"product","link":"https:\/\/dariusmusic.hu\/de\/spezielles-instrument\/havas-istvan-meisterviola-39-cm\/","title":{"rendered":"Havas Istv\u00e1n Meisterviola (39 cm) Verkauft"},"content":{"rendered":"","protected":false},"excerpt":{"rendered":"<h2>Havas Istv\u00e1n Meisterviola (39 cm) Budapest, 1932<\/h2>\n<p><em>1932, Budapest (Ungarn)<br \/>\n<\/em><\/p>\n<p>Status: <em><strong>Verkauft<\/strong><\/em><\/p>\n","protected":false},"featured_media":3812,"template":"","meta":[],"product_brand":[],"product_cat":[183],"product_tag":[],"class_list":{"0":"post-3806","1":"product","2":"type-product","3":"status-publish","4":"has-post-thumbnail","6":"product_cat-meisterviolen-ab10000e","8":"first","9":"instock","10":"shipping-taxable","11":"product-type-simple"},"yoast_head":"<!-- This site is optimized with the Yoast SEO plugin v27.3 - https:\/\/yoast.com\/product\/yoast-seo-wordpress\/ -->\n<title>i Darius Music Musikgesch\u00e4ft - Havas Istv\u00e1n Meisterviola (39 cm) Budapest, 1932<\/title>\n<meta name=\"description\" content=\"Darius Music Musikgesch\u00e4ft - Feine Instrumente - Havas Istv\u00e1n Meisterviola (39 cm) Budapest, 1932 - Erh\u00e4ltlich in unserem Shop!\" \/>\n<meta name=\"robots\" content=\"index, follow, max-snippet:-1, max-image-preview:large, max-video-preview:-1\" \/>\n<link rel=\"canonical\" href=\"https:\/\/dariusmusic.hu\/de\/spezielles-instrument\/havas-istvan-meisterviola-39-cm\/\" \/>\n<meta property=\"og:locale\" content=\"de_DE\" \/>\n<meta property=\"og:type\" content=\"article\" \/>\n<meta property=\"og:title\" content=\"i Darius Music Musikgesch\u00e4ft - Havas Istv\u00e1n Meisterviola (39 cm) Budapest, 1932\" \/>\n<meta property=\"og:description\" content=\"Darius Music Musikgesch\u00e4ft - Feine Instrumente - Havas Istv\u00e1n Meisterviola (39 cm) Budapest, 1932 - Erh\u00e4ltlich in unserem Shop!\" \/>\n<meta property=\"og:url\" content=\"https:\/\/dariusmusic.hu\/de\/spezielles-instrument\/havas-istvan-meisterviola-39-cm\/\" \/>\n<meta property=\"og:site_name\" content=\"Darius Music Hangszer\u00fczlet \u00e9s jav\u00edt\u00f3m\u0171hely\" \/>\n<meta property=\"article:modified_time\" content=\"2024-12-12T22:45:26+00:00\" \/>\n<meta property=\"og:image\" content=\"https:\/\/dariusmusic.hu\/wp-content\/uploads\/2020\/06\/DSC_0291-scaled.jpg\" \/>\n\t<meta property=\"og:image:width\" content=\"1700\" \/>\n\t<meta property=\"og:image:height\" content=\"2560\" \/>\n\t<meta property=\"og:image:type\" content=\"image\/jpeg\" \/>\n<meta name=\"twitter:card\" content=\"summary_large_image\" \/>\n<meta name=\"twitter:label1\" content=\"Gesch\u00e4tzte Lesezeit\" \/>\n\t<meta name=\"twitter:data1\" content=\"1\u00a0Minute\" \/>\n<script type=\"application\/ld+json\" class=\"yoast-schema-graph\">{\"@context\":\"https:\\\/\\\/schema.org\",\"@graph\":[{\"@type\":\"WebPage\",\"@id\":\"https:\\\/\\\/dariusmusic.hu\\\/de\\\/spezielles-instrument\\\/havas-istvan-meisterviola-39-cm\\\/\",\"url\":\"https:\\\/\\\/dariusmusic.hu\\\/de\\\/spezielles-instrument\\\/havas-istvan-meisterviola-39-cm\\\/\",\"name\":\"i Darius Music Musikgesch\u00e4ft - Havas Istv\u00e1n Meisterviola (39 cm) Budapest, 1932\",\"isPartOf\":{\"@id\":\"https:\\\/\\\/dariusmusic.hu\\\/de\\\/#website\"},\"primaryImageOfPage\":{\"@id\":\"https:\\\/\\\/dariusmusic.hu\\\/de\\\/spezielles-instrument\\\/havas-istvan-meisterviola-39-cm\\\/#primaryimage\"},\"image\":{\"@id\":\"https:\\\/\\\/dariusmusic.hu\\\/de\\\/spezielles-instrument\\\/havas-istvan-meisterviola-39-cm\\\/#primaryimage\"},\"thumbnailUrl\":\"https:\\\/\\\/dariusmusic.hu\\\/wp-content\\\/uploads\\\/2020\\\/06\\\/DSC_0291-scaled.jpg\",\"datePublished\":\"2020-06-15T14:09:27+00:00\",\"dateModified\":\"2024-12-12T22:45:26+00:00\",\"description\":\"Darius Music Musikgesch\u00e4ft - Feine Instrumente - Havas Istv\u00e1n Meisterviola (39 cm) Budapest, 1932 - Erh\u00e4ltlich in unserem Shop!\",\"breadcrumb\":{\"@id\":\"https:\\\/\\\/dariusmusic.hu\\\/de\\\/spezielles-instrument\\\/havas-istvan-meisterviola-39-cm\\\/#breadcrumb\"},\"inLanguage\":\"de\",\"potentialAction\":[{\"@type\":\"ReadAction\",\"target\":[\"https:\\\/\\\/dariusmusic.hu\\\/de\\\/spezielles-instrument\\\/havas-istvan-meisterviola-39-cm\\\/\"]}]},{\"@type\":\"ImageObject\",\"inLanguage\":\"de\",\"@id\":\"https:\\\/\\\/dariusmusic.hu\\\/de\\\/spezielles-instrument\\\/havas-istvan-meisterviola-39-cm\\\/#primaryimage\",\"url\":\"https:\\\/\\\/dariusmusic.hu\\\/wp-content\\\/uploads\\\/2020\\\/06\\\/DSC_0291-scaled.jpg\",\"contentUrl\":\"https:\\\/\\\/dariusmusic.hu\\\/wp-content\\\/uploads\\\/2020\\\/06\\\/DSC_0291-scaled.jpg\",\"width\":1700,\"height\":2560,\"caption\":\"Havas Istv\u00e1n master viola top\"},{\"@type\":\"BreadcrumbList\",\"@id\":\"https:\\\/\\\/dariusmusic.hu\\\/de\\\/spezielles-instrument\\\/havas-istvan-meisterviola-39-cm\\\/#breadcrumb\",\"itemListElement\":[{\"@type\":\"ListItem\",\"position\":1,\"name\":\"Start\",\"item\":\"https:\\\/\\\/dariusmusic.hu\\\/de\\\/\"},{\"@type\":\"ListItem\",\"position\":2,\"name\":\"\u00dczlet\",\"item\":\"https:\\\/\\\/dariusmusic.hu\\\/uzlet\\\/\"},{\"@type\":\"ListItem\",\"position\":3,\"name\":\"Havas Istv\u00e1n Meisterviola (39 cm) Verkauft\"}]},{\"@type\":\"WebSite\",\"@id\":\"https:\\\/\\\/dariusmusic.hu\\\/de\\\/#website\",\"url\":\"https:\\\/\\\/dariusmusic.hu\\\/de\\\/\",\"name\":\"Darius Music Hangszer\u00fczlet \u00e9s jav\u00edt\u00f3m\u0171hely\",\"description\":\"Hangszer ad\u00e1s-v\u00e9tel \u00e9s hangszerjav\u00edt\u00e1s\",\"publisher\":{\"@id\":\"https:\\\/\\\/dariusmusic.hu\\\/de\\\/#organization\"},\"potentialAction\":[{\"@type\":\"SearchAction\",\"target\":{\"@type\":\"EntryPoint\",\"urlTemplate\":\"https:\\\/\\\/dariusmusic.hu\\\/de\\\/?s={search_term_string}\"},\"query-input\":{\"@type\":\"PropertyValueSpecification\",\"valueRequired\":true,\"valueName\":\"search_term_string\"}}],\"inLanguage\":\"de\"},{\"@type\":\"Organization\",\"@id\":\"https:\\\/\\\/dariusmusic.hu\\\/de\\\/#organization\",\"name\":\"Darius Music Hangszer\u00fczlet \u00e9s jav\u00edt\u00f3m\u0171hely\",\"url\":\"https:\\\/\\\/dariusmusic.hu\\\/de\\\/\",\"logo\":{\"@type\":\"ImageObject\",\"inLanguage\":\"de\",\"@id\":\"https:\\\/\\\/dariusmusic.hu\\\/de\\\/#\\\/schema\\\/logo\\\/image\\\/\",\"url\":\"https:\\\/\\\/dariusmusic.hu\\\/wp-content\\\/uploads\\\/2020\\\/08\\\/logo-01.png\",\"contentUrl\":\"https:\\\/\\\/dariusmusic.hu\\\/wp-content\\\/uploads\\\/2020\\\/08\\\/logo-01.png\",\"width\":1000,\"height\":777,\"caption\":\"Darius Music Hangszer\u00fczlet \u00e9s jav\u00edt\u00f3m\u0171hely\"},\"image\":{\"@id\":\"https:\\\/\\\/dariusmusic.hu\\\/de\\\/#\\\/schema\\\/logo\\\/image\\\/\"}}]}<\/script>\n<!-- \/ Yoast SEO plugin. -->","yoast_head_json":{"title":"i Darius Music Musikgesch\u00e4ft - Havas Istv\u00e1n Meisterviola (39 cm) Budapest, 1932","description":"Darius Music Musikgesch\u00e4ft - Feine Instrumente - Havas Istv\u00e1n Meisterviola (39 cm) Budapest, 1932 - Erh\u00e4ltlich in unserem Shop!","robots":{"index":"index","follow":"follow","max-snippet":"max-snippet:-1","max-image-preview":"max-image-preview:large","max-video-preview":"max-video-preview:-1"},"canonical":"https:\/\/dariusmusic.hu\/de\/spezielles-instrument\/havas-istvan-meisterviola-39-cm\/","og_locale":"de_DE","og_type":"article","og_title":"i Darius Music Musikgesch\u00e4ft - Havas Istv\u00e1n Meisterviola (39 cm) Budapest, 1932","og_description":"Darius Music Musikgesch\u00e4ft - Feine Instrumente - Havas Istv\u00e1n Meisterviola (39 cm) Budapest, 1932 - Erh\u00e4ltlich in unserem Shop!","og_url":"https:\/\/dariusmusic.hu\/de\/spezielles-instrument\/havas-istvan-meisterviola-39-cm\/","og_site_name":"Darius Music Hangszer\u00fczlet \u00e9s jav\u00edt\u00f3m\u0171hely","article_modified_time":"2024-12-12T22:45:26+00:00","og_image":[{"width":1700,"height":2560,"url":"https:\/\/dariusmusic.hu\/wp-content\/uploads\/2020\/06\/DSC_0291-scaled.jpg","type":"image\/jpeg"}],"twitter_card":"summary_large_image","twitter_misc":{"Gesch\u00e4tzte Lesezeit":"1\u00a0Minute"},"schema":{"@context":"https:\/\/schema.org","@graph":[{"@type":"WebPage","@id":"https:\/\/dariusmusic.hu\/de\/spezielles-instrument\/havas-istvan-meisterviola-39-cm\/","url":"https:\/\/dariusmusic.hu\/de\/spezielles-instrument\/havas-istvan-meisterviola-39-cm\/","name":"i Darius Music Musikgesch\u00e4ft - Havas Istv\u00e1n Meisterviola (39 cm) Budapest, 1932","isPartOf":{"@id":"https:\/\/dariusmusic.hu\/de\/#website"},"primaryImageOfPage":{"@id":"https:\/\/dariusmusic.hu\/de\/spezielles-instrument\/havas-istvan-meisterviola-39-cm\/#primaryimage"},"image":{"@id":"https:\/\/dariusmusic.hu\/de\/spezielles-instrument\/havas-istvan-meisterviola-39-cm\/#primaryimage"},"thumbnailUrl":"https:\/\/dariusmusic.hu\/wp-content\/uploads\/2020\/06\/DSC_0291-scaled.jpg","datePublished":"2020-06-15T14:09:27+00:00","dateModified":"2024-12-12T22:45:26+00:00","description":"Darius Music Musikgesch\u00e4ft - Feine Instrumente - Havas Istv\u00e1n Meisterviola (39 cm) Budapest, 1932 - Erh\u00e4ltlich in unserem Shop!","breadcrumb":{"@id":"https:\/\/dariusmusic.hu\/de\/spezielles-instrument\/havas-istvan-meisterviola-39-cm\/#breadcrumb"},"inLanguage":"de","potentialAction":[{"@type":"ReadAction","target":["https:\/\/dariusmusic.hu\/de\/spezielles-instrument\/havas-istvan-meisterviola-39-cm\/"]}]},{"@type":"ImageObject","inLanguage":"de","@id":"https:\/\/dariusmusic.hu\/de\/spezielles-instrument\/havas-istvan-meisterviola-39-cm\/#primaryimage","url":"https:\/\/dariusmusic.hu\/wp-content\/uploads\/2020\/06\/DSC_0291-scaled.jpg","contentUrl":"https:\/\/dariusmusic.hu\/wp-content\/uploads\/2020\/06\/DSC_0291-scaled.jpg","width":1700,"height":2560,"caption":"Havas Istv\u00e1n master viola top"},{"@type":"BreadcrumbList","@id":"https:\/\/dariusmusic.hu\/de\/spezielles-instrument\/havas-istvan-meisterviola-39-cm\/#breadcrumb","itemListElement":[{"@type":"ListItem","position":1,"name":"Start","item":"https:\/\/dariusmusic.hu\/de\/"},{"@type":"ListItem","position":2,"name":"\u00dczlet","item":"https:\/\/dariusmusic.hu\/uzlet\/"},{"@type":"ListItem","position":3,"name":"Havas Istv\u00e1n Meisterviola (39 cm) Verkauft"}]},{"@type":"WebSite","@id":"https:\/\/dariusmusic.hu\/de\/#website","url":"https:\/\/dariusmusic.hu\/de\/","name":"Darius Music Hangszer\u00fczlet \u00e9s jav\u00edt\u00f3m\u0171hely","description":"Hangszer ad\u00e1s-v\u00e9tel \u00e9s hangszerjav\u00edt\u00e1s","publisher":{"@id":"https:\/\/dariusmusic.hu\/de\/#organization"},"potentialAction":[{"@type":"SearchAction","target":{"@type":"EntryPoint","urlTemplate":"https:\/\/dariusmusic.hu\/de\/?s={search_term_string}"},"query-input":{"@type":"PropertyValueSpecification","valueRequired":true,"valueName":"search_term_string"}}],"inLanguage":"de"},{"@type":"Organization","@id":"https:\/\/dariusmusic.hu\/de\/#organization","name":"Darius Music Hangszer\u00fczlet \u00e9s jav\u00edt\u00f3m\u0171hely","url":"https:\/\/dariusmusic.hu\/de\/","logo":{"@type":"ImageObject","inLanguage":"de","@id":"https:\/\/dariusmusic.hu\/de\/#\/schema\/logo\/image\/","url":"https:\/\/dariusmusic.hu\/wp-content\/uploads\/2020\/08\/logo-01.png","contentUrl":"https:\/\/dariusmusic.hu\/wp-content\/uploads\/2020\/08\/logo-01.png","width":1000,"height":777,"caption":"Darius Music Hangszer\u00fczlet \u00e9s jav\u00edt\u00f3m\u0171hely"},"image":{"@id":"https:\/\/dariusmusic.hu\/de\/#\/schema\/logo\/image\/"}}]}},"_links":{"self":[{"href":"https:\/\/dariusmusic.hu\/de\/wp-json\/wp\/v2\/product\/3806","targetHints":{"allow":["GET"]}}],"collection":[{"href":"https:\/\/dariusmusic.hu\/de\/wp-json\/wp\/v2\/product"}],"about":[{"href":"https:\/\/dariusmusic.hu\/de\/wp-json\/wp\/v2\/types\/product"}],"wp:featuredmedia":[{"embeddable":true,"href":"https:\/\/dariusmusic.hu\/de\/wp-json\/wp\/v2\/media\/3812"}],"wp:attachment":[{"href":"https:\/\/dariusmusic.hu\/de\/wp-json\/wp\/v2\/media?parent=3806"}],"wp:term":[{"taxonomy":"product_brand","embeddable":true,"href":"https:\/\/dariusmusic.hu\/de\/wp-json\/wp\/v2\/product_brand?post=3806"},{"taxonomy":"product_cat","embeddable":true,"href":"https:\/\/dariusmusic.hu\/de\/wp-json\/wp\/v2\/product_cat?post=3806"},{"taxonomy":"product_tag","embeddable":true,"href":"https:\/\/dariusmusic.hu\/de\/wp-json\/wp\/v2\/product_tag?post=3806"}],"curies":[{"name":"wp","href":"https:\/\/api.w.org\/{rel}","templated":true}]}}