{"id":2711,"date":"2019-08-20T09:52:40","date_gmt":"2019-08-20T09:52:40","guid":{"rendered":"https:\/\/dev-dariusmusic.pantheonsite.io\/kulonleges-hangszer\/unmarkierten-violinbogen\/"},"modified":"2025-02-19T16:00:09","modified_gmt":"2025-02-19T16:00:09","slug":"unmarkierten-violinbogen","status":"publish","type":"product","link":"https:\/\/dariusmusic.hu\/de\/spezielles-instrument\/unmarkierten-violinbogen\/","title":{"rendered":"<b>Unmarkierten Hermann Richard Pfretzschner<\/b> <br>Violinb\u00f6gen (Item no. 26)"},"content":{"rendered":"","protected":false},"excerpt":{"rendered":"<h2>Unmarkierten Hermann Richard Pfretzschner ViolinB\u00f6gen<\/h2>\n<p><em>Deutschland, ca. 1950<\/em><\/p>\n<p>Ausstattung: <strong>Silber \/ Ebenholz<\/strong><\/p>\n<p>Form: <strong>Rund<\/strong><\/p>\n<p>Gewicht: <strong>60,8 g<\/strong><\/p>\n<p>Gutachten: <strong>C. Hans-Karl Schmidt<\/strong><\/p>\n<p>Status:\u00a0 <em><span style=\"color: #6a2f1b;\"><strong>Verf\u00fcgbar<\/strong><\/span><\/em><\/p>\n","protected":false},"featured_media":3488,"template":"","meta":[],"product_brand":[],"product_cat":[181],"product_tag":[],"class_list":{"0":"post-2711","1":"product","2":"type-product","3":"status-publish","4":"has-post-thumbnail","6":"product_cat-violinboegen-ab3000e","8":"first","9":"instock","10":"shipping-taxable","11":"product-type-simple"},"yoast_head":"<!-- This site is optimized with the Yoast SEO plugin v27.3 - https:\/\/yoast.com\/product\/yoast-seo-wordpress\/ -->\n<title>D\u00e1rius Music | Franz\u00f6sisch Unmarkierten ViolinB\u00f6gen<\/title>\n<meta name=\"description\" content=\"Darius Music Hangszer\u00fczlet \u00e9s Jav\u00edt\u00f3m\u0171hely - K\u00fcl\u00f6nleges hangszerek - Franz\u00f6sisch Unmarkierten ViolinB\u00f6gen. Tekintse meg \u00fczlet\u00fcnkben!\" \/>\n<meta name=\"robots\" content=\"index, follow, max-snippet:-1, max-image-preview:large, max-video-preview:-1\" \/>\n<link rel=\"canonical\" href=\"https:\/\/dariusmusic.hu\/de\/spezielles-instrument\/unmarkierten-violinbogen\/\" \/>\n<meta property=\"og:locale\" content=\"de_DE\" \/>\n<meta property=\"og:type\" content=\"article\" \/>\n<meta property=\"og:title\" content=\"D\u00e1rius Music | Franz\u00f6sisch Unmarkierten ViolinB\u00f6gen\" \/>\n<meta property=\"og:description\" content=\"Darius Music Hangszer\u00fczlet \u00e9s Jav\u00edt\u00f3m\u0171hely - K\u00fcl\u00f6nleges hangszerek - Franz\u00f6sisch Unmarkierten ViolinB\u00f6gen. Tekintse meg \u00fczlet\u00fcnkben!\" \/>\n<meta property=\"og:url\" content=\"https:\/\/dariusmusic.hu\/de\/spezielles-instrument\/unmarkierten-violinbogen\/\" \/>\n<meta property=\"og:site_name\" content=\"Darius Music Hangszer\u00fczlet \u00e9s jav\u00edt\u00f3m\u0171hely\" \/>\n<meta property=\"article:modified_time\" content=\"2025-02-19T16:00:09+00:00\" \/>\n<meta property=\"og:image\" content=\"https:\/\/dariusmusic.hu\/wp-content\/uploads\/2019\/08\/26_jelzes_nelkuli_francia_01.jpg\" \/>\n\t<meta property=\"og:image:width\" content=\"1000\" \/>\n\t<meta property=\"og:image:height\" content=\"668\" \/>\n\t<meta property=\"og:image:type\" content=\"image\/jpeg\" \/>\n<meta name=\"twitter:card\" content=\"summary_large_image\" \/>\n<script type=\"application\/ld+json\" class=\"yoast-schema-graph\">{\"@context\":\"https:\\\/\\\/schema.org\",\"@graph\":[{\"@type\":\"WebPage\",\"@id\":\"https:\\\/\\\/dariusmusic.hu\\\/de\\\/spezielles-instrument\\\/unmarkierten-violinbogen\\\/\",\"url\":\"https:\\\/\\\/dariusmusic.hu\\\/de\\\/spezielles-instrument\\\/unmarkierten-violinbogen\\\/\",\"name\":\"D\u00e1rius Music | Franz\u00f6sisch Unmarkierten ViolinB\u00f6gen\",\"isPartOf\":{\"@id\":\"https:\\\/\\\/dariusmusic.hu\\\/de\\\/#website\"},\"primaryImageOfPage\":{\"@id\":\"https:\\\/\\\/dariusmusic.hu\\\/de\\\/spezielles-instrument\\\/unmarkierten-violinbogen\\\/#primaryimage\"},\"image\":{\"@id\":\"https:\\\/\\\/dariusmusic.hu\\\/de\\\/spezielles-instrument\\\/unmarkierten-violinbogen\\\/#primaryimage\"},\"thumbnailUrl\":\"https:\\\/\\\/dariusmusic.hu\\\/wp-content\\\/uploads\\\/2019\\\/08\\\/26_jelzes_nelkuli_francia_01.jpg\",\"datePublished\":\"2019-08-20T09:52:40+00:00\",\"dateModified\":\"2025-02-19T16:00:09+00:00\",\"description\":\"Darius Music Hangszer\u00fczlet \u00e9s Jav\u00edt\u00f3m\u0171hely - K\u00fcl\u00f6nleges hangszerek - Franz\u00f6sisch Unmarkierten ViolinB\u00f6gen. Tekintse meg \u00fczlet\u00fcnkben!\",\"breadcrumb\":{\"@id\":\"https:\\\/\\\/dariusmusic.hu\\\/de\\\/spezielles-instrument\\\/unmarkierten-violinbogen\\\/#breadcrumb\"},\"inLanguage\":\"de\",\"potentialAction\":[{\"@type\":\"ReadAction\",\"target\":[\"https:\\\/\\\/dariusmusic.hu\\\/de\\\/spezielles-instrument\\\/unmarkierten-violinbogen\\\/\"]}]},{\"@type\":\"ImageObject\",\"inLanguage\":\"de\",\"@id\":\"https:\\\/\\\/dariusmusic.hu\\\/de\\\/spezielles-instrument\\\/unmarkierten-violinbogen\\\/#primaryimage\",\"url\":\"https:\\\/\\\/dariusmusic.hu\\\/wp-content\\\/uploads\\\/2019\\\/08\\\/26_jelzes_nelkuli_francia_01.jpg\",\"contentUrl\":\"https:\\\/\\\/dariusmusic.hu\\\/wp-content\\\/uploads\\\/2019\\\/08\\\/26_jelzes_nelkuli_francia_01.jpg\",\"width\":1000,\"height\":668,\"caption\":\"French bow, no signed, head\"},{\"@type\":\"BreadcrumbList\",\"@id\":\"https:\\\/\\\/dariusmusic.hu\\\/de\\\/spezielles-instrument\\\/unmarkierten-violinbogen\\\/#breadcrumb\",\"itemListElement\":[{\"@type\":\"ListItem\",\"position\":1,\"name\":\"Start\",\"item\":\"https:\\\/\\\/dariusmusic.hu\\\/de\\\/\"},{\"@type\":\"ListItem\",\"position\":2,\"name\":\"\u00dczlet\",\"item\":\"https:\\\/\\\/dariusmusic.hu\\\/uzlet\\\/\"},{\"@type\":\"ListItem\",\"position\":3,\"name\":\"Unmarkierten Hermann Richard Pfretzschner Violinb\u00f6gen (Item no. 26)\"}]},{\"@type\":\"WebSite\",\"@id\":\"https:\\\/\\\/dariusmusic.hu\\\/de\\\/#website\",\"url\":\"https:\\\/\\\/dariusmusic.hu\\\/de\\\/\",\"name\":\"Darius Music Hangszer\u00fczlet \u00e9s jav\u00edt\u00f3m\u0171hely\",\"description\":\"Hangszer ad\u00e1s-v\u00e9tel \u00e9s hangszerjav\u00edt\u00e1s\",\"publisher\":{\"@id\":\"https:\\\/\\\/dariusmusic.hu\\\/de\\\/#organization\"},\"potentialAction\":[{\"@type\":\"SearchAction\",\"target\":{\"@type\":\"EntryPoint\",\"urlTemplate\":\"https:\\\/\\\/dariusmusic.hu\\\/de\\\/?s={search_term_string}\"},\"query-input\":{\"@type\":\"PropertyValueSpecification\",\"valueRequired\":true,\"valueName\":\"search_term_string\"}}],\"inLanguage\":\"de\"},{\"@type\":\"Organization\",\"@id\":\"https:\\\/\\\/dariusmusic.hu\\\/de\\\/#organization\",\"name\":\"Darius Music Hangszer\u00fczlet \u00e9s jav\u00edt\u00f3m\u0171hely\",\"url\":\"https:\\\/\\\/dariusmusic.hu\\\/de\\\/\",\"logo\":{\"@type\":\"ImageObject\",\"inLanguage\":\"de\",\"@id\":\"https:\\\/\\\/dariusmusic.hu\\\/de\\\/#\\\/schema\\\/logo\\\/image\\\/\",\"url\":\"https:\\\/\\\/dariusmusic.hu\\\/wp-content\\\/uploads\\\/2020\\\/08\\\/logo-01.png\",\"contentUrl\":\"https:\\\/\\\/dariusmusic.hu\\\/wp-content\\\/uploads\\\/2020\\\/08\\\/logo-01.png\",\"width\":1000,\"height\":777,\"caption\":\"Darius Music Hangszer\u00fczlet \u00e9s jav\u00edt\u00f3m\u0171hely\"},\"image\":{\"@id\":\"https:\\\/\\\/dariusmusic.hu\\\/de\\\/#\\\/schema\\\/logo\\\/image\\\/\"}}]}<\/script>\n<!-- \/ Yoast SEO plugin. -->","yoast_head_json":{"title":"D\u00e1rius Music | Franz\u00f6sisch Unmarkierten ViolinB\u00f6gen","description":"Darius Music Hangszer\u00fczlet \u00e9s Jav\u00edt\u00f3m\u0171hely - K\u00fcl\u00f6nleges hangszerek - Franz\u00f6sisch Unmarkierten ViolinB\u00f6gen. Tekintse meg \u00fczlet\u00fcnkben!","robots":{"index":"index","follow":"follow","max-snippet":"max-snippet:-1","max-image-preview":"max-image-preview:large","max-video-preview":"max-video-preview:-1"},"canonical":"https:\/\/dariusmusic.hu\/de\/spezielles-instrument\/unmarkierten-violinbogen\/","og_locale":"de_DE","og_type":"article","og_title":"D\u00e1rius Music | Franz\u00f6sisch Unmarkierten ViolinB\u00f6gen","og_description":"Darius Music Hangszer\u00fczlet \u00e9s Jav\u00edt\u00f3m\u0171hely - K\u00fcl\u00f6nleges hangszerek - Franz\u00f6sisch Unmarkierten ViolinB\u00f6gen. Tekintse meg \u00fczlet\u00fcnkben!","og_url":"https:\/\/dariusmusic.hu\/de\/spezielles-instrument\/unmarkierten-violinbogen\/","og_site_name":"Darius Music Hangszer\u00fczlet \u00e9s jav\u00edt\u00f3m\u0171hely","article_modified_time":"2025-02-19T16:00:09+00:00","og_image":[{"width":1000,"height":668,"url":"https:\/\/dariusmusic.hu\/wp-content\/uploads\/2019\/08\/26_jelzes_nelkuli_francia_01.jpg","type":"image\/jpeg"}],"twitter_card":"summary_large_image","schema":{"@context":"https:\/\/schema.org","@graph":[{"@type":"WebPage","@id":"https:\/\/dariusmusic.hu\/de\/spezielles-instrument\/unmarkierten-violinbogen\/","url":"https:\/\/dariusmusic.hu\/de\/spezielles-instrument\/unmarkierten-violinbogen\/","name":"D\u00e1rius Music | Franz\u00f6sisch Unmarkierten ViolinB\u00f6gen","isPartOf":{"@id":"https:\/\/dariusmusic.hu\/de\/#website"},"primaryImageOfPage":{"@id":"https:\/\/dariusmusic.hu\/de\/spezielles-instrument\/unmarkierten-violinbogen\/#primaryimage"},"image":{"@id":"https:\/\/dariusmusic.hu\/de\/spezielles-instrument\/unmarkierten-violinbogen\/#primaryimage"},"thumbnailUrl":"https:\/\/dariusmusic.hu\/wp-content\/uploads\/2019\/08\/26_jelzes_nelkuli_francia_01.jpg","datePublished":"2019-08-20T09:52:40+00:00","dateModified":"2025-02-19T16:00:09+00:00","description":"Darius Music Hangszer\u00fczlet \u00e9s Jav\u00edt\u00f3m\u0171hely - K\u00fcl\u00f6nleges hangszerek - Franz\u00f6sisch Unmarkierten ViolinB\u00f6gen. Tekintse meg \u00fczlet\u00fcnkben!","breadcrumb":{"@id":"https:\/\/dariusmusic.hu\/de\/spezielles-instrument\/unmarkierten-violinbogen\/#breadcrumb"},"inLanguage":"de","potentialAction":[{"@type":"ReadAction","target":["https:\/\/dariusmusic.hu\/de\/spezielles-instrument\/unmarkierten-violinbogen\/"]}]},{"@type":"ImageObject","inLanguage":"de","@id":"https:\/\/dariusmusic.hu\/de\/spezielles-instrument\/unmarkierten-violinbogen\/#primaryimage","url":"https:\/\/dariusmusic.hu\/wp-content\/uploads\/2019\/08\/26_jelzes_nelkuli_francia_01.jpg","contentUrl":"https:\/\/dariusmusic.hu\/wp-content\/uploads\/2019\/08\/26_jelzes_nelkuli_francia_01.jpg","width":1000,"height":668,"caption":"French bow, no signed, head"},{"@type":"BreadcrumbList","@id":"https:\/\/dariusmusic.hu\/de\/spezielles-instrument\/unmarkierten-violinbogen\/#breadcrumb","itemListElement":[{"@type":"ListItem","position":1,"name":"Start","item":"https:\/\/dariusmusic.hu\/de\/"},{"@type":"ListItem","position":2,"name":"\u00dczlet","item":"https:\/\/dariusmusic.hu\/uzlet\/"},{"@type":"ListItem","position":3,"name":"Unmarkierten Hermann Richard Pfretzschner Violinb\u00f6gen (Item no. 26)"}]},{"@type":"WebSite","@id":"https:\/\/dariusmusic.hu\/de\/#website","url":"https:\/\/dariusmusic.hu\/de\/","name":"Darius Music Hangszer\u00fczlet \u00e9s jav\u00edt\u00f3m\u0171hely","description":"Hangszer ad\u00e1s-v\u00e9tel \u00e9s hangszerjav\u00edt\u00e1s","publisher":{"@id":"https:\/\/dariusmusic.hu\/de\/#organization"},"potentialAction":[{"@type":"SearchAction","target":{"@type":"EntryPoint","urlTemplate":"https:\/\/dariusmusic.hu\/de\/?s={search_term_string}"},"query-input":{"@type":"PropertyValueSpecification","valueRequired":true,"valueName":"search_term_string"}}],"inLanguage":"de"},{"@type":"Organization","@id":"https:\/\/dariusmusic.hu\/de\/#organization","name":"Darius Music Hangszer\u00fczlet \u00e9s jav\u00edt\u00f3m\u0171hely","url":"https:\/\/dariusmusic.hu\/de\/","logo":{"@type":"ImageObject","inLanguage":"de","@id":"https:\/\/dariusmusic.hu\/de\/#\/schema\/logo\/image\/","url":"https:\/\/dariusmusic.hu\/wp-content\/uploads\/2020\/08\/logo-01.png","contentUrl":"https:\/\/dariusmusic.hu\/wp-content\/uploads\/2020\/08\/logo-01.png","width":1000,"height":777,"caption":"Darius Music Hangszer\u00fczlet \u00e9s jav\u00edt\u00f3m\u0171hely"},"image":{"@id":"https:\/\/dariusmusic.hu\/de\/#\/schema\/logo\/image\/"}}]}},"_links":{"self":[{"href":"https:\/\/dariusmusic.hu\/de\/wp-json\/wp\/v2\/product\/2711","targetHints":{"allow":["GET"]}}],"collection":[{"href":"https:\/\/dariusmusic.hu\/de\/wp-json\/wp\/v2\/product"}],"about":[{"href":"https:\/\/dariusmusic.hu\/de\/wp-json\/wp\/v2\/types\/product"}],"wp:featuredmedia":[{"embeddable":true,"href":"https:\/\/dariusmusic.hu\/de\/wp-json\/wp\/v2\/media\/3488"}],"wp:attachment":[{"href":"https:\/\/dariusmusic.hu\/de\/wp-json\/wp\/v2\/media?parent=2711"}],"wp:term":[{"taxonomy":"product_brand","embeddable":true,"href":"https:\/\/dariusmusic.hu\/de\/wp-json\/wp\/v2\/product_brand?post=2711"},{"taxonomy":"product_cat","embeddable":true,"href":"https:\/\/dariusmusic.hu\/de\/wp-json\/wp\/v2\/product_cat?post=2711"},{"taxonomy":"product_tag","embeddable":true,"href":"https:\/\/dariusmusic.hu\/de\/wp-json\/wp\/v2\/product_tag?post=2711"}],"curies":[{"name":"wp","href":"https:\/\/api.w.org\/{rel}","templated":true}]}}