{"id":2520,"date":"2019-06-18T12:43:02","date_gmt":"2019-06-18T12:43:02","guid":{"rendered":"https:\/\/dev-dariusmusic.pantheonsite.io\/kulonleges-hangszer\/j-g-thir-meistervioline-pressburg-1776\/"},"modified":"2022-07-27T14:32:00","modified_gmt":"2022-07-27T14:32:00","slug":"j-g-thir-meistervioline-wien-1776","status":"publish","type":"product","link":"https:\/\/dariusmusic.hu\/de\/spezielles-instrument\/j-g-thir-meistervioline-wien-1776\/","title":{"rendered":"J.G. Thir Meistervioline Wien, 1776 Verkauft"},"content":{"rendered":"","protected":false},"excerpt":{"rendered":"<h2>J.G. <strong>Thir<\/strong> Meistervioline<\/h2>\n<p><em>Wien, 1776<\/em><\/p>\n<p>Status: <em><span style=\"color: #6a2f1b;\"><strong>Verkauft<\/strong><\/span><\/em><\/p>\n","protected":false},"featured_media":2181,"template":"","meta":[],"product_brand":[],"product_cat":[197],"product_tag":[],"class_list":{"0":"post-2520","1":"product","2":"type-product","3":"status-publish","4":"has-post-thumbnail","6":"product_cat-meistervioline-8000-15000e","8":"first","9":"instock","10":"shipping-taxable","11":"product-type-simple"},"yoast_head":"<!-- This site is optimized with the Yoast SEO plugin v27.3 - https:\/\/yoast.com\/product\/yoast-seo-wordpress\/ -->\n<title>J.G. Thir Meistervioline Wien, 1776 Verkauft - Darius Music<\/title>\n<meta name=\"description\" content=\"Darius Music Musikgesch\u00e4ft - Feine Instrumente - J. G. Thir Meistervioline 1776 Wien. Erh\u00e4ltlich in unserem Shop!\" \/>\n<meta name=\"robots\" content=\"index, follow, max-snippet:-1, max-image-preview:large, max-video-preview:-1\" \/>\n<link rel=\"canonical\" href=\"https:\/\/dariusmusic.hu\/de\/spezielles-instrument\/j-g-thir-meistervioline-wien-1776\/\" \/>\n<meta property=\"og:locale\" content=\"de_DE\" \/>\n<meta property=\"og:type\" content=\"article\" \/>\n<meta property=\"og:title\" content=\"J.G. Thir Meistervioline Wien, 1776 Verkauft - Darius Music\" \/>\n<meta property=\"og:description\" content=\"Darius Music Musikgesch\u00e4ft - Feine Instrumente - J. G. Thir Meistervioline 1776 Wien. Erh\u00e4ltlich in unserem Shop!\" \/>\n<meta property=\"og:url\" content=\"https:\/\/dariusmusic.hu\/de\/spezielles-instrument\/j-g-thir-meistervioline-wien-1776\/\" \/>\n<meta property=\"og:site_name\" content=\"Darius Music Hangszer\u00fczlet \u00e9s jav\u00edt\u00f3m\u0171hely\" \/>\n<meta property=\"article:modified_time\" content=\"2022-07-27T14:32:00+00:00\" \/>\n<meta property=\"og:image\" content=\"https:\/\/dariusmusic.hu\/wp-content\/uploads\/2019\/06\/01-thir-antik-mesterhegedu.jpg\" \/>\n\t<meta property=\"og:image:width\" content=\"664\" \/>\n\t<meta property=\"og:image:height\" content=\"1000\" \/>\n\t<meta property=\"og:image:type\" content=\"image\/jpeg\" \/>\n<meta name=\"twitter:card\" content=\"summary_large_image\" \/>\n<script type=\"application\/ld+json\" class=\"yoast-schema-graph\">{\"@context\":\"https:\\\/\\\/schema.org\",\"@graph\":[{\"@type\":\"WebPage\",\"@id\":\"https:\\\/\\\/dariusmusic.hu\\\/de\\\/spezielles-instrument\\\/j-g-thir-meistervioline-wien-1776\\\/\",\"url\":\"https:\\\/\\\/dariusmusic.hu\\\/de\\\/spezielles-instrument\\\/j-g-thir-meistervioline-wien-1776\\\/\",\"name\":\"J.G. Thir Meistervioline Wien, 1776 Verkauft - Darius Music\",\"isPartOf\":{\"@id\":\"https:\\\/\\\/dariusmusic.hu\\\/de\\\/#website\"},\"primaryImageOfPage\":{\"@id\":\"https:\\\/\\\/dariusmusic.hu\\\/de\\\/spezielles-instrument\\\/j-g-thir-meistervioline-wien-1776\\\/#primaryimage\"},\"image\":{\"@id\":\"https:\\\/\\\/dariusmusic.hu\\\/de\\\/spezielles-instrument\\\/j-g-thir-meistervioline-wien-1776\\\/#primaryimage\"},\"thumbnailUrl\":\"https:\\\/\\\/dariusmusic.hu\\\/wp-content\\\/uploads\\\/2019\\\/06\\\/01-thir-antik-mesterhegedu.jpg\",\"datePublished\":\"2019-06-18T12:43:02+00:00\",\"dateModified\":\"2022-07-27T14:32:00+00:00\",\"description\":\"Darius Music Musikgesch\u00e4ft - Feine Instrumente - J. G. Thir Meistervioline 1776 Wien. Erh\u00e4ltlich in unserem Shop!\",\"breadcrumb\":{\"@id\":\"https:\\\/\\\/dariusmusic.hu\\\/de\\\/spezielles-instrument\\\/j-g-thir-meistervioline-wien-1776\\\/#breadcrumb\"},\"inLanguage\":\"de\",\"potentialAction\":[{\"@type\":\"ReadAction\",\"target\":[\"https:\\\/\\\/dariusmusic.hu\\\/de\\\/spezielles-instrument\\\/j-g-thir-meistervioline-wien-1776\\\/\"]}]},{\"@type\":\"ImageObject\",\"inLanguage\":\"de\",\"@id\":\"https:\\\/\\\/dariusmusic.hu\\\/de\\\/spezielles-instrument\\\/j-g-thir-meistervioline-wien-1776\\\/#primaryimage\",\"url\":\"https:\\\/\\\/dariusmusic.hu\\\/wp-content\\\/uploads\\\/2019\\\/06\\\/01-thir-antik-mesterhegedu.jpg\",\"contentUrl\":\"https:\\\/\\\/dariusmusic.hu\\\/wp-content\\\/uploads\\\/2019\\\/06\\\/01-thir-antik-mesterhegedu.jpg\",\"width\":664,\"height\":1000,\"caption\":\"J.G. Thir antik Meistervioline\"},{\"@type\":\"BreadcrumbList\",\"@id\":\"https:\\\/\\\/dariusmusic.hu\\\/de\\\/spezielles-instrument\\\/j-g-thir-meistervioline-wien-1776\\\/#breadcrumb\",\"itemListElement\":[{\"@type\":\"ListItem\",\"position\":1,\"name\":\"Start\",\"item\":\"https:\\\/\\\/dariusmusic.hu\\\/de\\\/\"},{\"@type\":\"ListItem\",\"position\":2,\"name\":\"\u00dczlet\",\"item\":\"https:\\\/\\\/dariusmusic.hu\\\/uzlet\\\/\"},{\"@type\":\"ListItem\",\"position\":3,\"name\":\"J.G. Thir Meistervioline Wien, 1776 Verkauft\"}]},{\"@type\":\"WebSite\",\"@id\":\"https:\\\/\\\/dariusmusic.hu\\\/de\\\/#website\",\"url\":\"https:\\\/\\\/dariusmusic.hu\\\/de\\\/\",\"name\":\"Darius Music Hangszer\u00fczlet \u00e9s jav\u00edt\u00f3m\u0171hely\",\"description\":\"Hangszer ad\u00e1s-v\u00e9tel \u00e9s hangszerjav\u00edt\u00e1s\",\"publisher\":{\"@id\":\"https:\\\/\\\/dariusmusic.hu\\\/de\\\/#organization\"},\"potentialAction\":[{\"@type\":\"SearchAction\",\"target\":{\"@type\":\"EntryPoint\",\"urlTemplate\":\"https:\\\/\\\/dariusmusic.hu\\\/de\\\/?s={search_term_string}\"},\"query-input\":{\"@type\":\"PropertyValueSpecification\",\"valueRequired\":true,\"valueName\":\"search_term_string\"}}],\"inLanguage\":\"de\"},{\"@type\":\"Organization\",\"@id\":\"https:\\\/\\\/dariusmusic.hu\\\/de\\\/#organization\",\"name\":\"Darius Music Hangszer\u00fczlet \u00e9s jav\u00edt\u00f3m\u0171hely\",\"url\":\"https:\\\/\\\/dariusmusic.hu\\\/de\\\/\",\"logo\":{\"@type\":\"ImageObject\",\"inLanguage\":\"de\",\"@id\":\"https:\\\/\\\/dariusmusic.hu\\\/de\\\/#\\\/schema\\\/logo\\\/image\\\/\",\"url\":\"https:\\\/\\\/dariusmusic.hu\\\/wp-content\\\/uploads\\\/2020\\\/08\\\/logo-01.png\",\"contentUrl\":\"https:\\\/\\\/dariusmusic.hu\\\/wp-content\\\/uploads\\\/2020\\\/08\\\/logo-01.png\",\"width\":1000,\"height\":777,\"caption\":\"Darius Music Hangszer\u00fczlet \u00e9s jav\u00edt\u00f3m\u0171hely\"},\"image\":{\"@id\":\"https:\\\/\\\/dariusmusic.hu\\\/de\\\/#\\\/schema\\\/logo\\\/image\\\/\"}}]}<\/script>\n<!-- \/ Yoast SEO plugin. -->","yoast_head_json":{"title":"J.G. Thir Meistervioline Wien, 1776 Verkauft - Darius Music","description":"Darius Music Musikgesch\u00e4ft - Feine Instrumente - J. G. Thir Meistervioline 1776 Wien. Erh\u00e4ltlich in unserem Shop!","robots":{"index":"index","follow":"follow","max-snippet":"max-snippet:-1","max-image-preview":"max-image-preview:large","max-video-preview":"max-video-preview:-1"},"canonical":"https:\/\/dariusmusic.hu\/de\/spezielles-instrument\/j-g-thir-meistervioline-wien-1776\/","og_locale":"de_DE","og_type":"article","og_title":"J.G. Thir Meistervioline Wien, 1776 Verkauft - Darius Music","og_description":"Darius Music Musikgesch\u00e4ft - Feine Instrumente - J. G. Thir Meistervioline 1776 Wien. Erh\u00e4ltlich in unserem Shop!","og_url":"https:\/\/dariusmusic.hu\/de\/spezielles-instrument\/j-g-thir-meistervioline-wien-1776\/","og_site_name":"Darius Music Hangszer\u00fczlet \u00e9s jav\u00edt\u00f3m\u0171hely","article_modified_time":"2022-07-27T14:32:00+00:00","og_image":[{"width":664,"height":1000,"url":"https:\/\/dariusmusic.hu\/wp-content\/uploads\/2019\/06\/01-thir-antik-mesterhegedu.jpg","type":"image\/jpeg"}],"twitter_card":"summary_large_image","schema":{"@context":"https:\/\/schema.org","@graph":[{"@type":"WebPage","@id":"https:\/\/dariusmusic.hu\/de\/spezielles-instrument\/j-g-thir-meistervioline-wien-1776\/","url":"https:\/\/dariusmusic.hu\/de\/spezielles-instrument\/j-g-thir-meistervioline-wien-1776\/","name":"J.G. Thir Meistervioline Wien, 1776 Verkauft - Darius Music","isPartOf":{"@id":"https:\/\/dariusmusic.hu\/de\/#website"},"primaryImageOfPage":{"@id":"https:\/\/dariusmusic.hu\/de\/spezielles-instrument\/j-g-thir-meistervioline-wien-1776\/#primaryimage"},"image":{"@id":"https:\/\/dariusmusic.hu\/de\/spezielles-instrument\/j-g-thir-meistervioline-wien-1776\/#primaryimage"},"thumbnailUrl":"https:\/\/dariusmusic.hu\/wp-content\/uploads\/2019\/06\/01-thir-antik-mesterhegedu.jpg","datePublished":"2019-06-18T12:43:02+00:00","dateModified":"2022-07-27T14:32:00+00:00","description":"Darius Music Musikgesch\u00e4ft - Feine Instrumente - J. G. Thir Meistervioline 1776 Wien. Erh\u00e4ltlich in unserem Shop!","breadcrumb":{"@id":"https:\/\/dariusmusic.hu\/de\/spezielles-instrument\/j-g-thir-meistervioline-wien-1776\/#breadcrumb"},"inLanguage":"de","potentialAction":[{"@type":"ReadAction","target":["https:\/\/dariusmusic.hu\/de\/spezielles-instrument\/j-g-thir-meistervioline-wien-1776\/"]}]},{"@type":"ImageObject","inLanguage":"de","@id":"https:\/\/dariusmusic.hu\/de\/spezielles-instrument\/j-g-thir-meistervioline-wien-1776\/#primaryimage","url":"https:\/\/dariusmusic.hu\/wp-content\/uploads\/2019\/06\/01-thir-antik-mesterhegedu.jpg","contentUrl":"https:\/\/dariusmusic.hu\/wp-content\/uploads\/2019\/06\/01-thir-antik-mesterhegedu.jpg","width":664,"height":1000,"caption":"J.G. Thir antik Meistervioline"},{"@type":"BreadcrumbList","@id":"https:\/\/dariusmusic.hu\/de\/spezielles-instrument\/j-g-thir-meistervioline-wien-1776\/#breadcrumb","itemListElement":[{"@type":"ListItem","position":1,"name":"Start","item":"https:\/\/dariusmusic.hu\/de\/"},{"@type":"ListItem","position":2,"name":"\u00dczlet","item":"https:\/\/dariusmusic.hu\/uzlet\/"},{"@type":"ListItem","position":3,"name":"J.G. Thir Meistervioline Wien, 1776 Verkauft"}]},{"@type":"WebSite","@id":"https:\/\/dariusmusic.hu\/de\/#website","url":"https:\/\/dariusmusic.hu\/de\/","name":"Darius Music Hangszer\u00fczlet \u00e9s jav\u00edt\u00f3m\u0171hely","description":"Hangszer ad\u00e1s-v\u00e9tel \u00e9s hangszerjav\u00edt\u00e1s","publisher":{"@id":"https:\/\/dariusmusic.hu\/de\/#organization"},"potentialAction":[{"@type":"SearchAction","target":{"@type":"EntryPoint","urlTemplate":"https:\/\/dariusmusic.hu\/de\/?s={search_term_string}"},"query-input":{"@type":"PropertyValueSpecification","valueRequired":true,"valueName":"search_term_string"}}],"inLanguage":"de"},{"@type":"Organization","@id":"https:\/\/dariusmusic.hu\/de\/#organization","name":"Darius Music Hangszer\u00fczlet \u00e9s jav\u00edt\u00f3m\u0171hely","url":"https:\/\/dariusmusic.hu\/de\/","logo":{"@type":"ImageObject","inLanguage":"de","@id":"https:\/\/dariusmusic.hu\/de\/#\/schema\/logo\/image\/","url":"https:\/\/dariusmusic.hu\/wp-content\/uploads\/2020\/08\/logo-01.png","contentUrl":"https:\/\/dariusmusic.hu\/wp-content\/uploads\/2020\/08\/logo-01.png","width":1000,"height":777,"caption":"Darius Music Hangszer\u00fczlet \u00e9s jav\u00edt\u00f3m\u0171hely"},"image":{"@id":"https:\/\/dariusmusic.hu\/de\/#\/schema\/logo\/image\/"}}]}},"_links":{"self":[{"href":"https:\/\/dariusmusic.hu\/de\/wp-json\/wp\/v2\/product\/2520","targetHints":{"allow":["GET"]}}],"collection":[{"href":"https:\/\/dariusmusic.hu\/de\/wp-json\/wp\/v2\/product"}],"about":[{"href":"https:\/\/dariusmusic.hu\/de\/wp-json\/wp\/v2\/types\/product"}],"wp:featuredmedia":[{"embeddable":true,"href":"https:\/\/dariusmusic.hu\/de\/wp-json\/wp\/v2\/media\/2181"}],"wp:attachment":[{"href":"https:\/\/dariusmusic.hu\/de\/wp-json\/wp\/v2\/media?parent=2520"}],"wp:term":[{"taxonomy":"product_brand","embeddable":true,"href":"https:\/\/dariusmusic.hu\/de\/wp-json\/wp\/v2\/product_brand?post=2520"},{"taxonomy":"product_cat","embeddable":true,"href":"https:\/\/dariusmusic.hu\/de\/wp-json\/wp\/v2\/product_cat?post=2520"},{"taxonomy":"product_tag","embeddable":true,"href":"https:\/\/dariusmusic.hu\/de\/wp-json\/wp\/v2\/product_tag?post=2520"}],"curies":[{"name":"wp","href":"https:\/\/api.w.org\/{rel}","templated":true}]}}