{"id":2178,"date":"2019-10-28T09:11:29","date_gmt":"2019-10-28T09:11:29","guid":{"rendered":"https:\/\/dev-dariusmusic.pantheonsite.io\/seite-nicht-gefunden\/"},"modified":"2020-05-21T07:23:15","modified_gmt":"2020-05-21T07:23:15","slug":"seite-nicht-gefunden","status":"publish","type":"page","link":"https:\/\/dariusmusic.hu\/de\/seite-nicht-gefunden\/","title":{"rendered":"Seite nicht gefunden"},"content":{"rendered":"\t\t<div data-elementor-type=\"wp-page\" data-elementor-id=\"2178\" class=\"elementor elementor-2178 elementor-1255\" data-elementor-post-type=\"page\">\n\t\t\t\t\t\t<section class=\"elementor-section elementor-top-section elementor-element elementor-element-742e41ee elementor-section-full_width elementor-section-height-min-height elementor-section-height-default elementor-section-items-middle\" data-id=\"742e41ee\" data-element_type=\"section\" data-e-type=\"section\" data-settings=\"{&quot;background_background&quot;:&quot;classic&quot;}\">\n\t\t\t\t\t\t<div class=\"elementor-container elementor-column-gap-default\">\n\t\t\t\t\t<div class=\"elementor-column elementor-col-100 elementor-top-column elementor-element elementor-element-6ad02541\" data-id=\"6ad02541\" data-element_type=\"column\" data-e-type=\"column\">\n\t\t\t<div class=\"elementor-widget-wrap elementor-element-populated\">\n\t\t\t\t\t\t<div class=\"elementor-element elementor-element-286d687 elementor-widget elementor-widget-spacer\" data-id=\"286d687\" data-element_type=\"widget\" data-e-type=\"widget\" data-widget_type=\"spacer.default\">\n\t\t\t\t<div class=\"elementor-widget-container\">\n\t\t\t\t\t\t\t<div class=\"elementor-spacer\">\n\t\t\t<div class=\"elementor-spacer-inner\"><\/div>\n\t\t<\/div>\n\t\t\t\t\t\t<\/div>\n\t\t\t\t<\/div>\n\t\t\t\t<div class=\"elementor-element elementor-element-a300675 elementor-widget elementor-widget-heading\" data-id=\"a300675\" data-element_type=\"widget\" data-e-type=\"widget\" data-widget_type=\"heading.default\">\n\t\t\t\t<div class=\"elementor-widget-container\">\n\t\t\t\t\t<h2 class=\"elementor-heading-title elementor-size-default\">404<\/h2>\t\t\t\t<\/div>\n\t\t\t\t<\/div>\n\t\t\t\t<div class=\"elementor-element elementor-element-945df2a elementor-widget elementor-widget-heading\" data-id=\"945df2a\" data-element_type=\"widget\" data-e-type=\"widget\" data-widget_type=\"heading.default\">\n\t\t\t\t<div class=\"elementor-widget-container\">\n\t\t\t\t\t<h2 class=\"elementor-heading-title elementor-size-default\">Seite nicht gefunden!<\/h2>\t\t\t\t<\/div>\n\t\t\t\t<\/div>\n\t\t\t\t<div class=\"elementor-element elementor-element-3b6878ab elementor-widget elementor-widget-text-editor\" data-id=\"3b6878ab\" data-element_type=\"widget\" data-e-type=\"widget\" data-widget_type=\"text-editor.default\">\n\t\t\t\t<div class=\"elementor-widget-container\">\n\t\t\t\t\t\t\t\t\t<p style=\"text-align: center;\">Sie k\u00f6nnen diese Seite aus folgenden Gr\u00fcnden sehen:<\/p>\n<p style=\"text-align: center;\"><strong>Die Seite wurde verschoben oder existiert nicht mehr<\/strong>.<\/p>\n\t\t\t\t\t\t\t\t<\/div>\n\t\t\t\t<\/div>\n\t\t\t\t<section class=\"elementor-section elementor-inner-section elementor-element elementor-element-90564fa elementor-section-boxed elementor-section-height-default elementor-section-height-default\" data-id=\"90564fa\" data-element_type=\"section\" data-e-type=\"section\">\n\t\t\t\t\t\t<div class=\"elementor-container elementor-column-gap-default\">\n\t\t\t\t\t<div class=\"elementor-column elementor-col-33 elementor-inner-column elementor-element elementor-element-c68e6cd\" data-id=\"c68e6cd\" data-element_type=\"column\" data-e-type=\"column\">\n\t\t\t<div class=\"elementor-widget-wrap elementor-element-populated\">\n\t\t\t\t\t\t<div class=\"elementor-element elementor-element-03e5834 elementor-align-justify elementor-widget elementor-widget-button\" data-id=\"03e5834\" data-element_type=\"widget\" data-e-type=\"widget\" data-widget_type=\"button.default\">\n\t\t\t\t<div class=\"elementor-widget-container\">\n\t\t\t\t\t\t\t\t\t<div class=\"elementor-button-wrapper\">\n\t\t\t\t\t<a class=\"elementor-button elementor-button-link elementor-size-md\" href=\"https:\/\/dariusmusic.hu\/de\/\">\n\t\t\t\t\t\t<span class=\"elementor-button-content-wrapper\">\n\t\t\t\t\t\t\t\t\t<span class=\"elementor-button-text\">Gehen Sie zur Hauptseite<\/span>\n\t\t\t\t\t<\/span>\n\t\t\t\t\t<\/a>\n\t\t\t\t<\/div>\n\t\t\t\t\t\t\t\t<\/div>\n\t\t\t\t<\/div>\n\t\t\t\t\t<\/div>\n\t\t<\/div>\n\t\t\t\t<div class=\"elementor-column elementor-col-33 elementor-inner-column elementor-element elementor-element-5c71f37\" data-id=\"5c71f37\" data-element_type=\"column\" data-e-type=\"column\">\n\t\t\t<div class=\"elementor-widget-wrap elementor-element-populated\">\n\t\t\t\t\t\t<div class=\"elementor-element elementor-element-b313c6c elementor-align-justify elementor-widget elementor-widget-button\" data-id=\"b313c6c\" data-element_type=\"widget\" data-e-type=\"widget\" data-widget_type=\"button.default\">\n\t\t\t\t<div class=\"elementor-widget-container\">\n\t\t\t\t\t\t\t\t\t<div class=\"elementor-button-wrapper\">\n\t\t\t\t\t<a class=\"elementor-button elementor-button-link elementor-size-md\" href=\"https:\/\/dariusmusic.hu\/de\/streichinstrumente\/\">\n\t\t\t\t\t\t<span class=\"elementor-button-content-wrapper\">\n\t\t\t\t\t\t\t\t\t<span class=\"elementor-button-text\">Spezielle Instrumente anzeigen<\/span>\n\t\t\t\t\t<\/span>\n\t\t\t\t\t<\/a>\n\t\t\t\t<\/div>\n\t\t\t\t\t\t\t\t<\/div>\n\t\t\t\t<\/div>\n\t\t\t\t\t<\/div>\n\t\t<\/div>\n\t\t\t\t<div class=\"elementor-column elementor-col-33 elementor-inner-column elementor-element elementor-element-18a9a49\" data-id=\"18a9a49\" data-element_type=\"column\" data-e-type=\"column\">\n\t\t\t<div class=\"elementor-widget-wrap elementor-element-populated\">\n\t\t\t\t\t\t<div class=\"elementor-element elementor-element-dcb3f72 elementor-align-justify elementor-widget elementor-widget-button\" data-id=\"dcb3f72\" data-element_type=\"widget\" data-e-type=\"widget\" data-widget_type=\"button.default\">\n\t\t\t\t<div class=\"elementor-widget-container\">\n\t\t\t\t\t\t\t\t\t<div class=\"elementor-button-wrapper\">\n\t\t\t\t\t<a class=\"elementor-button elementor-button-link elementor-size-md\" href=\"https:\/\/dariusmusic.eu\/de\/\">\n\t\t\t\t\t\t<span class=\"elementor-button-content-wrapper\">\n\t\t\t\t\t\t\t\t\t<span class=\"elementor-button-text\">Gehen Sie zum neuen Webshop<\/span>\n\t\t\t\t\t<\/span>\n\t\t\t\t\t<\/a>\n\t\t\t\t<\/div>\n\t\t\t\t\t\t\t\t<\/div>\n\t\t\t\t<\/div>\n\t\t\t\t\t<\/div>\n\t\t<\/div>\n\t\t\t\t\t<\/div>\n\t\t<\/section>\n\t\t\t\t\t<\/div>\n\t\t<\/div>\n\t\t\t\t\t<\/div>\n\t\t<\/section>\n\t\t\t\t<\/div>\n\t\t","protected":false},"excerpt":{"rendered":"<p>404 Seite nicht gefunden! Sie k\u00f6nnen diese Seite aus folgenden Gr\u00fcnden sehen: Die Seite wurde verschoben oder existiert nicht mehr. Gehen Sie zur Hauptseite Spezielle Instrumente anzeigen Gehen Sie zum neuen Webshop<\/p>\n","protected":false},"author":1,"featured_media":0,"parent":0,"menu_order":0,"comment_status":"closed","ping_status":"closed","template":"elementor_header_footer","meta":{"footnotes":""},"class_list":["post-2178","page","type-page","status-publish","hentry"],"yoast_head":"<!-- This site is optimized with the Yoast SEO plugin v27.3 - https:\/\/yoast.com\/product\/yoast-seo-wordpress\/ -->\n<title>404 Seite nicht gefunden - Darius Music<\/title>\n<meta name=\"description\" content=\"Diese Seite wird m\u00f6glicherweise aus folgenden Gr\u00fcnden angezeigt: die Seite ist umgezogen, die Seite existiert nicht mehr.\" \/>\n<meta name=\"robots\" content=\"index, follow, max-snippet:-1, max-image-preview:large, max-video-preview:-1\" \/>\n<link rel=\"canonical\" href=\"https:\/\/dariusmusic.hu\/de\/seite-nicht-gefunden\/\" \/>\n<meta property=\"og:locale\" content=\"de_DE\" \/>\n<meta property=\"og:type\" content=\"article\" \/>\n<meta property=\"og:title\" content=\"404 Seite nicht gefunden - Darius Music\" \/>\n<meta property=\"og:description\" content=\"Diese Seite wird m\u00f6glicherweise aus folgenden Gr\u00fcnden angezeigt: die Seite ist umgezogen, die Seite existiert nicht mehr.\" \/>\n<meta property=\"og:url\" content=\"https:\/\/dariusmusic.hu\/de\/seite-nicht-gefunden\/\" \/>\n<meta property=\"og:site_name\" content=\"Darius Music Hangszer\u00fczlet \u00e9s jav\u00edt\u00f3m\u0171hely\" \/>\n<meta property=\"article:modified_time\" content=\"2020-05-21T07:23:15+00:00\" \/>\n<meta name=\"twitter:card\" content=\"summary_large_image\" \/>\n<script type=\"application\/ld+json\" class=\"yoast-schema-graph\">{\"@context\":\"https:\\\/\\\/schema.org\",\"@graph\":[{\"@type\":\"WebPage\",\"@id\":\"https:\\\/\\\/dariusmusic.hu\\\/de\\\/seite-nicht-gefunden\\\/\",\"url\":\"https:\\\/\\\/dariusmusic.hu\\\/de\\\/seite-nicht-gefunden\\\/\",\"name\":\"404 Seite nicht gefunden - Darius Music\",\"isPartOf\":{\"@id\":\"https:\\\/\\\/dariusmusic.hu\\\/de\\\/#website\"},\"datePublished\":\"2019-10-28T09:11:29+00:00\",\"dateModified\":\"2020-05-21T07:23:15+00:00\",\"description\":\"Diese Seite wird m\u00f6glicherweise aus folgenden Gr\u00fcnden angezeigt: die Seite ist umgezogen, die Seite existiert nicht mehr.\",\"breadcrumb\":{\"@id\":\"https:\\\/\\\/dariusmusic.hu\\\/de\\\/seite-nicht-gefunden\\\/#breadcrumb\"},\"inLanguage\":\"de\",\"potentialAction\":[{\"@type\":\"ReadAction\",\"target\":[\"https:\\\/\\\/dariusmusic.hu\\\/de\\\/seite-nicht-gefunden\\\/\"]}]},{\"@type\":\"BreadcrumbList\",\"@id\":\"https:\\\/\\\/dariusmusic.hu\\\/de\\\/seite-nicht-gefunden\\\/#breadcrumb\",\"itemListElement\":[{\"@type\":\"ListItem\",\"position\":1,\"name\":\"Start\",\"item\":\"https:\\\/\\\/dariusmusic.hu\\\/de\\\/\"},{\"@type\":\"ListItem\",\"position\":2,\"name\":\"Seite nicht gefunden\"}]},{\"@type\":\"WebSite\",\"@id\":\"https:\\\/\\\/dariusmusic.hu\\\/de\\\/#website\",\"url\":\"https:\\\/\\\/dariusmusic.hu\\\/de\\\/\",\"name\":\"Darius Music Hangszer\u00fczlet \u00e9s jav\u00edt\u00f3m\u0171hely\",\"description\":\"Hangszer ad\u00e1s-v\u00e9tel \u00e9s hangszerjav\u00edt\u00e1s\",\"publisher\":{\"@id\":\"https:\\\/\\\/dariusmusic.hu\\\/de\\\/#organization\"},\"potentialAction\":[{\"@type\":\"SearchAction\",\"target\":{\"@type\":\"EntryPoint\",\"urlTemplate\":\"https:\\\/\\\/dariusmusic.hu\\\/de\\\/?s={search_term_string}\"},\"query-input\":{\"@type\":\"PropertyValueSpecification\",\"valueRequired\":true,\"valueName\":\"search_term_string\"}}],\"inLanguage\":\"de\"},{\"@type\":\"Organization\",\"@id\":\"https:\\\/\\\/dariusmusic.hu\\\/de\\\/#organization\",\"name\":\"Darius Music Hangszer\u00fczlet \u00e9s jav\u00edt\u00f3m\u0171hely\",\"url\":\"https:\\\/\\\/dariusmusic.hu\\\/de\\\/\",\"logo\":{\"@type\":\"ImageObject\",\"inLanguage\":\"de\",\"@id\":\"https:\\\/\\\/dariusmusic.hu\\\/de\\\/#\\\/schema\\\/logo\\\/image\\\/\",\"url\":\"https:\\\/\\\/dariusmusic.hu\\\/wp-content\\\/uploads\\\/2020\\\/08\\\/logo-01.png\",\"contentUrl\":\"https:\\\/\\\/dariusmusic.hu\\\/wp-content\\\/uploads\\\/2020\\\/08\\\/logo-01.png\",\"width\":1000,\"height\":777,\"caption\":\"Darius Music Hangszer\u00fczlet \u00e9s jav\u00edt\u00f3m\u0171hely\"},\"image\":{\"@id\":\"https:\\\/\\\/dariusmusic.hu\\\/de\\\/#\\\/schema\\\/logo\\\/image\\\/\"}}]}<\/script>\n<!-- \/ Yoast SEO plugin. -->","yoast_head_json":{"title":"404 Seite nicht gefunden - Darius Music","description":"Diese Seite wird m\u00f6glicherweise aus folgenden Gr\u00fcnden angezeigt: die Seite ist umgezogen, die Seite existiert nicht mehr.","robots":{"index":"index","follow":"follow","max-snippet":"max-snippet:-1","max-image-preview":"max-image-preview:large","max-video-preview":"max-video-preview:-1"},"canonical":"https:\/\/dariusmusic.hu\/de\/seite-nicht-gefunden\/","og_locale":"de_DE","og_type":"article","og_title":"404 Seite nicht gefunden - Darius Music","og_description":"Diese Seite wird m\u00f6glicherweise aus folgenden Gr\u00fcnden angezeigt: die Seite ist umgezogen, die Seite existiert nicht mehr.","og_url":"https:\/\/dariusmusic.hu\/de\/seite-nicht-gefunden\/","og_site_name":"Darius Music Hangszer\u00fczlet \u00e9s jav\u00edt\u00f3m\u0171hely","article_modified_time":"2020-05-21T07:23:15+00:00","twitter_card":"summary_large_image","schema":{"@context":"https:\/\/schema.org","@graph":[{"@type":"WebPage","@id":"https:\/\/dariusmusic.hu\/de\/seite-nicht-gefunden\/","url":"https:\/\/dariusmusic.hu\/de\/seite-nicht-gefunden\/","name":"404 Seite nicht gefunden - Darius Music","isPartOf":{"@id":"https:\/\/dariusmusic.hu\/de\/#website"},"datePublished":"2019-10-28T09:11:29+00:00","dateModified":"2020-05-21T07:23:15+00:00","description":"Diese Seite wird m\u00f6glicherweise aus folgenden Gr\u00fcnden angezeigt: die Seite ist umgezogen, die Seite existiert nicht mehr.","breadcrumb":{"@id":"https:\/\/dariusmusic.hu\/de\/seite-nicht-gefunden\/#breadcrumb"},"inLanguage":"de","potentialAction":[{"@type":"ReadAction","target":["https:\/\/dariusmusic.hu\/de\/seite-nicht-gefunden\/"]}]},{"@type":"BreadcrumbList","@id":"https:\/\/dariusmusic.hu\/de\/seite-nicht-gefunden\/#breadcrumb","itemListElement":[{"@type":"ListItem","position":1,"name":"Start","item":"https:\/\/dariusmusic.hu\/de\/"},{"@type":"ListItem","position":2,"name":"Seite nicht gefunden"}]},{"@type":"WebSite","@id":"https:\/\/dariusmusic.hu\/de\/#website","url":"https:\/\/dariusmusic.hu\/de\/","name":"Darius Music Hangszer\u00fczlet \u00e9s jav\u00edt\u00f3m\u0171hely","description":"Hangszer ad\u00e1s-v\u00e9tel \u00e9s hangszerjav\u00edt\u00e1s","publisher":{"@id":"https:\/\/dariusmusic.hu\/de\/#organization"},"potentialAction":[{"@type":"SearchAction","target":{"@type":"EntryPoint","urlTemplate":"https:\/\/dariusmusic.hu\/de\/?s={search_term_string}"},"query-input":{"@type":"PropertyValueSpecification","valueRequired":true,"valueName":"search_term_string"}}],"inLanguage":"de"},{"@type":"Organization","@id":"https:\/\/dariusmusic.hu\/de\/#organization","name":"Darius Music Hangszer\u00fczlet \u00e9s jav\u00edt\u00f3m\u0171hely","url":"https:\/\/dariusmusic.hu\/de\/","logo":{"@type":"ImageObject","inLanguage":"de","@id":"https:\/\/dariusmusic.hu\/de\/#\/schema\/logo\/image\/","url":"https:\/\/dariusmusic.hu\/wp-content\/uploads\/2020\/08\/logo-01.png","contentUrl":"https:\/\/dariusmusic.hu\/wp-content\/uploads\/2020\/08\/logo-01.png","width":1000,"height":777,"caption":"Darius Music Hangszer\u00fczlet \u00e9s jav\u00edt\u00f3m\u0171hely"},"image":{"@id":"https:\/\/dariusmusic.hu\/de\/#\/schema\/logo\/image\/"}}]}},"_links":{"self":[{"href":"https:\/\/dariusmusic.hu\/de\/wp-json\/wp\/v2\/pages\/2178","targetHints":{"allow":["GET"]}}],"collection":[{"href":"https:\/\/dariusmusic.hu\/de\/wp-json\/wp\/v2\/pages"}],"about":[{"href":"https:\/\/dariusmusic.hu\/de\/wp-json\/wp\/v2\/types\/page"}],"author":[{"embeddable":true,"href":"https:\/\/dariusmusic.hu\/de\/wp-json\/wp\/v2\/users\/1"}],"replies":[{"embeddable":true,"href":"https:\/\/dariusmusic.hu\/de\/wp-json\/wp\/v2\/comments?post=2178"}],"version-history":[{"count":0,"href":"https:\/\/dariusmusic.hu\/de\/wp-json\/wp\/v2\/pages\/2178\/revisions"}],"wp:attachment":[{"href":"https:\/\/dariusmusic.hu\/de\/wp-json\/wp\/v2\/media?parent=2178"}],"curies":[{"name":"wp","href":"https:\/\/api.w.org\/{rel}","templated":true}]}}